{"id":84545,"date":"2024-07-29T18:28:49","date_gmt":"2024-07-29T16:28:49","guid":{"rendered":"http:\/\/microscopistas.com\/?post_type=product&#038;p=84545"},"modified":"2024-07-29T18:28:49","modified_gmt":"2024-07-29T16:28:49","slug":"kit-de-polarizador-analizador-magus-spd1","status":"publish","type":"product","link":"https:\/\/microscopistas.com\/en\/producto\/kit-de-polarizador-analizador-magus-spd1\/","title":{"rendered":"Kit de polarizador\/analizador MAGUS SPD1"},"content":{"rendered":"<p><strong>Kit de polarizador\/analizador MAGUS SPD1<\/strong><\/p>\n<p><strong>Para observaciones con luz polarizada<\/strong><\/p>\n<p>Este dispositivo de polarizaci\u00f3n est\u00e1 dise\u00f1ado para hacer observaciones con luz polarizada. Consta de un polarizador y un analizador: El polarizador se coloca en la lente colectora y el analizador se instala encima del rev\u00f3lver giratorio. El polarizador puede girar 90\u00b0. Dependiendo de c\u00f3mo est\u00e9n orientados entre s\u00ed el polarizador y el analizador, la intensidad de la luz transmitida puede cambiar. Si est\u00e1n dispuestos perpendicularmente entre s\u00ed, se produce un efecto de oscurecimiento total.<\/p>\n<p>La luz polarizada se utiliza para observar muestras anis\u00f3tropas de tipo geol\u00f3gico, biol\u00f3gico y de pol\u00edmeros.<\/p>\n<p><strong>Compatibilidad:<br \/><\/strong>Microscopio biol\u00f3gico MAGUS Bio 230B<br \/>Microscopio biol\u00f3gico MAGUS Bio 230BL<br \/>Microscopio biol\u00f3gico MAGUS Bio 230T<br \/>Microscopio biol\u00f3gico MAGUS Bio 230TL<br \/>Microscopio biol\u00f3gico MAGUS Bio 250B<br \/>Microscopio biol\u00f3gico MAGUS Bio 250BL<br \/>Microscopio biol\u00f3gico MAGUS Bio 250T<br \/>Microscopio biol\u00f3gico MAGUS Bio 250TL<br \/>Microscopio de fluorescencia MAGUS Lum 400<br \/>Microscopio de fluorescencia MAGUS Lum 400L<\/p>\n<table>\n<tbody>\n<tr>\n<td>Marca<\/td>\n<td>MAGUS<\/td>\n<\/tr>\n<tr>\n<td>Garant\u00eda<\/td>\n<td>2 \u0433\u043e\u0434\u0430<\/td>\n<\/tr>\n<tr>\n<td>EAN<\/td>\n<td>5905555019116<\/td>\n<\/tr>\n<tr>\n<td>Tama\u00f1o de paquete (LxAn.xAl.)<\/td>\n<td>5x8x5 cm<\/td>\n<\/tr>\n<tr>\n<td>Peso del env\u00edo<\/td>\n<td>0.045 kg<\/td>\n<\/tr>\n<\/tbody>\n<\/table>\n","protected":false},"excerpt":{"rendered":"<p>Estos dispositivos de polarizaci\u00f3n se utilizan para observaciones con luz polarizada. El kit incluye un polarizador giratorio (rotaci\u00f3n de 90\u00b0) que se coloca en la lente colectora y un analizador que se instala en una ranura situada encima del rev\u00f3lver giratorio. La intensidad de la iluminaci\u00f3n depende de la disposici\u00f3n relativa de estos dos componentes. Cuando son perpendiculares entre s\u00ed, la muestra queda completamente a oscuras.<\/p>\n","protected":false},"featured_media":82993,"template":"","meta":{"_exactmetrics_skip_tracking":false,"_exactmetrics_sitenote_active":false,"_exactmetrics_sitenote_note":"","_exactmetrics_sitenote_category":0},"product_brand":[],"product_cat":[],"product_tag":[],"class_list":{"0":"post-84545","1":"product","2":"type-product","3":"status-publish","4":"has-post-thumbnail","7":"first","8":"instock","9":"taxable","10":"shipping-taxable","11":"purchasable","12":"product-type-simple"},"_links":{"self":[{"href":"https:\/\/microscopistas.com\/en\/wp-json\/wp\/v2\/product\/84545","targetHints":{"allow":["GET"]}}],"collection":[{"href":"https:\/\/microscopistas.com\/en\/wp-json\/wp\/v2\/product"}],"about":[{"href":"https:\/\/microscopistas.com\/en\/wp-json\/wp\/v2\/types\/product"}],"wp:featuredmedia":[{"embeddable":true,"href":"https:\/\/microscopistas.com\/en\/wp-json\/wp\/v2\/media\/82993"}],"wp:attachment":[{"href":"https:\/\/microscopistas.com\/en\/wp-json\/wp\/v2\/media?parent=84545"}],"wp:term":[{"taxonomy":"product_brand","embeddable":true,"href":"https:\/\/microscopistas.com\/en\/wp-json\/wp\/v2\/product_brand?post=84545"},{"taxonomy":"product_cat","embeddable":true,"href":"https:\/\/microscopistas.com\/en\/wp-json\/wp\/v2\/product_cat?post=84545"},{"taxonomy":"product_tag","embeddable":true,"href":"https:\/\/microscopistas.com\/en\/wp-json\/wp\/v2\/product_tag?post=84545"}],"curies":[{"name":"wp","href":"https:\/\/api.w.org\/{rel}","templated":true}]}}