{"id":84544,"date":"2024-07-29T18:28:49","date_gmt":"2024-07-29T16:28:49","guid":{"rendered":"http:\/\/microscopistas.com\/?post_type=product&#038;p=84544"},"modified":"2024-07-29T18:28:49","modified_gmt":"2024-07-29T16:28:49","slug":"dispositivo-de-contraste-de-fases-magus-ph1","status":"publish","type":"product","link":"https:\/\/microscopistas.com\/en\/producto\/dispositivo-de-contraste-de-fases-magus-ph1\/","title":{"rendered":"Dispositivo de contraste de fases MAGUS PH1"},"content":{"rendered":"<p><strong>Dispositivo de contraste de fases MAGUS PH1<\/strong><\/p>\n<p><strong>Para microscop\u00eda de contraste de fases <\/strong><\/p>\n<p>El dispositivo de contraste de fases se utiliza para observar muestras transparentes de bajo contraste que son invisibles cuando se utiliza la t\u00e9cnica de microscop\u00eda de campo claro. La tinci\u00f3n mata las c\u00e9lulas vivas. La principal ventaja de la t\u00e9cnica de microscop\u00eda de contraste de fases es la posibilidad de estudiar organismos vivos sin te\u00f1ir en su estado natural. Este m\u00e9todo se utiliza en medicina, ecolog\u00eda, farmacolog\u00eda, agricultura y otros \u00e1mbitos.<\/p>\n<p>El condensador de contraste de fases se instala en sustituci\u00f3n del condensador de campo claro. La torreta del condensador tiene placas anulares. La abertura se puede ajustar de acuerdo con el objetivo seleccionado. Se coloca un anillo de fase en el plano de la pupila de salida del objetivo. Mediante un telescopio de centrado, se pueden alinear los anillos de diafragma del condensador con los anillos de fase del objetivo.<\/p>\n<p><strong>Compatibilidad:<br \/><\/strong>Microscopio biol\u00f3gico MAGUS Bio 230B<br \/>Microscopio biol\u00f3gico MAGUS Bio 230BL<br \/>Microscopio biol\u00f3gico MAGUS Bio 230T<br \/>Microscopio biol\u00f3gico MAGUS Bio 230TL<br \/>Microscopio biol\u00f3gico MAGUS Bio 250B<br \/>Microscopio biol\u00f3gico MAGUS Bio 250BL<br \/>Microscopio biol\u00f3gico MAGUS Bio 250T<br \/>Microscopio biol\u00f3gico MAGUS Bio 250TL<br \/>Microscopio de fluorescencia MAGUS Lum 400<br \/>Microscopio de fluorescencia MAGUS Lum 400L<\/p>\n<p><strong>Accesorios:<br \/><\/strong>Condensador de contraste de fases<br \/>Objetivo plano acrom\u00e1tico de contraste de fases corregido al infinito: 10x\/0,25 PHP<br \/>Objetivo plano acrom\u00e1tico de contraste de fases corregido al infinito: 20x\/0,40 PHP<br \/>Objetivo plano acrom\u00e1tico de contraste de fases corregido al infinito: 40x\/0,65 PHP (con mecanismo de resorte)<br \/>Objetivo plano acrom\u00e1tico de contraste de fases corregido al infinito: 100x\/1,25 PHP (con mecanismo de resorte, aceite)<br \/>Telescopio de centrado<br \/>Filtro azul<br \/>Filtro verde<br \/>Filtro amarillo<br \/>Filtro mate<br \/>Frasco de aceite de inmersi\u00f3n<\/p>\n<p><strong>Especificaciones:<br \/> Objetivos: plano acrom\u00e1tico de contraste de fases: 10x\/0,25 PHP, 20x\/0,40 PHP, 40x\/0,65 PHP, 100x\/1,25 PHP (aceite)<br \/> Mecanismo de resorte: 40x, 100x<br \/> Tipo de montura: montura de cola de milano<\/p>\n<table>\n<tbody>\n<tr>\n<td>Marca<\/td>\n<td>MAGUS<\/td>\n<\/tr>\n<tr>\n<td>Garant\u00eda<\/td>\n<td>2 \u0433\u043e\u0434\u0430<\/td>\n<\/tr>\n<tr>\n<td>EAN<\/td>\n<td>5905555019109<\/td>\n<\/tr>\n<tr>\n<td>Tama\u00f1o de paquete (LxAn.xAl.)<\/td>\n<td>12x23x17 cm<\/td>\n<\/tr>\n<tr>\n<td>Peso del env\u00edo<\/td>\n<td>1.2 kg<\/td>\n<\/tr>\n<\/tbody>\n<\/table>\n","protected":false},"excerpt":{"rendered":"<p>Este dispositivo de contraste de fases tiene cuatro objetivos plano acrom\u00e1ticos de contraste de fases, incluido un objetivo de inmersi\u00f3n en aceite de 100x\/1,25. Los objetivos con un aumento de 40x y 100x tienen cuerpo retr\u00e1ctil para protegerlos en caso de golpes accidentales. El kit tambi\u00e9n incluye cuatro filtros (amarillo, azul, verde, mate). El dispositivo est\u00e1 dise\u00f1ado para estudiar muestras transparentes, principalmente c\u00e9lulas vivas sin te\u00f1ir, pues la tinci\u00f3n es perjudicial para las c\u00e9lulas. <\/p>\n","protected":false},"featured_media":82990,"template":"","meta":{"_exactmetrics_skip_tracking":false,"_exactmetrics_sitenote_active":false,"_exactmetrics_sitenote_note":"","_exactmetrics_sitenote_category":0},"product_brand":[],"product_cat":[],"product_tag":[],"class_list":{"0":"post-84544","1":"product","2":"type-product","3":"status-publish","4":"has-post-thumbnail","7":"first","8":"instock","9":"taxable","10":"shipping-taxable","11":"purchasable","12":"product-type-simple"},"_links":{"self":[{"href":"https:\/\/microscopistas.com\/en\/wp-json\/wp\/v2\/product\/84544","targetHints":{"allow":["GET"]}}],"collection":[{"href":"https:\/\/microscopistas.com\/en\/wp-json\/wp\/v2\/product"}],"about":[{"href":"https:\/\/microscopistas.com\/en\/wp-json\/wp\/v2\/types\/product"}],"wp:featuredmedia":[{"embeddable":true,"href":"https:\/\/microscopistas.com\/en\/wp-json\/wp\/v2\/media\/82990"}],"wp:attachment":[{"href":"https:\/\/microscopistas.com\/en\/wp-json\/wp\/v2\/media?parent=84544"}],"wp:term":[{"taxonomy":"product_brand","embeddable":true,"href":"https:\/\/microscopistas.com\/en\/wp-json\/wp\/v2\/product_brand?post=84544"},{"taxonomy":"product_cat","embeddable":true,"href":"https:\/\/microscopistas.com\/en\/wp-json\/wp\/v2\/product_cat?post=84544"},{"taxonomy":"product_tag","embeddable":true,"href":"https:\/\/microscopistas.com\/en\/wp-json\/wp\/v2\/product_tag?post=84544"}],"curies":[{"name":"wp","href":"https:\/\/api.w.org\/{rel}","templated":true}]}}