{"id":84543,"date":"2024-07-29T18:28:48","date_gmt":"2024-07-29T16:28:48","guid":{"rendered":"http:\/\/microscopistas.com\/?post_type=product&#038;p=84543"},"modified":"2024-07-29T18:28:48","modified_gmt":"2024-07-29T16:28:48","slug":"deslizador-de-campo-oscuro-magus-dfs1","status":"publish","type":"product","link":"https:\/\/microscopistas.com\/en\/producto\/deslizador-de-campo-oscuro-magus-dfs1\/","title":{"rendered":"Deslizador de campo oscuro MAGUS DFS1"},"content":{"rendered":"<p><strong>Deslizador de campo oscuro MAGUS DFS1<\/strong><\/p>\n<p><strong>Para la t\u00e9cnica de microscop\u00eda de campo oscuro\u00a0\u00a0 <\/strong><\/p>\n<p>El deslizador de campo oscuro se utiliza para la t\u00e9cnica de microscop\u00eda de campo oscuro. La microscop\u00eda de campo oscuro se utiliza para estudiar muestras transparentes sin te\u00f1ir. Estas muestras absorben la luz de forma d\u00e9bil, por lo que no son visibles cuando se observan mediante la t\u00e9cnica de microscop\u00eda de campo claro.<\/p>\n<p>La placa de campo oscuro es una placa con dos posiciones. Hay una posici\u00f3n libre para utilizarla con la microscop\u00eda de campo claro. La segunda posici\u00f3n tiene un diafragma de campo oscuro integrado en ella. La placa se instala en la ranura del condensador Abbe y se utiliza en lugar de un condensador de campo oscuro de uso en seco para objetivos con aberturas de hasta 0,9. La placa facilita el cambio desde una t\u00e9cnica de microscop\u00eda a otra.<\/p>\n<p>Para obtener una imagen de contraste de la muestra mediante la t\u00e9cnica de microscop\u00eda de campo oscuro, se recomienda utilizar un cubreobjetos de 0,17\u00a0mm de espesor y un portaobjetos de 1,2\u00a0mm de espesor.<\/p>\n<p><strong>Compatibilidad:<br \/><\/strong>Microscopio biol\u00f3gico MAGUS Bio 230B<br \/>Microscopio biol\u00f3gico MAGUS Bio 230BL<br \/>Microscopio biol\u00f3gico MAGUS Bio 230T<br \/>Microscopio biol\u00f3gico MAGUS Bio 230TL<br \/>Microscopio biol\u00f3gico MAGUS Bio 250B<br \/>Microscopio biol\u00f3gico MAGUS Bio 250BL<br \/>Microscopio biol\u00f3gico MAGUS Bio 250T<br \/>Microscopio biol\u00f3gico MAGUS Bio 250TL<br \/>Microscopio de fluorescencia MAGUS Lum 400<br \/>Microscopio de fluorescencia MAGUS Lum 400L<\/p>\n<table>\n<tbody>\n<tr>\n<td>Marca<\/td>\n<td>MAGUS<\/td>\n<\/tr>\n<tr>\n<td>Garant\u00eda<\/td>\n<td>2 \u0433\u043e\u0434\u0430<\/td>\n<\/tr>\n<tr>\n<td>EAN<\/td>\n<td>5905555019093<\/td>\n<\/tr>\n<tr>\n<td>Tama\u00f1o de paquete (LxAn.xAl.)<\/td>\n<td>4x12x4 cm<\/td>\n<\/tr>\n<tr>\n<td>Peso del env\u00edo<\/td>\n<td>0.045 kg<\/td>\n<\/tr>\n<\/tbody>\n<\/table>\n","protected":false},"excerpt":{"rendered":"<p>Esta placa de campo oscuro est\u00e1 pensada para usar con microscopios MAGUS. Est\u00e1 dise\u00f1ada para estudiar muestras transparentes sin te\u00f1ir que solo se pueden ver mediante la t\u00e9cnica de campo oscuro. La placa tiene dos orificios: uno tiene una abertura de campo oscuro integrada y el otro est\u00e1 libre para ser utilizado con la t\u00e9cnica de campo claro. Gracias a este dise\u00f1o, el usuario puede cambiar r\u00e1pidamente desde una t\u00e9cnica de microscop\u00eda a otra.<\/p>\n","protected":false},"featured_media":82987,"template":"","meta":{"_exactmetrics_skip_tracking":false,"_exactmetrics_sitenote_active":false,"_exactmetrics_sitenote_note":"","_exactmetrics_sitenote_category":0},"product_brand":[],"product_cat":[],"product_tag":[],"class_list":{"0":"post-84543","1":"product","2":"type-product","3":"status-publish","4":"has-post-thumbnail","7":"first","8":"instock","9":"taxable","10":"shipping-taxable","11":"purchasable","12":"product-type-simple"},"_links":{"self":[{"href":"https:\/\/microscopistas.com\/en\/wp-json\/wp\/v2\/product\/84543","targetHints":{"allow":["GET"]}}],"collection":[{"href":"https:\/\/microscopistas.com\/en\/wp-json\/wp\/v2\/product"}],"about":[{"href":"https:\/\/microscopistas.com\/en\/wp-json\/wp\/v2\/types\/product"}],"wp:featuredmedia":[{"embeddable":true,"href":"https:\/\/microscopistas.com\/en\/wp-json\/wp\/v2\/media\/82987"}],"wp:attachment":[{"href":"https:\/\/microscopistas.com\/en\/wp-json\/wp\/v2\/media?parent=84543"}],"wp:term":[{"taxonomy":"product_brand","embeddable":true,"href":"https:\/\/microscopistas.com\/en\/wp-json\/wp\/v2\/product_brand?post=84543"},{"taxonomy":"product_cat","embeddable":true,"href":"https:\/\/microscopistas.com\/en\/wp-json\/wp\/v2\/product_cat?post=84543"},{"taxonomy":"product_tag","embeddable":true,"href":"https:\/\/microscopistas.com\/en\/wp-json\/wp\/v2\/product_tag?post=84543"}],"curies":[{"name":"wp","href":"https:\/\/api.w.org\/{rel}","templated":true}]}}