{"id":84542,"date":"2024-07-29T18:28:48","date_gmt":"2024-07-29T16:28:48","guid":{"rendered":"http:\/\/microscopistas.com\/?post_type=product&#038;p=84542"},"modified":"2024-07-29T18:28:48","modified_gmt":"2024-07-29T16:28:48","slug":"condensador-de-inmersion-en-aceite-de-campo-oscuro-magus-df2-a-136-125","status":"publish","type":"product","link":"https:\/\/microscopistas.com\/en\/producto\/condensador-de-inmersion-en-aceite-de-campo-oscuro-magus-df2-a-136-125\/","title":{"rendered":"Condensador de inmersi\u00f3n en aceite de campo oscuro MAGUS DF2 A 1,36\u20131,25"},"content":{"rendered":"<p><strong>Condensador de inmersi&#038;oacute n en aceite de campo oscuro MAGUS DF2 A 1,36&#038;ndash 1,25<\/strong><\/p>\n<p><strong>Para la t&#038;eacute cnica de microscop&#038;iacute a de campo oscuro&#038;nbsp &#038;nbsp  <\/strong><\/p>\n<p>El condensador de campo oscuro se utiliza para la t&#038;eacute cnica de microscop&#038;iacute a de campo oscuro. La microscop&#038;iacute a de campo oscuro se utiliza para estudiar muestras transparentes sin te&#038;ntilde ir. Estas muestras absorben la luz de forma d&#038;eacute bil, por lo que no son visibles cuando se observan mediante la t&#038;eacute cnica de microscop&#038;iacute a de campo claro.<\/p>\n<p>Para utilizar el condensador de campo oscuro, se debe combinar con un objetivo cuya N.A. (abertura num&#038;eacute rica) sea menor que la del condensador. La abertura del condensador de inmersi&#038;oacute n en aceite es de 1,36&#038;nbsp a&#038;nbsp 1,25  por ello el condensador trabaja con objetivos de 20x y aumentos mayores.<\/p>\n<p>El condensador requiere utilizar aceite de inmersi&#038;oacute n entre la lente del condensador y el portaobjetos, tanto para objetivos de observaci&#038;oacute n en seco como para objetivos de inmersi&#038;oacute n. La ausencia de aceite de inmersi&#038;oacute n en la lente del condensador impide que los rayos de luz lleguen a la muestra.<\/p>\n<p>El condensador de campo oscuro se instala en el cuerpo del microscopio en sustituci&#038;oacute n del condensador Abbe. El condensador tiene dos tornillos de centrado para alinear correctamente el halo de iluminaci&#038;oacute n.<\/p>\n<p>Para obtener una imagen de contraste de la muestra mediante la t&#038;eacute cnica de microscop&#038;iacute a de campo oscuro, se recomienda utilizar un cubreobjetos de 0,17&#038;nbsp mm de espesor y un portaobjetos de 1&#038;nbsp a&#038;nbsp 1,2&#038;nbsp mm de espesor.<\/p>\n<p><strong>Compatibilidad:<br \/><\/strong>Microscopio biol&#038;oacute gico MAGUS Bio 230B<br \/>Microscopio biol&#038;oacute gico MAGUS Bio 230BL<br \/>Microscopio biol&#038;oacute gico MAGUS Bio 230T<br \/>Microscopio biol&#038;oacute gico MAGUS Bio 230TL<br \/>Microscopio biol&#038;oacute gico MAGUS Bio 250B<br \/>Microscopio biol&#038;oacute gico MAGUS Bio 250BL<br \/>Microscopio biol&#038;oacute gico MAGUS Bio 250T<br \/>Microscopio biol&#038;oacute gico MAGUS Bio 250TL<br \/>Microscopio de fluorescencia MAGUS Lum 400<br \/>Microscopio de fluorescencia MAGUS Lum 400L<\/p>\n<p><strong>Especificaciones:<br \/>N.A.: 1,36&#038;ndash 1,25<br \/>Medio de inmersi&#038;oacute n: aceite<br \/>Objetivos aplicables: 20\u0445, 40\u0445, 60\u0445, 100\u0445 (aceite)<\/strong><\/p>\n<p><strong> <\/strong><\/p>\n<table>\n<tbody>\n<tr>\n<td>Marca<\/td>\n<td>MAGUS<\/td>\n<\/tr>\n<tr>\n<td>Garant\u00eda<\/td>\n<td>2 \u0433\u043e\u0434\u0430<\/td>\n<\/tr>\n<tr>\n<td>EAN<\/td>\n<td>5905555019086<\/td>\n<\/tr>\n<tr>\n<td>Tama\u00f1o de paquete (LxAn.xAl.)<\/td>\n<td>5x8x5 cm<\/td>\n<\/tr>\n<tr>\n<td>Peso del env\u00edo<\/td>\n<td>0.12 kg<\/td>\n<\/tr>\n<\/tbody>\n<\/table>\n","protected":false},"excerpt":{"rendered":"<p>Este condensador de campo oscuro tiene una abertura num\u00e9rica (N.A). de 1,36\u20131,25. Est\u00e1 pensado para obtener una imagen contrastada de muestras transparentes sin te\u00f1ir que no se pueden ver con la t\u00e9cnica de microscop\u00eda de campo claro. Se utiliza con objetivos con aumentos mayores que 20x, incluidos los objetivos de inmersi\u00f3n en aceite. <\/p>\n","protected":false},"featured_media":82985,"template":"","meta":{"_exactmetrics_skip_tracking":false,"_exactmetrics_sitenote_active":false,"_exactmetrics_sitenote_note":"","_exactmetrics_sitenote_category":0},"product_brand":[],"product_cat":[],"product_tag":[],"class_list":{"0":"post-84542","1":"product","2":"type-product","3":"status-publish","4":"has-post-thumbnail","7":"first","8":"instock","9":"taxable","10":"shipping-taxable","11":"purchasable","12":"product-type-simple"},"_links":{"self":[{"href":"https:\/\/microscopistas.com\/en\/wp-json\/wp\/v2\/product\/84542","targetHints":{"allow":["GET"]}}],"collection":[{"href":"https:\/\/microscopistas.com\/en\/wp-json\/wp\/v2\/product"}],"about":[{"href":"https:\/\/microscopistas.com\/en\/wp-json\/wp\/v2\/types\/product"}],"wp:featuredmedia":[{"embeddable":true,"href":"https:\/\/microscopistas.com\/en\/wp-json\/wp\/v2\/media\/82985"}],"wp:attachment":[{"href":"https:\/\/microscopistas.com\/en\/wp-json\/wp\/v2\/media?parent=84542"}],"wp:term":[{"taxonomy":"product_brand","embeddable":true,"href":"https:\/\/microscopistas.com\/en\/wp-json\/wp\/v2\/product_brand?post=84542"},{"taxonomy":"product_cat","embeddable":true,"href":"https:\/\/microscopistas.com\/en\/wp-json\/wp\/v2\/product_cat?post=84542"},{"taxonomy":"product_tag","embeddable":true,"href":"https:\/\/microscopistas.com\/en\/wp-json\/wp\/v2\/product_tag?post=84542"}],"curies":[{"name":"wp","href":"https:\/\/api.w.org\/{rel}","templated":true}]}}