{"id":84541,"date":"2024-07-29T18:28:48","date_gmt":"2024-07-29T16:28:48","guid":{"rendered":"http:\/\/microscopistas.com\/?post_type=product&#038;p=84541"},"modified":"2024-07-29T18:28:48","modified_gmt":"2024-07-29T16:28:48","slug":"condensador-de-campo-oscuro-magus-df1-a-09","status":"publish","type":"product","link":"https:\/\/microscopistas.com\/en\/producto\/condensador-de-campo-oscuro-magus-df1-a-09\/","title":{"rendered":"Condensador de campo oscuro MAGUS DF1 A 0,9"},"content":{"rendered":"<p><strong>Condensador de campo oscuro MAGUS DF1 A 0,9<\/strong><\/p>\n<p><strong>Para la t\u00e9cnica de microscop\u00eda de campo oscuro <\/strong><\/p>\n<p>El condensador de campo oscuro se utiliza para la t\u00e9cnica de microscop\u00eda de campo oscuro. La microscop\u00eda de campo oscuro se utiliza para estudiar muestras transparentes sin te\u00f1ir. Estas muestras absorben la luz de forma d\u00e9bil, por lo que no son visibles cuando se observan mediante la t\u00e9cnica de microscop\u00eda de campo claro.<\/p>\n<p>La abertura num\u00e9rica (N.A.) del condensador de campo oscuro debe ser mayor que la N.A. del objetivo  por ello el condensador trabaja con objetivos de observaci\u00f3n en seco cuyo poder de aumento oscila entre 4x y 60x y cuya abertura es menor que 0,9.<\/p>\n<p>El condensador de campo oscuro se instala en el cuerpo del microscopio en sustituci\u00f3n del condensador Abbe.<\/p>\n<p>Para obtener una imagen de contraste de la muestra mediante la t\u00e9cnica de microscop\u00eda de campo oscuro, se recomienda utilizar un cubreobjetos de 0,17 mm de espesor y un portaobjetos de 1 a 1,2 mm de espesor.<\/p>\n<p><strong>Compatibilidad:<br \/><\/strong>Microscopio biol\u00f3gico MAGUS Bio 230B<br \/>Microscopio biol\u00f3gico MAGUS Bio 230BL<br \/>Microscopio biol\u00f3gico MAGUS Bio 230T<br \/>Microscopio biol\u00f3gico MAGUS Bio 230TL<br \/>Microscopio biol\u00f3gico MAGUS Bio 250B<br \/>Microscopio biol\u00f3gico MAGUS Bio 250BL<br \/>Microscopio biol\u00f3gico MAGUS Bio 250T<br \/>Microscopio biol\u00f3gico MAGUS Bio 250TL<br \/>Microscopio de fluorescencia MAGUS Lum 400<br \/>Microscopio de fluorescencia MAGUS Lum 400L<\/p>\n<p><strong>Especificaciones:<\/strong><br \/>N.A.: 0,9<br \/>Medio de inmersi\u00f3n: ninguno<br \/>Objetivos aplicables: 4\u0445, 10\u0445, 20\u0445, 40\u0445, 60\u0445<\/p>\n<table>\n<tbody>\n<tr>\n<td>Marca<\/td>\n<td>MAGUS<\/td>\n<\/tr>\n<tr>\n<td>Garant\u00eda<\/td>\n<td>2 \u0433\u043e\u0434\u0430<\/td>\n<\/tr>\n<tr>\n<td>EAN<\/td>\n<td>5905555019079<\/td>\n<\/tr>\n<tr>\n<td>Tama\u00f1o de paquete (LxAn.xAl.)<\/td>\n<td>5x8x5 cm<\/td>\n<\/tr>\n<tr>\n<td>Peso del env\u00edo<\/td>\n<td>0.12 kg<\/td>\n<\/tr>\n<\/tbody>\n<\/table>\n","protected":false},"excerpt":{"rendered":"<p>Este condensador se utiliza en la t\u00e9cnica de microscop\u00eda de campo oscuro. Se utiliza para estudiar muestras transparentes sin te\u00f1ir que tienen una baja absorci\u00f3n de luz y no se pueden ver mediante la t\u00e9cnica de campo claro. Este condensador solo trabaja con objetivos de uso en seco (sin inmersi\u00f3n) con una abertura m\u00e1xima de 0,9, lo que proporciona un rango de aumento de 4x a 60x.<\/p>\n","protected":false},"featured_media":82982,"template":"","meta":{"_exactmetrics_skip_tracking":false,"_exactmetrics_sitenote_active":false,"_exactmetrics_sitenote_note":"","_exactmetrics_sitenote_category":0},"product_brand":[],"product_cat":[],"product_tag":[],"class_list":{"0":"post-84541","1":"product","2":"type-product","3":"status-publish","4":"has-post-thumbnail","7":"first","8":"instock","9":"taxable","10":"shipping-taxable","11":"purchasable","12":"product-type-simple"},"_links":{"self":[{"href":"https:\/\/microscopistas.com\/en\/wp-json\/wp\/v2\/product\/84541","targetHints":{"allow":["GET"]}}],"collection":[{"href":"https:\/\/microscopistas.com\/en\/wp-json\/wp\/v2\/product"}],"about":[{"href":"https:\/\/microscopistas.com\/en\/wp-json\/wp\/v2\/types\/product"}],"wp:featuredmedia":[{"embeddable":true,"href":"https:\/\/microscopistas.com\/en\/wp-json\/wp\/v2\/media\/82982"}],"wp:attachment":[{"href":"https:\/\/microscopistas.com\/en\/wp-json\/wp\/v2\/media?parent=84541"}],"wp:term":[{"taxonomy":"product_brand","embeddable":true,"href":"https:\/\/microscopistas.com\/en\/wp-json\/wp\/v2\/product_brand?post=84541"},{"taxonomy":"product_cat","embeddable":true,"href":"https:\/\/microscopistas.com\/en\/wp-json\/wp\/v2\/product_cat?post=84541"},{"taxonomy":"product_tag","embeddable":true,"href":"https:\/\/microscopistas.com\/en\/wp-json\/wp\/v2\/product_tag?post=84541"}],"curies":[{"name":"wp","href":"https:\/\/api.w.org\/{rel}","templated":true}]}}