{"id":84535,"date":"2024-07-29T18:28:45","date_gmt":"2024-07-29T16:28:45","guid":{"rendered":"http:\/\/microscopistas.com\/?post_type=product&#038;p=84535"},"modified":"2024-07-29T18:28:45","modified_gmt":"2024-07-29T16:28:45","slug":"ocular-magus-me12-125%d1%85-14-mm-d-30-mm","status":"publish","type":"product","link":"https:\/\/microscopistas.com\/en\/producto\/ocular-magus-me12-125%d1%85-14-mm-d-30-mm\/","title":{"rendered":"Ocular MAGUS ME12 12,5\u0445\/14 mm (D 30 mm)"},"content":{"rendered":"<p><strong>Ocular MAGUS ME12 12,5\u0445\/14\u00a0mm (D 30\u00a0mm)<\/strong><\/p>\n<p><strong>Ampliaci\u00f3n: 12,5x. Campo de visi\u00f3n: 14 mm<\/strong><\/p>\n<p>El ocular de 12,5x se utiliza con objetivos de 4x, 10x, 20x, 40x, 60x y 100x. Es compatible con un tubo ocular de 30 mm. El ocular no tiene ning\u00fan mecanismo de ajuste de dioptr\u00edas para compensar la visi\u00f3n del usuario. Puede ajustar el enfoque con el anillo de ajuste de dioptr\u00edas situado en el tubo ocular del microscopio. El ocular tiene una distancia de acomodaci\u00f3n de 10 mm, por lo que el microscopio es c\u00f3modo de utilizar para los usuarios de gafas.<\/p>\n<p><strong>Compatibilidad<\/strong><\/p>\n<ul>\n<li>Microscopio biol\u00f3gico MAGUS Bio 250B<\/li>\n<li>Microscopio biol\u00f3gico MAGUS Bio 250BL<\/li>\n<li>Microscopio biol\u00f3gico MAGUS Bio 250T<\/li>\n<li>Microscopio biol\u00f3gico MAGUS Bio 250TL<\/li>\n<li>Microscopio biol\u00f3gico invertido MAGUS Bio V300<\/li>\n<li>Microscopio biol\u00f3gico invertido MAGUS Bio V350<\/li>\n<li>Microscopio metal\u00fargico MAGUS Metal 600<\/li>\n<li>Microscopio metal\u00fargico MAGUS Metal 600 BD<\/li>\n<li>Microscopio metal\u00fargico MAGUS Metal 630<\/li>\n<li>Microscopio metal\u00fargico MAGUS Metal 630 BD<\/li>\n<li>Microscopio metal\u00fargico MAGUS Metal 650<\/li>\n<li>Microscopio metal\u00fargico MAGUS Metal 650 BD<\/li>\n<li>Microscopio metal\u00fargico invertido MAGUS Metal V700<\/li>\n<li>Microscopio metal\u00fargico invertido MAGUS Metal V700 BD<\/li>\n<li>Microscopio de fluorescencia MAGUS Lum 400<\/li>\n<li>Microscopio de fluorescencia MAGUS Lum 400L<\/li>\n<li>Microscopio invertido de fluorescencia MAGUS Lum V500<\/li>\n<li>Microscopio invertido de fluorescencia MAGUS Lum V500L<\/li>\n<li>Microscopio polarizador MAGUS Pol 800<\/li>\n<\/ul>\n<p><strong>Especificaciones:<\/strong><br \/> Material de las lentes: vidrio \u00f3ptico<br \/> Ampliaci\u00f3n, x: 12,5<br \/> Campo de visi\u00f3n, mm: 14<br \/> Ajuste de dioptr\u00edas del ocular, D: \u2212<br \/> Di\u00e1metro del tubo del ocular, mm: 30<br \/> Material del cuerpo: cobre<br \/> Distancia de acomodaci\u00f3n ocular, mm: 10<\/p>\n<table>\n<tbody>\n<tr>\n<td>Marca<\/td>\n<td>MAGUS<\/td>\n<\/tr>\n<tr>\n<td>Garant\u00eda<\/td>\n<td>2 \u0433\u043e\u0434\u0430<\/td>\n<\/tr>\n<tr>\n<td>EAN<\/td>\n<td>5905555019000<\/td>\n<\/tr>\n<tr>\n<td>Tama\u00f1o de paquete (LxAn.xAl.)<\/td>\n<td>4x8x4 cm<\/td>\n<\/tr>\n<tr>\n<td>Peso del env\u00edo<\/td>\n<td>0.07 kg<\/td>\n<\/tr>\n<\/tbody>\n<\/table>\n","protected":false},"excerpt":{"rendered":"<p>El ocular de 12,5x se utiliza con objetivos de 4x, 10x, 20x, 40x, 60x y 100x. Es compatible con un tubo ocular de 30 mm. El ocular no tiene ning\u00fan mecanismo de ajuste de dioptr\u00edas para compensar la visi\u00f3n del usuario. Puede ajustar el enfoque con el anillo de ajuste de dioptr\u00edas situado en el tubo ocular del microscopio. El ocular tiene una distancia de acomodaci\u00f3n de 10 mm, por lo que el microscopio es c\u00f3modo de utilizar para los usuarios de gafas.<\/p>\n","protected":false},"featured_media":82965,"template":"","meta":{"_exactmetrics_skip_tracking":false,"_exactmetrics_sitenote_active":false,"_exactmetrics_sitenote_note":"","_exactmetrics_sitenote_category":0},"product_brand":[],"product_cat":[],"product_tag":[],"class_list":{"0":"post-84535","1":"product","2":"type-product","3":"status-publish","4":"has-post-thumbnail","7":"first","8":"instock","9":"taxable","10":"shipping-taxable","11":"purchasable","12":"product-type-simple"},"_links":{"self":[{"href":"https:\/\/microscopistas.com\/en\/wp-json\/wp\/v2\/product\/84535","targetHints":{"allow":["GET"]}}],"collection":[{"href":"https:\/\/microscopistas.com\/en\/wp-json\/wp\/v2\/product"}],"about":[{"href":"https:\/\/microscopistas.com\/en\/wp-json\/wp\/v2\/types\/product"}],"wp:featuredmedia":[{"embeddable":true,"href":"https:\/\/microscopistas.com\/en\/wp-json\/wp\/v2\/media\/82965"}],"wp:attachment":[{"href":"https:\/\/microscopistas.com\/en\/wp-json\/wp\/v2\/media?parent=84535"}],"wp:term":[{"taxonomy":"product_brand","embeddable":true,"href":"https:\/\/microscopistas.com\/en\/wp-json\/wp\/v2\/product_brand?post=84535"},{"taxonomy":"product_cat","embeddable":true,"href":"https:\/\/microscopistas.com\/en\/wp-json\/wp\/v2\/product_cat?post=84535"},{"taxonomy":"product_tag","embeddable":true,"href":"https:\/\/microscopistas.com\/en\/wp-json\/wp\/v2\/product_tag?post=84535"}],"curies":[{"name":"wp","href":"https:\/\/api.w.org\/{rel}","templated":true}]}}