{"id":84534,"date":"2024-07-29T18:28:45","date_gmt":"2024-07-29T16:28:45","guid":{"rendered":"http:\/\/microscopistas.com\/?post_type=product&#038;p=84534"},"modified":"2024-07-29T18:28:45","modified_gmt":"2024-07-29T16:28:45","slug":"ocular-con-escala-de-medicion-magus-mes10-10%d1%85-22-mm-d-30-mm","status":"publish","type":"product","link":"https:\/\/microscopistas.com\/en\/producto\/ocular-con-escala-de-medicion-magus-mes10-10%d1%85-22-mm-d-30-mm\/","title":{"rendered":"Ocular con escala de medici\u00f3n MAGUS MES10 10\u0445\/22 mm (D 30 mm)"},"content":{"rendered":"<p><strong>Ocular con escala de medici\u00f3n MAGUS MES10 10\u0445\/22\u00a0mm (D 30\u00a0mm)<\/strong><\/p>\n<p><strong>Ampliaci\u00f3n: 10x. Campo de visi\u00f3n: 22 mm. Escala de medici\u00f3n con divisiones de 0,1 mm <\/strong><\/p>\n<p>Este ocular tiene una escala de medici\u00f3n situada en el plano del diafragma de campo para medir muestras en mil\u00edmetros o micras. Las divisiones de la escala son de 0,1 mm. Este ocular se instala en un tubo ocular de 30 mm de di\u00e1metro en sustituci\u00f3n de un ocular est\u00e1ndar con un aumento de 10x. Para cada objetivo que utilice, debe calibrar la escala de medici\u00f3n. Para ello es necesario un portaobjetos de calibraci\u00f3n (objeto microm\u00e9trico) provisto de divisiones de 0,01 mm. El portaobjetos se coloca en la platina del microscopio y el ocular se gira en el tubo hasta que las escalas del ocular y del portaobjetos queden paralelas.<\/p>\n<p>Para cada objetivo tambi\u00e9n se determina el valor de divisi\u00f3n de la escala del ocular. Para objetivos de bajo aumento, debe contar el n\u00famero de divisiones de la escala del ocular que caben dentro de la escala del portaobjetos de calibraci\u00f3n. Para objetivos de aumento medio y alto, debe hacer lo contrario, es decir, contar cu\u00e1ntas divisiones de la escala del portaobjetos caben dentro de la escala del ocular.<\/p>\n<p>Luego, el valor de divisi\u00f3n (E) se calcula mediante esta f\u00f3rmula:<\/p>\n<p>T \u2013 es el valor de divisi\u00f3n de la escala microm\u00e9trica del portaobjetos (0,01 mm) <\/p>\n<p>L \u2013 n\u00famero de divisiones de la escala del portaobjetos <\/p>\n<p>A \u2013 n\u00famero de divisiones de la escala del ocular<\/p>\n<p>Para calcular el tama\u00f1o lineal real de una muestra, debe medir la longitud de la muestra en la escala del ocular y luego multiplicar este valor por el valor E calculado para el objetivo.<\/p>\n<p><strong>Compatibilidad<\/strong><\/p>\n<ul>\n<li>Microscopio biol\u00f3gico MAGUS Bio 250B<\/li>\n<li>Microscopio biol\u00f3gico MAGUS Bio 250BL<\/li>\n<li>Microscopio biol\u00f3gico MAGUS Bio 250T<\/li>\n<li>Microscopio biol\u00f3gico MAGUS Bio 250TL<\/li>\n<li>Microscopio biol\u00f3gico invertido MAGUS Bio V300<\/li>\n<li>Microscopio biol\u00f3gico invertido MAGUS Bio V350<\/li>\n<li>Microscopio metal\u00fargico MAGUS Metal 600<\/li>\n<li>Microscopio metal\u00fargico MAGUS Metal 600 BD<\/li>\n<li>Microscopio metal\u00fargico MAGUS Metal 630<\/li>\n<li>Microscopio metal\u00fargico MAGUS Metal 630 BD<\/li>\n<li>Microscopio metal\u00fargico MAGUS Metal 650<\/li>\n<li>Microscopio metal\u00fargico MAGUS Metal 650 BD<\/li>\n<li>Microscopio metal\u00fargico invertido MAGUS Metal V700<\/li>\n<li>Microscopio metal\u00fargico invertido MAGUS Metal V700 BD<\/li>\n<li>Microscopio de fluorescencia MAGUS Lum 400<\/li>\n<li>Microscopio de fluorescencia MAGUS Lum 400L<\/li>\n<li>Microscopio invertido de fluorescencia MAGUS Lum V500<\/li>\n<li>Microscopio invertido de fluorescencia MAGUS Lum V500L<\/li>\n<li>Microscopio polarizador MAGUS Pol 800<\/li>\n<\/ul>\n<p><strong>Especificaciones:<\/strong><br \/> Material de las lentes: vidrio \u00f3ptico<br \/> Ampliaci\u00f3n, x: 10<br \/> Campo de visi\u00f3n, mm: 22<br \/> Ajuste de dioptr\u00edas del ocular, D: \u2212<br \/> Divisi\u00f3n m\u00ednima, mm: 0,1<br \/> Di\u00e1metro del tubo del ocular, mm: 30<br \/> Material del cuerpo: cobre<br \/> Distancia de acomodaci\u00f3n ocular, mm: 10 <\/p>\n<table>\n<tbody>\n<tr>\n<td>Marca<\/td>\n<td>MAGUS<\/td>\n<\/tr>\n<tr>\n<td>Garant\u00eda<\/td>\n<td>2 \u0433\u043e\u0434\u0430<\/td>\n<\/tr>\n<tr>\n<td>EAN<\/td>\n<td>5905555019048<\/td>\n<\/tr>\n<tr>\n<td>Tama\u00f1o de paquete (LxAn.xAl.)<\/td>\n<td>4x7x4 cm<\/td>\n<\/tr>\n<tr>\n<td>Peso del env\u00edo<\/td>\n<td>0.09 kg<\/td>\n<\/tr>\n<\/tbody>\n<\/table>\n","protected":false},"excerpt":{"rendered":"<p>Este ocular tiene una escala de medici\u00f3n situada en el plano del diafragma de campo para medir muestras en mil\u00edmetros o micras. Las divisiones de la escala son de 0,1 mm. Este ocular se instala en un tubo ocular de 30 mm de di\u00e1metro en sustituci\u00f3n de un ocular est\u00e1ndar con un aumento de 10x. Para cada objetivo que utilice, debe calibrar la escala de medici\u00f3n. Para ello es necesario un portaobjetos de calibraci\u00f3n (objeto microm\u00e9trico) provisto de divisiones de 0,01 mm. El portaobjetos se coloca en la platina del microscopio y el ocular se gira en el tubo hasta que las escalas del ocular y del portaobjetos queden paralelas.<\/p>\n","protected":false},"featured_media":82963,"template":"","meta":{"_exactmetrics_skip_tracking":false,"_exactmetrics_sitenote_active":false,"_exactmetrics_sitenote_note":"","_exactmetrics_sitenote_category":0},"product_brand":[],"product_cat":[],"product_tag":[],"class_list":{"0":"post-84534","1":"product","2":"type-product","3":"status-publish","4":"has-post-thumbnail","7":"first","8":"instock","9":"taxable","10":"shipping-taxable","11":"purchasable","12":"product-type-simple"},"_links":{"self":[{"href":"https:\/\/microscopistas.com\/en\/wp-json\/wp\/v2\/product\/84534","targetHints":{"allow":["GET"]}}],"collection":[{"href":"https:\/\/microscopistas.com\/en\/wp-json\/wp\/v2\/product"}],"about":[{"href":"https:\/\/microscopistas.com\/en\/wp-json\/wp\/v2\/types\/product"}],"wp:featuredmedia":[{"embeddable":true,"href":"https:\/\/microscopistas.com\/en\/wp-json\/wp\/v2\/media\/82963"}],"wp:attachment":[{"href":"https:\/\/microscopistas.com\/en\/wp-json\/wp\/v2\/media?parent=84534"}],"wp:term":[{"taxonomy":"product_brand","embeddable":true,"href":"https:\/\/microscopistas.com\/en\/wp-json\/wp\/v2\/product_brand?post=84534"},{"taxonomy":"product_cat","embeddable":true,"href":"https:\/\/microscopistas.com\/en\/wp-json\/wp\/v2\/product_cat?post=84534"},{"taxonomy":"product_tag","embeddable":true,"href":"https:\/\/microscopistas.com\/en\/wp-json\/wp\/v2\/product_tag?post=84534"}],"curies":[{"name":"wp","href":"https:\/\/api.w.org\/{rel}","templated":true}]}}