{"id":84533,"date":"2024-07-29T18:28:45","date_gmt":"2024-07-29T16:28:45","guid":{"rendered":"http:\/\/microscopistas.com\/?post_type=product&#038;p=84533"},"modified":"2024-07-29T18:28:45","modified_gmt":"2024-07-29T16:28:45","slug":"objetivo-magus-mp60-60%d1%85-080-%e2%88%9e-017-infinity-plan","status":"publish","type":"product","link":"https:\/\/microscopistas.com\/en\/producto\/objetivo-magus-mp60-60%d1%85-080-%e2%88%9e-017-infinity-plan\/","title":{"rendered":"Objetivo MAGUS MP60 60\u0445\/0,80 \u221e\/0,17 Infinity Plan"},"content":{"rendered":"<p><strong>Objetivo plano corregido al infinito MAGUS MP60 60\u0445\/0,80 \u221e\/0,17<\/strong><\/p>\n<p><strong>Objetivo plano acrom\u00e1tico corregido al infinito. Ampliaci\u00f3n: 60x. Abertura: 0,80.<\/strong><\/p>\n<p>El l\u00edmite de resoluci\u00f3n del objetivo 60x\/0,80 es 0,35\u00a0\u00b5m.<\/p>\n<p>Las aberraciones crom\u00e1ticas est\u00e1n corregidas para la luz azul y roja, la aberraci\u00f3n esf\u00e9rica, para la luz verde, y la curvatura de campo, para el 90\u202f% del di\u00e1metro del campo de visi\u00f3n.<\/p>\n<p>El objetivo est\u00e1 corregido al infinito. La distancia parafocal es 45\u00a0mm. Al observar con un ocular de 10\/22\u00a0mm, el di\u00e1metro del campo de visi\u00f3n ser\u00e1 0,36\u00a0mm. El objetivo est\u00e1 dise\u00f1ado para trabajar con muestras recubiertas con un cubreobjetos de 0,17 mm de espesor.<\/p>\n<p>El l\u00edmite inferior del aumento \u00fatil del microscopio cuando se observa con un objetivo de 60x es 425x. Cualquier aumento menor que ese no le permitir\u00e1 ver los detalles del objeto en la imagen obtenida por el objetivo.<\/p>\n<p>El l\u00edmite superior de aumento \u00fatil cuando se observa con un objetivo de 60x es 850x. Cualquier aumento mayor que ese se considera in\u00fatil ya que no proporciona nuevos detalles de la muestra. Recomendamos utilizar oculares con un aumento de 7x a 14x con el objetivo de 60x\/0,80.<\/p>\n<p>Los objetivos plano acrom\u00e1ticos producen una imagen que est\u00e1 enfocada de manera uniforme tanto en el centro como en los bordes, y con una distorsi\u00f3n m\u00ednima. Esta caracter\u00edstica se utiliza para el trabajo con im\u00e1genes digitales y para asociar el objetivo con oculares de campo amplio y un campo de visi\u00f3n de 22\u00a0mm.<\/p>\n<p>El objetivo es adecuado para estudiar detalles de la estructura de una muestra de 0,5\u00a0\u00b5m o mayor dentro de un campo de visi\u00f3n de 0,36\u00a0mm, por ejemplo, para espermogramas.<\/p>\n<p><strong>Compatibilidad:<\/strong><\/p>\n<ul>\n<li>Microscopio biol\u00f3gico MAGUS Bio 230B<\/li>\n<li>Microscopio biol\u00f3gico MAGUS Bio 230BL<\/li>\n<li>Microscopio biol\u00f3gico MAGUS Bio 230T<\/li>\n<li>Microscopio biol\u00f3gico MAGUS Bio 230TL<\/li>\n<li>Microscopio biol\u00f3gico MAGUS Bio 250B<\/li>\n<li>Microscopio biol\u00f3gico MAGUS Bio 250BL<\/li>\n<li>Microscopio biol\u00f3gico MAGUS Bio 250T<\/li>\n<li>Microscopio biol\u00f3gico MAGUS Bio 250TL<\/li>\n<li>Microscopio de fluorescencia MAGUS Lum 400<\/li>\n<li>Microscopio de fluorescencia MAGUS Lum 400L<\/li>\n<\/ul>\n<p><strong>Especificaciones:<\/strong><br \/> Material de las lentes: vidrio \u00f3ptico<br \/> Clase de objetivo seg\u00fan grado de correcci\u00f3n de las aberraciones: plano acrom\u00e1tico <br \/> Longitud del tubo: corregido al infinito (\u221e)<br \/> Ampliaci\u00f3n, x: 60<br \/> Abertura: 0,80<br \/> Distancia de trabajo, mm: 0,46<br \/> Distancia parafocal, mm: 45<br \/> Grosor del cubreobjetos, mm: 0,17<br \/> Con mecanismo de resorte: +<br \/> Inmersi\u00f3n: &#8211;<br \/> Material del cuerpo: cobre<br \/> Tipo de montura: WJ 4\/5&#8217;*1\/36&#8242; <\/p>\n<table>\n<tbody>\n<tr>\n<td>Marca<\/td>\n<td>MAGUS<\/td>\n<\/tr>\n<tr>\n<td>Garant\u00eda<\/td>\n<td>2 \u0433\u043e\u0434\u0430<\/td>\n<\/tr>\n<tr>\n<td>EAN<\/td>\n<td>5905555018980<\/td>\n<\/tr>\n<tr>\n<td>Tama\u00f1o de paquete (LxAn.xAl.)<\/td>\n<td>4x7x4 cm<\/td>\n<\/tr>\n<tr>\n<td>Peso del env\u00edo<\/td>\n<td>0.13 kg<\/td>\n<\/tr>\n<\/tbody>\n<\/table>\n","protected":false},"excerpt":{"rendered":"<p>Este objetivo plano acrom\u00e1tico corregido al infinito tiene un aumento de 60x y una resoluci\u00f3n m\u00e1xima de 0,35 \u00b5m. Cuando se utiliza con un ocular de 10\/22 mm, el di\u00e1metro del campo de visi\u00f3n es de 0,36 mm. La curvatura de campo est\u00e1 corregida para el 90\u202f% del di\u00e1metro del campo de visi\u00f3n. La aberraci\u00f3n crom\u00e1tica est\u00e1 corregida para el rojo y el azul, y la aberraci\u00f3n esf\u00e9rica para el verde. Este objetivo se puede utilizar para observar muestras de 0,5 \u00b5m de tama\u00f1o, tales como espermatozoides, gl\u00f3bulos rojos, gl\u00f3bulos blancos en an\u00e1lisis cl\u00ednicos de semen, orina o sangre.<\/p>\n","protected":false},"featured_media":82960,"template":"","meta":{"_exactmetrics_skip_tracking":false,"_exactmetrics_sitenote_active":false,"_exactmetrics_sitenote_note":"","_exactmetrics_sitenote_category":0},"product_brand":[],"product_cat":[],"product_tag":[],"class_list":{"0":"post-84533","1":"product","2":"type-product","3":"status-publish","4":"has-post-thumbnail","7":"first","8":"instock","9":"taxable","10":"shipping-taxable","11":"purchasable","12":"product-type-simple"},"_links":{"self":[{"href":"https:\/\/microscopistas.com\/en\/wp-json\/wp\/v2\/product\/84533","targetHints":{"allow":["GET"]}}],"collection":[{"href":"https:\/\/microscopistas.com\/en\/wp-json\/wp\/v2\/product"}],"about":[{"href":"https:\/\/microscopistas.com\/en\/wp-json\/wp\/v2\/types\/product"}],"wp:featuredmedia":[{"embeddable":true,"href":"https:\/\/microscopistas.com\/en\/wp-json\/wp\/v2\/media\/82960"}],"wp:attachment":[{"href":"https:\/\/microscopistas.com\/en\/wp-json\/wp\/v2\/media?parent=84533"}],"wp:term":[{"taxonomy":"product_brand","embeddable":true,"href":"https:\/\/microscopistas.com\/en\/wp-json\/wp\/v2\/product_brand?post=84533"},{"taxonomy":"product_cat","embeddable":true,"href":"https:\/\/microscopistas.com\/en\/wp-json\/wp\/v2\/product_cat?post=84533"},{"taxonomy":"product_tag","embeddable":true,"href":"https:\/\/microscopistas.com\/en\/wp-json\/wp\/v2\/product_tag?post=84533"}],"curies":[{"name":"wp","href":"https:\/\/api.w.org\/{rel}","templated":true}]}}