{"id":84532,"date":"2024-07-29T18:28:45","date_gmt":"2024-07-29T16:28:45","guid":{"rendered":"http:\/\/microscopistas.com\/?post_type=product&#038;p=84532"},"modified":"2024-07-29T18:28:45","modified_gmt":"2024-07-29T16:28:45","slug":"objetivo-magus-mp20-20%d1%85-040-%e2%88%9e-017-infinity-plan","status":"publish","type":"product","link":"https:\/\/microscopistas.com\/en\/producto\/objetivo-magus-mp20-20%d1%85-040-%e2%88%9e-017-infinity-plan\/","title":{"rendered":"Objetivo MAGUS MP20 20\u0445\/0,40 \u221e\/0,17 Infinity Plan"},"content":{"rendered":"<p><strong>Objetivo plano corregido al infinito MAGUS MP20 20\u0445\/0,40 \u221e\/0,17<\/strong><\/p>\n<p><strong>Objetivo plano acrom\u00e1tico corregido al infinito. Ampliaci\u00f3n: 20x. Abertura: 0,40.<\/strong><\/p>\n<p>El l\u00edmite de resoluci\u00f3n del objetivo 20x\/0,40 es 0,69\u00a0\u00b5m.<\/p>\n<p>Las aberraciones crom\u00e1ticas est\u00e1n corregidas para la luz azul y roja, la aberraci\u00f3n esf\u00e9rica, para la luz verde, y la curvatura de campo, para el 90\u202f% del di\u00e1metro del campo de visi\u00f3n.<\/p>\n<p>El objetivo est\u00e1 corregido al infinito. La distancia parafocal es 45\u00a0mm. Al observar con un ocular de 10\/22\u00a0mm, el di\u00e1metro del campo de visi\u00f3n ser\u00e1 1,1\u00a0mm. El objetivo est\u00e1 dise\u00f1ado para trabajar con muestras recubiertas con un cubreobjetos de 0,17 mm de espesor.<\/p>\n<p>El l\u00edmite inferior del aumento \u00fatil del microscopio cuando se observa con un objetivo de 20x es 200x. Cualquier aumento menor que ese no le permitir\u00e1 ver los detalles del objeto en la imagen obtenida por el objetivo.<\/p>\n<p>El l\u00edmite superior de aumento \u00fatil cuando se observa con un objetivo de 20x es 400x. Cualquier aumento mayor que ese se considera in\u00fatil ya que no proporciona nuevos detalles de la muestra. Recomendamos utilizar oculares con un aumento de 10x a 20x con el objetivo de 20x\/0,4.<\/p>\n<p>Los objetivos plano acrom\u00e1ticos producen una imagen que est\u00e1 enfocada de manera uniforme tanto en el centro como en los bordes, y con una distorsi\u00f3n m\u00ednima. Esta caracter\u00edstica se utiliza para el trabajo con im\u00e1genes digitales y para asociar el objetivo con oculares de campo amplio y un campo de visi\u00f3n de 22\u00a0mm.<\/p>\n<p>El objetivo es adecuado para estudiar detalles de la estructura de una muestra de 1\u00a0\u00b5m o mayor dentro de un gran campo de visi\u00f3n, por ejemplo, para el an\u00e1lisis de orina mediante el m\u00e9todo de Nechiporenko.<\/p>\n<p><strong>Compatibilidad:<\/strong><\/p>\n<ul>\n<li>Microscopio biol\u00f3gico MAGUS Bio 230B<\/li>\n<li>Microscopio biol\u00f3gico MAGUS Bio 230BL<\/li>\n<li>Microscopio biol\u00f3gico MAGUS Bio 230T<\/li>\n<li>Microscopio biol\u00f3gico MAGUS Bio 230TL<\/li>\n<li>Microscopio biol\u00f3gico MAGUS Bio 250B<\/li>\n<li>Microscopio biol\u00f3gico MAGUS Bio 250BL<\/li>\n<li>Microscopio biol\u00f3gico MAGUS Bio 250T<\/li>\n<li>Microscopio biol\u00f3gico MAGUS Bio 250TL<\/li>\n<li>Microscopio de fluorescencia MAGUS Lum 400<\/li>\n<li>Microscopio de fluorescencia MAGUS Lum 400L<\/li>\n<\/ul>\n<p><strong>Especificaciones:<\/strong><br \/> Material de las lentes: vidrio \u00f3ptico<br \/> Clase de objetivo seg\u00fan grado de correcci\u00f3n de las aberraciones: plano acrom\u00e1tico <br \/> Longitud del tubo: corregido al infinito (\u221e)<br \/> Ampliaci\u00f3n, x: 20<br \/> Abertura: 0,40<br \/> Distancia de trabajo, mm: 8,8<br \/> Distancia parafocal, mm: 45<br \/> Grosor del cubreobjetos, mm: 0,17<br \/> Con mecanismo de resorte: &#8211;<br \/> Inmersi\u00f3n: &#8211;<br \/> Material del cuerpo: cobre<br \/> Tipo de montura: WJ 4\/5&#8217;*1\/36&#8242; <\/p>\n<table>\n<tbody>\n<tr>\n<td>Marca<\/td>\n<td>MAGUS<\/td>\n<\/tr>\n<tr>\n<td>Garant\u00eda<\/td>\n<td>2 \u0433\u043e\u0434\u0430<\/td>\n<\/tr>\n<tr>\n<td>EAN<\/td>\n<td>5905555018973<\/td>\n<\/tr>\n<tr>\n<td>Tama\u00f1o de paquete (LxAn.xAl.)<\/td>\n<td>4x7x4 cm<\/td>\n<\/tr>\n<tr>\n<td>Peso del env\u00edo<\/td>\n<td>0.1 kg<\/td>\n<\/tr>\n<\/tbody>\n<\/table>\n","protected":false},"excerpt":{"rendered":"<p>Objetivo plano acrom\u00e1tico corregido al infinito, con un aumento de 20x y una resoluci\u00f3n m\u00e1xima de 0,69 \u00b5m. Este objetivo se utiliza para estudiar muestras a partir de 1 \u00b5m en un campo de visi\u00f3n amplio, por ejemplo, en los an\u00e1lisis de orina o sangre (determinaci\u00f3n de leucocitos, eritrocitos, cilindros y otros componentes). Gracias a que las distorsiones generadas son m\u00ednimas, este objetivo plano acrom\u00e1tico tambi\u00e9n se puede utilizar para fotograf\u00eda digital y en combinaci\u00f3n con oculares de campo amplio (campo de visi\u00f3n de 22 mm).<\/p>\n","protected":false},"featured_media":82957,"template":"","meta":{"_exactmetrics_skip_tracking":false,"_exactmetrics_sitenote_active":false,"_exactmetrics_sitenote_note":"","_exactmetrics_sitenote_category":0},"product_brand":[],"product_cat":[],"product_tag":[],"class_list":{"0":"post-84532","1":"product","2":"type-product","3":"status-publish","4":"has-post-thumbnail","7":"first","8":"instock","9":"taxable","10":"shipping-taxable","11":"purchasable","12":"product-type-simple"},"_links":{"self":[{"href":"https:\/\/microscopistas.com\/en\/wp-json\/wp\/v2\/product\/84532","targetHints":{"allow":["GET"]}}],"collection":[{"href":"https:\/\/microscopistas.com\/en\/wp-json\/wp\/v2\/product"}],"about":[{"href":"https:\/\/microscopistas.com\/en\/wp-json\/wp\/v2\/types\/product"}],"wp:featuredmedia":[{"embeddable":true,"href":"https:\/\/microscopistas.com\/en\/wp-json\/wp\/v2\/media\/82957"}],"wp:attachment":[{"href":"https:\/\/microscopistas.com\/en\/wp-json\/wp\/v2\/media?parent=84532"}],"wp:term":[{"taxonomy":"product_brand","embeddable":true,"href":"https:\/\/microscopistas.com\/en\/wp-json\/wp\/v2\/product_brand?post=84532"},{"taxonomy":"product_cat","embeddable":true,"href":"https:\/\/microscopistas.com\/en\/wp-json\/wp\/v2\/product_cat?post=84532"},{"taxonomy":"product_tag","embeddable":true,"href":"https:\/\/microscopistas.com\/en\/wp-json\/wp\/v2\/product_tag?post=84532"}],"curies":[{"name":"wp","href":"https:\/\/api.w.org\/{rel}","templated":true}]}}