{"id":84530,"date":"2024-07-29T18:28:44","date_gmt":"2024-07-29T16:28:44","guid":{"rendered":"http:\/\/microscopistas.com\/?post_type=product&#038;p=84530"},"modified":"2024-07-29T19:03:11","modified_gmt":"2024-07-29T17:03:11","slug":"microscopio-polarizador-magus-pol-800","status":"publish","type":"product","link":"https:\/\/microscopistas.com\/en\/producto\/microscopio-polarizador-magus-pol-800\/","title":{"rendered":"Microscopio polarizador MAGUS Pol 800"},"content":{"rendered":"<p><strong>Microscopio polarizador Magus Pol 800<\/strong><\/p>\n<p><strong>Poder de aumento: 40&#038;ndash 600x. Cabezal trinocular, objetivos plano acrom&#038;aacute ticos. Iluminaci&#038;oacute n por luz transmitida, fuente de luz: bombilla hal&#038;oacute gena de 30&#038;nbsp W, iluminaci&#038;oacute n K&#038;ouml hler. Lente de Bertrand y compensadores.<\/strong><\/p>\n<p>Este microscopio est&#038;aacute  dise&#038;ntilde ado para estudiar muestras geol&#038;oacute gicas, biol&#038;oacute gicas y polim&#038;eacute ricas anis&#038;oacute tropas con luz polarizada y luz transmitida.<\/p>\n<p>Un microscopio polarizador utiliza la birrefringencia de una muestra anis&#038;oacute tropa para generar una imagen. Cuando una luz polarizada atraviesa una muestra anis&#038;oacute tropa, se divide en dos haces y cambia el plano de polarizaci&#038;oacute n. El analizador lleva las vibraciones de los haces al mismo plano y eje, provocando as&#038;iacute  interferencias destructivas y constructivas entre los dos frentes de onda. La imagen brillante y de alto contraste cambia de color cuando la platina gira.<\/p>\n<p>Este microscopio tiene objetivos libres de tensi&#038;oacute n. El tubo intermedio contiene el analizador y la lente de Bertrand y tiene una ranura para instalar compensadores. Este microscopio se utiliza en cristalograf&#038;iacute a, petrograf&#038;iacute a, mineralog&#038;iacute a, medicina forense y otros campos de la ciencia.<\/p>\n<p><strong>Cabezal del microscopio<\/strong><\/p>\n<p>Cabezal trinocular con objetivos plano acrom&#038;aacute ticos corregidos al infinito. Los dispositivos de captura de im&#038;aacute genes digitales se instalan en el tubo trinocular. El mando de selecci&#038;oacute n de trayectoria de luz del ocular\/c&#038;aacute mara le permite dirigir el haz de luz a la c&#038;aacute mara digital o a los tubos oculares.<\/p>\n<p>El control de ajuste de las dioptr&#038;iacute as est&#038;aacute  situado en el tubo izquierdo.<\/p>\n<p><strong>Rev&#038;oacute lver giratorio<\/strong><\/p>\n<p>Cinco objetivos. Tambi&#038;eacute n se puede instalar un objetivo adicional en una posici&#038;oacute n libre del revolver para incrementar el poder de aumento. El dise&#038;ntilde o del rev&#038;oacute lver giratorio deja espacio libre encima de la platina al estar situado debajo de ella, de modo que el usuario puede ver el objetivo que est&#038;aacute  insertado en el camino &#038;oacute ptico. Las posiciones del rev&#038;oacute lver giratorio est&#038;aacute n centradas para alinear el eje &#038;oacute ptico del objetivo y el microscopio.<\/p>\n<p><strong>Objetivos<\/strong><\/p>\n<p>Los objetivos plano acrom&#038;aacute ticos corregidos al infinito est&#038;aacute n dise&#038;ntilde ados espec&#038;iacute ficamente para realizar observaciones con luz polarizada: La &#038;oacute ptica libre de tensi&#038;oacute n garantiza que la birrefringencia provenga de la muestra observada y no de los elementos &#038;oacute pticos. Objetivos dise&#038;ntilde ados para usar con cubreobjetos de 0,17&#038;nbsp mm de espesor.<\/p>\n<p><strong>Mecanismo de enfoque<\/strong><\/p>\n<p>Los mandos coaxiales de enfoque aproximado y preciso est&#038;aacute n situados a ambos lados en la parte inferior del cuerpo del microscopio. El usuario puede reposar las manos sobre la mesa mientras utiliza el microscopio, lo que permite trabajar de forma relajada. El ajuste del enfoque es fluido y sin esfuerzo.<\/p>\n<p>El dise&#038;ntilde o del mecanismo de enfoque permite un ajuste r&#038;aacute pido del microscopio despu&#038;eacute s de cambiar la muestra sometida a estudio. Con este fin, en el lado derecho se encuentra un mando de bloqueo del enfoque aproximado. La tensi&#038;oacute n del enfoque aproximado se puede ajustar girando el anillo del lado izquierdo.<\/p>\n<p><strong>Platina<\/strong><\/p>\n<p>La platina puede girar 360&#038;deg  para ver el cambio de color de la muestra cuando el polarizador y el analizador est&#038;aacute n dispuestos perpendicularmente entre s&#038;iacute . La platina tiene una escala del &#038;aacute ngulo de rotaci&#038;oacute n. Con la escala de Vernier, las mediciones se realizan con una exactitud de 0,1&#038;deg .<\/p>\n<p>La platina se puede centrar con dos tornillos porque el an&#038;aacute lisis de un objeto anis&#038;oacute tropo con luz polarizada requiere la alineaci&#038;oacute n precisa del eje de rotaci&#038;oacute n de la platina con el eje &#038;oacute ptico del microscopio.<\/p>\n<p><strong>Fuente de luz<\/strong><\/p>\n<p>Las bombillas hal&#038;oacute genas emiten luz con una temperatura de color que permite trabajar c&#038;oacute modamente. La bombilla de 30&#038;nbsp W es lo suficientemente brillante como para hacer observaciones con los objetivos de un poder de aumento de 4x a 100x que se utilizan para la microscop&#038;iacute a de luz polarizada y de campo claro.<\/p>\n<p><strong>Iluminaci&#038;oacute n por luz transmitida<\/strong><\/p>\n<p>Iluminaci&#038;oacute n K&#038;ouml hler: diafragma de campo ajustable  condensador Abbe centrado y ajustable en altura con diafragma de apertura ajustable y lente auxiliar giratoria. ND = 1,25. El polarizador puede girar de 0 a 360&#038;deg , con los &#038;aacute ngulos de rotaci&#038;oacute n de 0&#038;deg , 90&#038;deg , 180&#038;deg  y 270&#038;deg  marcados en la escala. El analizador gira 90&#038;deg  y la escala de Vernier del analizador proporciona una medici&#038;oacute n exacta del &#038;aacute ngulo.<\/p>\n<p><strong>Iluminaci&#038;oacute n K&#038;ouml hler<\/strong><\/p>\n<p>La iluminaci&#038;oacute n K&#038;ouml hler mejora la calidad de la imagen obtenida de una muestra. Con dicha iluminaci&#038;oacute n, puede lograr la m&#038;aacute xima resoluci&#038;oacute n para cada lente objetivo y una iluminaci&#038;oacute n uniforme del campo de visi&#038;oacute n, sin zonas oscuras en los bordes. La muestra examinada tendr&#038;aacute  un enfoque n&#038;iacute tido y la imagen estar&#038;aacute  libre de artefactos.<\/p>\n<p><strong>Estudio de muestras con luz polarizada<\/strong><\/p>\n<p>El tubo intermedio contiene el analizador y la lente de Bertrand y tiene una ranura para instalar compensadores. El analizador se inserta en el camino de la luz para observar objetos con luz polarizada. Cuando el polarizador y el analizador giran, el &#038;aacute ngulo de polarizaci&#038;oacute n cambia. Puede colocar los dos filtros perpendicularmente entre s&#038;iacute  estableciendo ambos en la posici&#038;oacute n &#038;laquo 0&#038;raquo . Cuando se gira el cuerpo del microscopio, dependiendo del &#038;aacute ngulo de polarizaci&#038;oacute n, la superficie de la muestra refleja la luz de manera diferente. La lente de Bertrand se utiliza para estudios conosc&#038;oacute picos. Los compensadores est&#038;aacute n dise&#038;ntilde ados para mejorar el contraste de las muestras que tienen una birrefringencia d&#038;eacute bil.<\/p>\n<p><strong>Accesorios<\/strong><\/p>\n<p>Existe una gama de accesorios dise&#038;ntilde ados espec&#038;iacute ficamente para este microscopio.<\/p>\n<p>Se pueden utilizar objetivos adicionales para estudiar muestras de hasta 0,22&#038;nbsp &#038;micro m.<\/p>\n<p>Se pueden usar oculares adicionales para ampliar el rango de aumento del microscopio. Estos oculares adicionales le ayudar&#038;aacute n a sacar el m&#038;aacute ximo provecho de la lente objetivo que utilice con m&#038;aacute s frecuencia.<\/p>\n<p>Otros accesorios son una c&#038;aacute mara digital para enviar la imagen obtenida por el microscopio a un monitor y almacenar archivos, y que tiene software para realizar mediciones de muestras en tiempo real. Puede utilizar un portaobjetos de calibraci&#038;oacute n para medir las muestras observadas y usarlo en combinaci&#038;oacute n con un ocular provisto de una escala de medici&#038;oacute n o con el software de la c&#038;aacute mara.<\/p>\n<table>\n<tbody>\n<tr>\n<td>Marca<\/td>\n<td>MAGUS<\/td>\n<\/tr>\n<tr>\n<td>Garant\u00eda<\/td>\n<td>5 \u043b\u0435\u0442<\/td>\n<\/tr>\n<tr>\n<td>EAN<\/td>\n<td>5905555018508<\/td>\n<\/tr>\n<tr>\n<td>Tama\u00f1o de paquete (LxAn.xAl.)<\/td>\n<td>43x27x63 cm<\/td>\n<\/tr>\n<tr>\n<td>Peso del env\u00edo<\/td>\n<td>14.5 kg<\/td>\n<\/tr>\n<tr>\n<td>Tipo<\/td>\n<td>biol\u00f3gico, luz\/\u00f3ptico<\/td>\n<\/tr>\n<tr>\n<td>Cabezal<\/td>\n<td>trinocular<\/td>\n<\/tr>\n<tr>\n<td>Boquilla<\/td>\n<td>Siedentopf<\/td>\n<\/tr>\n<tr>\n<td>\u00c1ngulo de inclinaci\u00f3n de cabezal<\/td>\n<td>30\u00b0<\/td>\n<\/tr>\n<tr>\n<td>Ampliaci\u00f3n, x<\/td>\n<td>40\u2013600 configuraci\u00f3n b\u00e1sica (*opcional: 40\u2013 1000\/1250\/1500\/2000\/2500)<\/td>\n<\/tr>\n<tr>\n<td>Di\u00e1metro del tubo del ocular, mm<\/td>\n<td>30<\/td>\n<\/tr>\n<tr>\n<td>Oculares<\/td>\n<td>10\u0445\/22 mm, distancia de acomodaci\u00f3n ocular: 10 mm  10\u0445\/22 mm con escala de medici\u00f3n (*opcional: 10x\/22 mm con ret\u00edcula  12,5x\/14  15x\/15  20x\/12  25x\/9)<\/td>\n<\/tr>\n<tr>\n<td>Objetivos<\/td>\n<td>acrom\u00e1ticos de plan infinito, sin tensiones: PL 4x\/0,10  PL 10x\/0,25  PL 40x\/0,65  PL 60x\/0,80 (*opcional: PL 5x\/0,12  PL 20x\/0,4  PL 100x\/1,25 (aceite)  PL 100x\/0,8 (seco))  altura parafocal de 45 mm, dise\u00f1ados para trabajar con cubreobjetos de 0,17 mm de espesor<\/td>\n<\/tr>\n<tr>\n<td>Rev\u00f3lver<\/td>\n<td>para 5 objetivos, centrado<\/td>\n<\/tr>\n<tr>\n<td>Distancia de trabajo, mm<\/td>\n<td>21 (4x)  5,0 (10x)  0,66 (40x)  0,46 (60x)  26,1 (5x)  8,8 (20x)  0,36 (100x (aceite))  2,02 (100x (seco))<\/td>\n<\/tr>\n<tr>\n<td>Distancia interpupilar, mm<\/td>\n<td>48 \u2014 75<\/td>\n<\/tr>\n<tr>\n<td>Platina, mm<\/td>\n<td>\u00d8150<\/td>\n<\/tr>\n<tr>\n<td>Platina<\/td>\n<td>giratorio 360\u00b0, centrado, graduaci\u00f3n de 1\u00b0 del \u00e1ngulo de rotaci\u00f3n  una escala de Vernier para medir \u00e1ngulos con una exactitud de 0,1\u00b0<\/td>\n<\/tr>\n<tr>\n<td>Ajuste di\u00f3ptrico<\/td>\n<td>\u00b15 (en el tubo izquierdo)<\/td>\n<\/tr>\n<tr>\n<td>Condensador<\/td>\n<td>condensador Abbe NA 1,25 con diafragma de apertura ajustable y lente giratoria<\/td>\n<\/tr>\n<tr>\n<td>Diafragma<\/td>\n<td>diafragma de apertura ajustable, diafragma de campo iris ajustable<\/td>\n<\/tr>\n<tr>\n<td>Enfoque<\/td>\n<td>coaxial, enfoque aproximado (21 mm, 39,8 mm\/c\u00edrculo, con mando de bloqueo y mando de ajuste de tensi\u00f3n) y enfoque preciso (0,002 mm)<\/td>\n<\/tr>\n<tr>\n<td>Iluminaci\u00f3n<\/td>\n<td>hal\u00f3gena<\/td>\n<\/tr>\n<tr>\n<td>Ajuste del brillo<\/td>\n<td>yes<\/td>\n<\/tr>\n<tr>\n<td>Alimentaci\u00f3n<\/td>\n<td>220\u00b122 V, 50 Hz, alimentaci\u00f3n de red de CA<\/td>\n<\/tr>\n<tr>\n<td>Tipo de fuente de iluminaci\u00f3n<\/td>\n<td>l\u00e1mpara hal\u00f3gena: 12V\/30W<\/td>\n<\/tr>\n<tr>\n<td>Intervalo de temperatura de funcionamiento, \u00b0C<\/td>\n<td>5 \u2014 35<\/td>\n<\/tr>\n<tr>\n<td>Nivel de usuario<\/td>\n<td>usuarios experimentados, profesionales<\/td>\n<\/tr>\n<tr>\n<td>Montaje y nivel de dificultad de instalaci\u00f3n<\/td>\n<td>complicado<\/td>\n<\/tr>\n<tr>\n<td>Polarizador<\/td>\n<td>con marcas de 0\u00b0, 90\u00b0, 180\u00b0, 270\u00b0 en la escala  giro de 360\u00b0<\/td>\n<\/tr>\n<tr>\n<td>Tubo intermedio<\/td>\n<td>analizador integrado con giro de 0\u2013360\u00b0  escala de Vernier para medir \u00e1ngulos con una exactitud de 0,1\u00b0  lente de Bertrand  ranura para instalar compensadores<\/td>\n<\/tr>\n<tr>\n<td>Compensador<\/td>\n<td>compensador \u03bb  compensador \u03bb\/4  cu\u00f1a de cuarzo<\/td>\n<\/tr>\n<tr>\n<td>Aplicaci\u00f3n<\/td>\n<td>laboratorio\/m\u00e9dico<\/td>\n<\/tr>\n<tr>\n<td>Ubicaci\u00f3n de la iluminaci\u00f3n<\/td>\n<td>inferior<\/td>\n<\/tr>\n<tr>\n<td>M\u00e9todo de investigaci\u00f3n<\/td>\n<td>campo claro, polarizaci\u00f3n<\/td>\n<\/tr>\n<tr>\n<td>Funda\/malet\u00edn\/bolsa incluida en el kit<\/td>\n<td>cubierta protectora<\/td>\n<\/tr>\n<\/tbody>\n<\/table>\n","protected":false},"excerpt":{"rendered":"<p>El microscopio polarizador MAGUS Pol 800 se utiliza para estudiar objetos anis\u00f3tropos en luz transmitida ordinaria y polarizada. Los objetos de estudio pueden ser biol\u00f3gicos, geol\u00f3gicos o polim\u00e9ricos. La \u00f3ptica del microscopio est\u00e1 libre de tensiones, es decir, no crea refracciones par\u00e1sitas. Forman una imagen clara, de alto contraste y aut\u00e9ntica. La funcionalidad del microscopio es \u00fatil en diversos campos de la ciencia: medicina, medicina forense, mineralog\u00eda, petrograf\u00eda, cristalograf\u00eda, etc.<\/p>\n","protected":false},"featured_media":82952,"template":"","meta":{"_exactmetrics_skip_tracking":false,"_exactmetrics_sitenote_active":false,"_exactmetrics_sitenote_note":"","_exactmetrics_sitenote_category":0},"product_brand":[],"product_cat":[610],"product_tag":[],"class_list":{"0":"post-84530","1":"product","2":"type-product","3":"status-publish","4":"has-post-thumbnail","6":"product_cat-polarizacion","7":"product_shipping_class-microscopio","9":"first","10":"instock","11":"taxable","12":"shipping-taxable","13":"purchasable","14":"product-type-simple"},"_links":{"self":[{"href":"https:\/\/microscopistas.com\/en\/wp-json\/wp\/v2\/product\/84530","targetHints":{"allow":["GET"]}}],"collection":[{"href":"https:\/\/microscopistas.com\/en\/wp-json\/wp\/v2\/product"}],"about":[{"href":"https:\/\/microscopistas.com\/en\/wp-json\/wp\/v2\/types\/product"}],"wp:featuredmedia":[{"embeddable":true,"href":"https:\/\/microscopistas.com\/en\/wp-json\/wp\/v2\/media\/82952"}],"wp:attachment":[{"href":"https:\/\/microscopistas.com\/en\/wp-json\/wp\/v2\/media?parent=84530"}],"wp:term":[{"taxonomy":"product_brand","embeddable":true,"href":"https:\/\/microscopistas.com\/en\/wp-json\/wp\/v2\/product_brand?post=84530"},{"taxonomy":"product_cat","embeddable":true,"href":"https:\/\/microscopistas.com\/en\/wp-json\/wp\/v2\/product_cat?post=84530"},{"taxonomy":"product_tag","embeddable":true,"href":"https:\/\/microscopistas.com\/en\/wp-json\/wp\/v2\/product_tag?post=84530"}],"curies":[{"name":"wp","href":"https:\/\/api.w.org\/{rel}","templated":true}]}}