{"id":84529,"date":"2024-07-29T18:28:44","date_gmt":"2024-07-29T16:28:44","guid":{"rendered":"http:\/\/microscopistas.com\/?post_type=product&#038;p=84529"},"modified":"2024-07-29T19:02:53","modified_gmt":"2024-07-29T17:02:53","slug":"estereomicroscopio-magus-stereo-9t","status":"publish","type":"product","link":"https:\/\/microscopistas.com\/en\/producto\/estereomicroscopio-magus-stereo-9t\/","title":{"rendered":"Estereomicroscopio MAGUS Stereo 9T"},"content":{"rendered":"<p>El estereomicroscopio MAGUS Stereo 9T obtiene una imagen tridimensional no invertida y tiene una gran distancia de trabajo. Le permite examinar muestras y tambi\u00e9n realizar experimentos con ellas. El dise\u00f1o \u00f3ptico Greenough produce im\u00e1genes n\u00edtidas y tridimensionales, lo cual es esencial para observaciones de alta precisi\u00f3n. El microscopio est\u00e1 equipado con una lente de tipo zoom y dos fuentes de luz (luz transmitida y reflejada) y, opcionalmente, se puede ampliar con accesorios adicionales. Es una excelente opci\u00f3n para trabajos de restauraci\u00f3n, soldadura, construcci\u00f3n de maquetas, reparaci\u00f3n de maquinaria y control de calidad.<\/p>\n<p><strong>\u00d3ptica<\/strong><\/p>\n<p>El microscopio tiene un cabezal trinocular con un tubo trinocular para instalar una c\u00e1mara. Se incluye un adaptador de montura C, pero se debe comprar una c\u00e1mara digital por separado. El cabezal trinocular gira 360\u00b0. El objetivo de tipo zoom combinado con un ocular de 10x proporciona un aumento de 7x a 63x. Gracias al objetivo de tipo zoom, el grado de aumento cambia sin reducir el enfoque. Si utiliza objetivos auxiliares (no incluidos en el kit), puede cambiar el rango de aumento, la distancia de trabajo y el campo de visi\u00f3n del microscopio. Con accesorios opcionales, el aumento del microscopio se puede incrementar hasta 315x.<\/p>\n<p><strong>Iluminaci\u00f3n<\/strong><\/p>\n<p>La zona de trabajo est\u00e1 iluminada por dos fuentes de luz LED: una fuente de luz transmitida de 5 W y una fuente de luz oblicua reflejada de 3 W. Ambas fuentes de luz funcionan con corriente alterna, son brillantes, no cambian la temperatura del color al ajustar el brillo y tienen una vida \u00fatil de 50.000 horas.<\/p>\n<p><strong>Platina y mecanismo de enfoque<\/strong> <\/p>\n<p>En la platina se instala una de las placas incluidas: placa de doble cara blanca y negra, placa blanca o placa transparente. La primera placa se utiliza para observar objetos opacos y aporta un alto contraste a la imagen. Las muestras de color oscuro se examinan utilizando la cara blanca de la placa, mientras que para las muestras de color claro se utiliza la cara negra. Las placas blanca y transparente se utilizan cuando se observan muestras transl\u00facidas y transparentes y se desea lograr el m\u00e1ximo brillo y una iluminaci\u00f3n uniforme de la zona de trabajo.<\/p>\n<p>El microscopio tiene un mecanismo de enfoque aproximado y enfoque preciso. El enfoque preciso se utiliza con aumentos mayores que 40x. El enfoque aproximado tiene un mando de ajuste de la tensi\u00f3n.<\/p>\n<p><strong>Accesorios<\/strong><\/p>\n<p>Para ampliar las prestaciones del microscopio, utilice accesorios adicionales tales como oculares, lentes auxiliares, portaobjetos de calibraci\u00f3n y c\u00e1maras digitales. Tambi\u00e9n es posible instalar un dispositivo para observaciones con luz polarizada.<\/p>\n<p><strong>Caracter\u00edsticas principales:<\/strong><\/p>\n<ul>\n<li>Objetivo de tipo zoom con una relaci\u00f3n de zoom de 9:1<\/li>\n<li>Cabezal trinocular con rotaci\u00f3n de 360\u00b0, tubo trinocular para toma de fotos y grabaci\u00f3n de v\u00eddeo<\/li>\n<li>Dise\u00f1o \u00f3ptico Greenough, imagen tridimensional con una gran profundidad de campo<\/li>\n<li>Iluminaci\u00f3n transmitida y reflejada (oblicua), dos fuentes de luz LED duraderos<\/li>\n<li>Accesorios opcionales para mejorar el rendimiento del microscopio<\/li>\n<\/ul>\n<p><strong>El kit incluye:<\/strong><\/p>\n<ul>\n<li>Base con fuente de luz transmitida integrada y fuente de alimentaci\u00f3n<\/li>\n<li>Cuerpo con mecanismo de enfoque<\/li>\n<li>Cabezal trinocular <\/li>\n<li>Ocular de 10x\/22 mm (2 unidades)<\/li>\n<li>Placa de platina blanca y negra<\/li>\n<li>Placa blanca <\/li>\n<li>Placa transparente<\/li>\n<li>Iluminador oblicuo de luz reflejada <\/li>\n<li>Adaptador de montura C <\/li>\n<li>Cable de alimentaci\u00f3n CA<\/li>\n<li>Cubierta protectora <\/li>\n<li>Manual del usuario y tarjeta de garant\u00eda<\/li>\n<\/ul>\n<p><strong>Disponible bajo petici\u00f3n:<\/strong><\/p>\n<ul>\n<li>Ocular de 15x\/15 mm (2 unidades)<\/li>\n<li>Ocular de 16x\/15 mm (2 unidades)<\/li>\n<li>Ocular de 20x\/12 mm (2 unidades)<\/li>\n<li>Ocular de 25x\/9 mm (2 unidades)<\/li>\n<li>Objetivo auxiliar de 0,5x<\/li>\n<li>Objetivo auxiliar de 2x<\/li>\n<li>Iluminador de luz anular reflejada<\/li>\n<li>Dispositivo de polarizaci\u00f3n<\/li>\n<li>C\u00e1mara digital<\/li>\n<li>Portaobjetos de calibraci\u00f3n<\/li>\n<\/ul>\n<table>\n<tbody>\n<tr>\n<td>Marca<\/td>\n<td>MAGUS<\/td>\n<\/tr>\n<tr>\n<td>Garant\u00eda<\/td>\n<td>5 \u043b\u0435\u0442<\/td>\n<\/tr>\n<tr>\n<td>EAN<\/td>\n<td>5905555018560<\/td>\n<\/tr>\n<tr>\n<td>Tama\u00f1o de paquete (LxAn.xAl.)<\/td>\n<td>44x42x67 cm<\/td>\n<\/tr>\n<tr>\n<td>Peso del env\u00edo<\/td>\n<td>11.5 kg<\/td>\n<\/tr>\n<tr>\n<td>Tipo<\/td>\n<td>est\u00e9reo\/instrumental<\/td>\n<\/tr>\n<tr>\n<td>Cabezal<\/td>\n<td>trinocular<\/td>\n<\/tr>\n<tr>\n<td>Boquilla<\/td>\n<td>giratorio 360\u00b0<\/td>\n<\/tr>\n<tr>\n<td>\u00c1ngulo de inclinaci\u00f3n de cabezal<\/td>\n<td>45\u00b0<\/td>\n<\/tr>\n<tr>\n<td>Ampliaci\u00f3n, x<\/td>\n<td>configuraci\u00f3n b\u00e1sica: 7\u201363 (*opcional: 3,5\u2013315)  relaci\u00f3n de zoom 9:1<\/td>\n<\/tr>\n<tr>\n<td>Rango de ampliaci\u00f3n<\/td>\n<td>hasta 200x<\/td>\n<\/tr>\n<tr>\n<td>Di\u00e1metro del tubo del ocular, mm<\/td>\n<td>30<\/td>\n<\/tr>\n<tr>\n<td>Oculares<\/td>\n<td>10x\/22 mm, larga distancia de acomodaci\u00f3n ocular (*opcional: 15x\/15 mm, 16x\/15 mm, 20x\/12 mm, 25x\/9 mm)<\/td>\n<\/tr>\n<tr>\n<td>Objetivos<\/td>\n<td>0,7\u20136,3x (*opcional: con objetivo auxiliar de 0,5x: 0,35\u20133,15x  con objetivo auxiliar de 2x: 1,4\u201312,6x)<\/td>\n<\/tr>\n<tr>\n<td>Distancia de trabajo, mm<\/td>\n<td>110 (con objetivo auxiliar de 0,5x: 188  con objetivo auxiliar de 2x: 40,4)<\/td>\n<\/tr>\n<tr>\n<td>Distancia interpupilar, mm<\/td>\n<td>53 \u2014 75<\/td>\n<\/tr>\n<tr>\n<td>Campo de visi\u00f3n, mm<\/td>\n<td>31,43\u20133,49 (con objetivo auxiliar de 0,5x: 62,85\u20136,98  con objetivo auxiliar de 2x: 15,71\u20131,745), con ocular de 10x<\/td>\n<\/tr>\n<tr>\n<td>Platina, mm<\/td>\n<td>\u00d890<\/td>\n<\/tr>\n<tr>\n<td>Platina<\/td>\n<td>placa blanca, placa negra\/blanca, placa transparente<\/td>\n<\/tr>\n<tr>\n<td>Ajuste di\u00f3ptrico<\/td>\n<td>\u00b15D en cada ocular<\/td>\n<\/tr>\n<tr>\n<td>Enfoque<\/td>\n<td>coaxial, aproximado (83 mm, con ajuste de tensi\u00f3n del enfoque aproximado) y enfoque preciso (0,002 mm)<\/td>\n<\/tr>\n<tr>\n<td>Iluminaci\u00f3n<\/td>\n<td>LED<\/td>\n<\/tr>\n<tr>\n<td>Ajuste del brillo<\/td>\n<td>yes<\/td>\n<\/tr>\n<tr>\n<td>Alimentaci\u00f3n<\/td>\n<td>220 V\/50 Hz, alimentaci\u00f3n de red de CA<\/td>\n<\/tr>\n<tr>\n<td>Tipo de fuente de iluminaci\u00f3n<\/td>\n<td>fuente de luz oblicua reflejada: LED de 3 W  luz transmitida: LED de 5 W<\/td>\n<\/tr>\n<tr>\n<td>Posibilidad de conectar accesorios<\/td>\n<td>dispositivo de polarizaci\u00f3n<\/td>\n<\/tr>\n<tr>\n<td>Nivel de usuario<\/td>\n<td>usuarios experimentados, profesionales<\/td>\n<\/tr>\n<tr>\n<td>Montaje y nivel de dificultad de instalaci\u00f3n<\/td>\n<td>complicado<\/td>\n<\/tr>\n<tr>\n<td>Sistema \u00f3ptico<\/td>\n<td>Greenough<\/td>\n<\/tr>\n<tr>\n<td>Aplicaci\u00f3n<\/td>\n<td>investigaci\u00f3n aplicada<\/td>\n<\/tr>\n<tr>\n<td>Ubicaci\u00f3n de la iluminaci\u00f3n<\/td>\n<td>doble<\/td>\n<\/tr>\n<tr>\n<td>M\u00e9todo de investigaci\u00f3n<\/td>\n<td>campo claro<\/td>\n<\/tr>\n<tr>\n<td>Funda\/malet\u00edn\/bolsa incluida en el kit<\/td>\n<td>cubierta protectora<\/td>\n<\/tr>\n<tr>\n<td>Peso, kg<\/td>\n<td>8<\/td>\n<\/tr>\n<tr>\n<td>Dimensiones, mm<\/td>\n<td>280x463x335<\/td>\n<\/tr>\n<\/tbody>\n<\/table>\n","protected":false},"excerpt":{"rendered":"<p>El estereomicroscopio MAGUS Stereo 9T obtiene una imagen tridimensional no invertida y tiene una gran distancia de trabajo. Le permite examinar muestras y tambi\u00e9n realizar experimentos con ellas. El dise\u00f1o \u00f3ptico Greenough produce im\u00e1genes n\u00edtidas y tridimensionales, lo cual es esencial para observaciones de alta precisi\u00f3n. El microscopio est\u00e1 equipado con una lente de tipo zoom y dos fuentes de luz (luz transmitida y reflejada) y, opcionalmente, se puede ampliar con accesorios adicionales. Es una excelente opci\u00f3n para trabajos de restauraci\u00f3n, soldadura, construcci\u00f3n de maquetas, reparaci\u00f3n de maquinaria y control de calidad.<\/p>\n","protected":false},"featured_media":82949,"template":"","meta":{"_exactmetrics_skip_tracking":false,"_exactmetrics_sitenote_active":false,"_exactmetrics_sitenote_note":"","_exactmetrics_sitenote_category":0},"product_brand":[],"product_cat":[614],"product_tag":[],"class_list":{"0":"post-84529","1":"product","2":"type-product","3":"status-publish","4":"has-post-thumbnail","6":"product_cat-estereomicroscopios","7":"product_shipping_class-microscopio","9":"first","10":"instock","11":"taxable","12":"shipping-taxable","13":"purchasable","14":"product-type-simple"},"_links":{"self":[{"href":"https:\/\/microscopistas.com\/en\/wp-json\/wp\/v2\/product\/84529","targetHints":{"allow":["GET"]}}],"collection":[{"href":"https:\/\/microscopistas.com\/en\/wp-json\/wp\/v2\/product"}],"about":[{"href":"https:\/\/microscopistas.com\/en\/wp-json\/wp\/v2\/types\/product"}],"wp:featuredmedia":[{"embeddable":true,"href":"https:\/\/microscopistas.com\/en\/wp-json\/wp\/v2\/media\/82949"}],"wp:attachment":[{"href":"https:\/\/microscopistas.com\/en\/wp-json\/wp\/v2\/media?parent=84529"}],"wp:term":[{"taxonomy":"product_brand","embeddable":true,"href":"https:\/\/microscopistas.com\/en\/wp-json\/wp\/v2\/product_brand?post=84529"},{"taxonomy":"product_cat","embeddable":true,"href":"https:\/\/microscopistas.com\/en\/wp-json\/wp\/v2\/product_cat?post=84529"},{"taxonomy":"product_tag","embeddable":true,"href":"https:\/\/microscopistas.com\/en\/wp-json\/wp\/v2\/product_tag?post=84529"}],"curies":[{"name":"wp","href":"https:\/\/api.w.org\/{rel}","templated":true}]}}