{"id":84528,"date":"2024-07-29T18:28:44","date_gmt":"2024-07-29T16:28:44","guid":{"rendered":"http:\/\/microscopistas.com\/?post_type=product&#038;p=84528"},"modified":"2024-07-29T18:28:44","modified_gmt":"2024-07-29T16:28:44","slug":"microscopio-invertido-de-fluorescencia-magus-lum-v500l","status":"publish","type":"product","link":"https:\/\/microscopistas.com\/en\/producto\/microscopio-invertido-de-fluorescencia-magus-lum-v500l\/","title":{"rendered":"Microscopio invertido de fluorescencia MAGUS Lum V500L"},"content":{"rendered":"<p>El modelo MAGUS Lum V500L es un microscopio invertido para microscop\u00eda de fluorescencia con luz reflejada y microscop\u00eda de campo claro y contraste de fases con luz transmitida. Para la microscop\u00eda de fluorescencia se utilizan filtros de fluorocromo DAPI, FITC y TRITC. El dise\u00f1o invertido del microscopio le permite estudiar muestras contenidas en recipientes de laboratorio, tales como placas de Petri, frascos, etc. La altura m\u00e1xima de los recipientes de laboratorio puede ser 55 mm, o 165 mm si se inclina el soporte. La \u00f3ptica est\u00e1 dise\u00f1ada para trabajar con recipientes de laboratorio con un grosor de 1,2 mm en la base. El microscopio es ideal para trabajos de investigaci\u00f3n y trabajos cotidianos de laboratorio y se puede utilizar con fines educativos.<\/p>\n<p><strong>\u00d3ptica<\/strong><\/p>\n<p>Dos opciones para instalar una c\u00e1mara digital y un monitor: el tubo trinocular es para instalar un monitor (no incluido en el kit) y el puerto lateral del cuerpo es para instalar una c\u00e1mara digital (no incluida en el kit). Existe divisi\u00f3n del haz de luz: divisi\u00f3n del haz seg\u00fan las proporciones 100\/0 y 0\/100 (cuerpo del microscopio) y seg\u00fan la proporci\u00f3n 80\/20 (cabezal trinocular). El \u00e1ngulo de inclinaci\u00f3n de 45\u00b0 del tubo ocular permite realizar observaciones con la m\u00e1xima comodidad. Al montar el microscopio, el usuario puede girar los tubos oculares 180\u00b0.<\/p>\n<p>El kit incluye seis objetivos plano acrom\u00e1ticos: tres de ellos para microscop\u00eda de campo claro y de fluorescencia, y otros tres para microscop\u00eda de contraste de fases. Los objetivos est\u00e1n corregidos al infinito y tienen una larga distancia de trabajo. El rev\u00f3lver giratorio tiene seis posiciones para instalar objetivos. Est\u00e1 situado debajo de la platina sobre un soporte.<\/p>\n<p><strong>Iluminaci\u00f3n<\/strong><\/p>\n<p>La fuente de excitaci\u00f3n de fluorescencia es un LED de 5 W con una vida \u00fatil de 50.000 horas. Hay tres filtros de excitaci\u00f3n: filtros de fluorocromo DAPI, FITC y TRITC. La iluminaci\u00f3n LED es m\u00e1s eficiente respecto al uso de la energ\u00eda y m\u00e1s f\u00e1cil de mantener que la iluminaci\u00f3n de mercurio, por lo que se recomienda su uso en universidades. La iluminaci\u00f3n LED proporciona consistencia del color. Los LED se encienden y apagan r\u00e1pidamente y no se sobrecalientan durante un funcionamiento prolongado.<\/p>\n<p>La fuente de luz transmitida es tambi\u00e9n un LED de 5 W. Es lo suficientemente brillante para las t\u00e9cnicas de microscop\u00eda de campo claro y contraste de fases con cada objetivo.<\/p>\n<p>Tanto la iluminaci\u00f3n reflejada como la transmitida se pueden ajustar de acuerdo con el m\u00e9todo de iluminaci\u00f3n K\u00f6hler. Este m\u00e9todo le permite alcanzar el l\u00edmite m\u00e1ximo de resoluci\u00f3n para cada objetivo y obtener una imagen clara y n\u00edtida, sin artefactos ni zonas oscuras en los bordes. <\/p>\n<p>El microscopio est\u00e1 equipado con un condensador de contraste de fases: tres posiciones del condensador se utilizan para objetivos de fase con aumentos de 10x, 20x y 40x, y la cuarta posici\u00f3n se utiliza para la microscop\u00eda de campo claro. Los anillos de fase se pueden centrar. Puede pasar de una t\u00e9cnica de microscop\u00eda a otra girando un disco.<\/p>\n<p><strong>Platina y mecanismo de enfoque<\/strong> <\/p>\n<p>La platina es fija y est\u00e1 provista de un micr\u00f3metro mec\u00e1nico para mover los recipientes de laboratorio y tres soportes de ventosa de diferentes tama\u00f1os. Los recipientes de laboratorio se pueden mover en dos direcciones perpendiculares entre s\u00ed en el plano horizontal. El microscopio tiene un mecanismo de enfoque aproximado y enfoque preciso. El mecanismo de enfoque aproximado tiene un mando de bloqueo y ajuste de tensi\u00f3n. Los mandos de ajuste del enfoque tienen un dise\u00f1o ergon\u00f3mico para permitir al usuario mantener una postura relajada mientras trabaja.<\/p>\n<p><strong>Accesorios<\/strong><\/p>\n<p>El microscopio se puede equipar con oculares adicionales, portaobjetos de calibraci\u00f3n o una c\u00e1mara digital, pertenecientes a la gama de accesorios MAGUS.<\/p>\n<p><strong>Caracter\u00edsticas principales:<\/strong><\/p>\n<ul>\n<li>Dise\u00f1o invertido para observar muestras contenidas en recipientes de laboratorio que tienen un grosor m\u00e1ximo de 1,2 mm en la base y una altura m\u00e1xima de 55 mm, o de 165 mm si el soporte se inclina hacia arriba<\/li>\n<li>T\u00e9cnicas de microscop\u00eda: fluorescencia (luz reflejada), campo claro y contraste de fases (luz transmitida)<\/li>\n<li>Sistema de iluminaci\u00f3n K\u00f6hler para luz transmitida y reflejada  l\u00e1mparas LED de 5 W de larga duraci\u00f3n como fuentes de luz<\/li>\n<li>Hay tres filtros de excitaci\u00f3n: filtros de fluorocromo DAPI, FITC y TRITC.<\/li>\n<li>Condensador de contraste de fases para un cambio r\u00e1pido y c\u00f3modo entre t\u00e9cnicas de microscop\u00eda<\/li>\n<li>Cabezal trinocular  dos opciones para montar una c\u00e1mara o monitor: divisi\u00f3n del haz de luz seg\u00fan las proporciones 100\/0 y 0\/100 (en el cuerpo), y divisi\u00f3n del haz seg\u00fan la proporci\u00f3n 80\/20 (en el cabezal)<\/li>\n<\/ul>\n<p><strong>El kit incluye:<\/strong><\/p>\n<ul>\n<li>Base con entrada de corriente, fuente de luz reflejada, fuente de luz transmitida, condensador, mecanismo de enfoque, platina y rev\u00f3lver giratorio<\/li>\n<li>Cabezal trinocular<\/li>\n<li>Objetivo plano acrom\u00e1tico corregido al infinito: PLL 10x\/0,25 fase WD 4,3 mm<\/li>\n<li>Objetivo plano acrom\u00e1tico corregido al infinito: PLL 20\u0445\/0,40 WD 8,0 mm<\/li>\n<li>Objetivo plano acrom\u00e1tico corregido al infinito: PLL 40\u0445\/0,60 WD 3,5 mm<\/li>\n<li>Objetivo plano acrom\u00e1tico corregido al infinito: PLL 10x\/0,25 PHP2 WD 4,3 mm<\/li>\n<li>Objetivo plano acrom\u00e1tico corregido al infinito: PLL 20x\/0,40 PHP2 WD 8,0 mm<\/li>\n<li>Objetivo plano acrom\u00e1tico corregido al infinito: PLL 40x\/0,60 PHP2 WD 3,5 mm<\/li>\n<li>Ocular de 10x\/22 mm con larga distancia de acomodaci\u00f3n ocular (2 unidades)<\/li>\n<li>Pantalla protectora para rayos UV<\/li>\n<li>Adaptador de montura C con poder de aumento 1x<\/li>\n<li>Llave hexagonal<\/li>\n<li>Cable de alimentaci\u00f3n<\/li>\n<li>Cubierta protectora<\/li>\n<li>Manual del usuario y tarjeta de garant\u00eda<\/li>\n<\/ul>\n<p><strong>Disponible bajo petici\u00f3n:<\/strong><\/p>\n<ul>\n<li>Ocular de 10x\/22 mm con escala de medici\u00f3n<\/li>\n<li>Ocular de 12,5x\/14 mm (2 unidades)<\/li>\n<li>Ocular de 15x\/15 mm (2 unidades)<\/li>\n<li>Ocular de 20x\/12 mm (2 unidades)<\/li>\n<li>Ocular de 25x\/ 9 mm (2 unidades)<\/li>\n<li>C\u00e1mara digital<\/li>\n<li>Portaobjetos de calibraci\u00f3n<\/li>\n<\/ul>\n<table>\n<tbody>\n<tr>\n<td>Marca<\/td>\n<td>MAGUS<\/td>\n<\/tr>\n<tr>\n<td>Garant\u00eda<\/td>\n<td>5 \u043b\u0435\u0442<\/td>\n<\/tr>\n<tr>\n<td>EAN<\/td>\n<td>5905555018232<\/td>\n<\/tr>\n<tr>\n<td>Tama\u00f1o de paquete (LxAn.xAl.)<\/td>\n<td>38x61x82 cm<\/td>\n<\/tr>\n<tr>\n<td>Peso del env\u00edo<\/td>\n<td>24 kg<\/td>\n<\/tr>\n<tr>\n<td>Tipo<\/td>\n<td>biol\u00f3gico, luz\/\u00f3ptico<\/td>\n<\/tr>\n<tr>\n<td>Cabezal<\/td>\n<td>trinocular<\/td>\n<\/tr>\n<tr>\n<td>Boquilla<\/td>\n<td>Siedentopf, giratorio 180\u00b0<\/td>\n<\/tr>\n<tr>\n<td>Ampliaci\u00f3n, x<\/td>\n<td>100\u2013400 configuraci\u00f3n b\u00e1sica (*opcional: 40\u2013500\/600\/800\/1000)<\/td>\n<\/tr>\n<tr>\n<td>Di\u00e1metro del tubo del ocular, mm<\/td>\n<td>30<\/td>\n<\/tr>\n<tr>\n<td>Oculares<\/td>\n<td>10\u0445\/22 mm, distancia de acomodaci\u00f3n ocular: 10 mm (*opcional: 10x\/22 mm con escala, 12,5x\/14  15x\/15  20x\/12  25x\/9)<\/td>\n<\/tr>\n<tr>\n<td>Objetivos<\/td>\n<td>objetivos plano acrom\u00e1ticos corregidos al infinito(\u221e): PLL 10x\/0,25\/4,3  PLL 20x\/0,40\/8,0  PLL 40x\/0,60\/3,5  fase: PLL 10x\/0,25\/4,3 PHP2  PLL 20x\/0,40\/8,0 PHP2  PLL 40x\/0,60\/3,5 PHP2  distancia parafocal: 45 mm<\/td>\n<\/tr>\n<tr>\n<td>Rev\u00f3lver<\/td>\n<td>para 6 objetivos<\/td>\n<\/tr>\n<tr>\n<td>Distancia de trabajo, mm<\/td>\n<td>4,3 (10\u0445)  8,0 (20x)  3,5 (40x)<\/td>\n<\/tr>\n<tr>\n<td>Distancia interpupilar, mm<\/td>\n<td>48 \u2014 75<\/td>\n<\/tr>\n<tr>\n<td>Platina, mm<\/td>\n<td>227&#215;208<\/td>\n<\/tr>\n<tr>\n<td>Rango de desplazamiento de la platina, mm<\/td>\n<td>77\/134,5<\/td>\n<\/tr>\n<tr>\n<td>Platina<\/td>\n<td>fija, con micr\u00f3metro mec\u00e1nico y placas de vidrio \u00d8118 mm  \u00d8118 mm  soportes de ventosa: 86&#215;129,5 mm, \u00d887,5 mm  34&#215;77,5 mm, \u00d868,5 mm  57&#215;82 mm, \u00d860 mm<\/td>\n<\/tr>\n<tr>\n<td>Condensador<\/td>\n<td>NA 0,6  distancia de trabajo: 55 mm  torreta de contraste de fases  con tornillos de bloqueo<\/td>\n<\/tr>\n<tr>\n<td>Diafragma<\/td>\n<td>diafragma iris de apertura<\/td>\n<\/tr>\n<tr>\n<td>Enfoque<\/td>\n<td>mandos coaxiales de enfoque aproximado y preciso ubicados en ambos lados<\/td>\n<\/tr>\n<tr>\n<td>Iluminaci\u00f3n<\/td>\n<td>hal\u00f3gena, fluorescente<\/td>\n<\/tr>\n<tr>\n<td>Ajuste del brillo<\/td>\n<td>yes<\/td>\n<\/tr>\n<tr>\n<td>Alimentaci\u00f3n<\/td>\n<td>alimentaci\u00f3n de red de CA, 85\u2013265 V, 50\/60 Hz<\/td>\n<\/tr>\n<tr>\n<td>Tipo de fuente de iluminaci\u00f3n<\/td>\n<td>fuente de luz reflejada: LED de 5 W  fuente de luz transmitida: LED de 5 W<\/td>\n<\/tr>\n<tr>\n<td>Filtros de luz<\/td>\n<td>s\u00ed<\/td>\n<\/tr>\n<tr>\n<td>Intervalo de temperatura de funcionamiento, \u00b0C<\/td>\n<td>5 \u2014 35<\/td>\n<\/tr>\n<tr>\n<td>Caracter\u00edsticas especiales<\/td>\n<td>condensador de contraste de fase (tipo torreta) con una ranura libre y placas de fase anulares para objetivos de 10x, 20x y 40x  microscopio auxiliar de centrado<\/td>\n<\/tr>\n<tr>\n<td>Nivel de usuario<\/td>\n<td>usuarios experimentados, profesionales<\/td>\n<\/tr>\n<tr>\n<td>Montaje y nivel de dificultad de instalaci\u00f3n<\/td>\n<td>complicado<\/td>\n<\/tr>\n<tr>\n<td>M\u00f3dulo fluorescente<\/td>\n<td>filtros: ultravioleta (UV), violeta (V), azul (B), verde (G)<\/td>\n<\/tr>\n<tr>\n<td>Filtro de fluorescencia: tipo de filtro, longitud de onda de excitaci\u00f3n\/espejo dicroico\/longitud de onda de emisi\u00f3n <\/td>\n<td>ultravioleta (UV), 320\u2013380 nm\/425 nm\/435 nm   violeta (V), 380\u2013415 nm\/455 nm\/475 nm   azul (B), 450\u2013490 nm\/505 nm\/515 nm   verde (G), 495\u2013555 nm\/585 nm\/595 nm<\/td>\n<\/tr>\n<tr>\n<td>Aplicaci\u00f3n<\/td>\n<td>laboratorio\/m\u00e9dico<\/td>\n<\/tr>\n<tr>\n<td>Ubicaci\u00f3n de la iluminaci\u00f3n<\/td>\n<td>doble<\/td>\n<\/tr>\n<tr>\n<td>M\u00e9todo de investigaci\u00f3n<\/td>\n<td>campo claro, microscopio de contraste de fase, fluorescencia<\/td>\n<\/tr>\n<tr>\n<td>Funda\/malet\u00edn\/bolsa incluida en el kit<\/td>\n<td>cubierta protectora<\/td>\n<\/tr>\n<\/tbody>\n<\/table>\n","protected":false},"excerpt":{"rendered":"<p>El modelo MAGUS Lum V500L es un microscopio invertido para microscop\u00eda de fluorescencia con luz reflejada y microscop\u00eda de campo claro y contraste de fases con luz transmitida. Para la microscop\u00eda de fluorescencia se utilizan filtros de fluorocromo DAPI, FITC y TRITC. El dise\u00f1o invertido del microscopio le permite estudiar muestras contenidas en recipientes de laboratorio, tales como placas de Petri, frascos, etc. La altura m\u00e1xima de los recipientes de laboratorio puede ser 55 mm, o 165 mm si se inclina el soporte. La \u00f3ptica est\u00e1 dise\u00f1ada para trabajar con recipientes de laboratorio con un grosor de 1,2 mm en la base. El microscopio es ideal para trabajos de investigaci\u00f3n y trabajos cotidianos de laboratorio y se puede utilizar con fines educativos.<\/p>\n","protected":false},"featured_media":82947,"template":"","meta":{"_exactmetrics_skip_tracking":false,"_exactmetrics_sitenote_active":false,"_exactmetrics_sitenote_note":"","_exactmetrics_sitenote_category":0},"product_brand":[],"product_cat":[],"product_tag":[],"class_list":{"0":"post-84528","1":"product","2":"type-product","3":"status-publish","4":"has-post-thumbnail","7":"first","8":"instock","9":"taxable","10":"shipping-taxable","11":"purchasable","12":"product-type-simple"},"_links":{"self":[{"href":"https:\/\/microscopistas.com\/en\/wp-json\/wp\/v2\/product\/84528","targetHints":{"allow":["GET"]}}],"collection":[{"href":"https:\/\/microscopistas.com\/en\/wp-json\/wp\/v2\/product"}],"about":[{"href":"https:\/\/microscopistas.com\/en\/wp-json\/wp\/v2\/types\/product"}],"wp:featuredmedia":[{"embeddable":true,"href":"https:\/\/microscopistas.com\/en\/wp-json\/wp\/v2\/media\/82947"}],"wp:attachment":[{"href":"https:\/\/microscopistas.com\/en\/wp-json\/wp\/v2\/media?parent=84528"}],"wp:term":[{"taxonomy":"product_brand","embeddable":true,"href":"https:\/\/microscopistas.com\/en\/wp-json\/wp\/v2\/product_brand?post=84528"},{"taxonomy":"product_cat","embeddable":true,"href":"https:\/\/microscopistas.com\/en\/wp-json\/wp\/v2\/product_cat?post=84528"},{"taxonomy":"product_tag","embeddable":true,"href":"https:\/\/microscopistas.com\/en\/wp-json\/wp\/v2\/product_tag?post=84528"}],"curies":[{"name":"wp","href":"https:\/\/api.w.org\/{rel}","templated":true}]}}