{"id":84527,"date":"2024-07-29T18:28:43","date_gmt":"2024-07-29T16:28:43","guid":{"rendered":"http:\/\/microscopistas.com\/?post_type=product&#038;p=84527"},"modified":"2024-07-29T19:03:44","modified_gmt":"2024-07-29T17:03:44","slug":"microscopio-invertido-de-fluorescencia-magus-lum-v500","status":"publish","type":"product","link":"https:\/\/microscopistas.com\/en\/producto\/microscopio-invertido-de-fluorescencia-magus-lum-v500\/","title":{"rendered":"Microscopio invertido de fluorescencia MAGUS Lum V500"},"content":{"rendered":"<p>El microscopio invertido de fluorescencia MAGUS Lum V500 est\u00e1 dise\u00f1ado para observar muestras contenidas en recipientes de laboratorio de hasta 55 mm de alto y un grosor de hasta 1,2 mm en la base. Si se inclina el soporte de la fuente de luz, se pueden utilizar recipientes de laboratorio m\u00e1s grandes, de hasta 165 mm de alto. Puede observar muestras con luz reflejada (t\u00e9cnica de microscop\u00eda de fluorescencia) y luz transmitida (microscop\u00eda de campo claro y de contraste de fases). \u00c1mbitos principales de aplicaci\u00f3n del microscopio: medicina, farmacolog\u00eda, bioqu\u00edmica, epidemiolog\u00eda, etc.<\/p>\n<p><strong>\u00d3ptica<\/strong><\/p>\n<p>El microscopio est\u00e1 equipado con un cabezal trinocular con un tubo trinocular. Hay un puerto lateral para c\u00e1mara en el microscopio. Este dise\u00f1o le permite instalar al mismo tiempo en el microscopio una c\u00e1mara digital y un monitor (no incluidos en el kit). La divisi\u00f3n del haz de luz en el cabezal trinocular se realiza seg\u00fan la proporci\u00f3n 80\/20, y en el cuerpo del microscopio seg\u00fan las proporciones 100\/0 y 0\/100. Los tubos oculares pueden girar 180\u00b0, lo que le permite ajustar la distancia de acomodaci\u00f3n ocular seg\u00fan sus necesidades.<\/p>\n<p>El rev\u00f3lver giratorio se encuentra en el soporte situado debajo de la platina. Tiene seis posiciones libres para instalar objetivos. El kit incluye tres objetivos de contraste de fases y tres objetivos de fluorita de campo claro. Hay objetivos plano acrom\u00e1ticos con una larga distancia de trabajo dise\u00f1ados para trabajar con recipientes de laboratorio con un grosor m\u00e1ximo de 1,2 mm en la base.<\/p>\n<p><strong>Iluminaci\u00f3n<\/strong><\/p>\n<p>La fuente de luz reflejada es una l\u00e1mpara de mercurio de 100 W. Est\u00e1 situada en una cabina para lograr una mejor disipaci\u00f3n del calor y reducir el riesgo de sobrecalentamiento durante un funcionamiento prolongado. La l\u00e1mpara tiene una amplia gama de longitudes de onda y valores m\u00e1ximos, lo que hace que sea adecuada trabajar con diversos colorantes fluorescentes. Filtros de fluorescencia: ultravioleta (UV), violeta (V), azul (B), verde (G). La l\u00e1mpara de mercurio es brillante, proporciona una buena visibilidad y se puede reemplazar f\u00e1cilmente cuando sea necesario.<\/p>\n<p>La fuente de luz transmitida es una l\u00e1mpara hal\u00f3gena de 30 W. Brilla intensamente y el espectro de luz es c\u00e1lido. Por ello, las observaciones realizadas con cada objetivo son eficientes y c\u00f3modas para los ojos. El microscopio dispone de un condensador de contraste de fases con cuatro posiciones: una posici\u00f3n se utiliza para la t\u00e9cnica de campo claro y las otras tres posiciones son para objetivos de contraste de fases con aumentos de 10x, 20x y 40x. Los anillos de fase se pueden centrar. El usuario puede cambiar entre las t\u00e9cnicas de campo claro y contraste de fases girando un disco. Esto es pr\u00e1ctico en los trabajos de investigaci\u00f3n, pues ahorra tiempo.<\/p>\n<p>M\u00e9todo de iluminaci\u00f3n K\u00f6hler para la luz transmitida y reflejada. El uso de este m\u00e9todo le permite obtener una imagen clara y n\u00edtida en alta resoluci\u00f3n, sin artefactos ni zonas oscuras en los bordes de la imagen.<\/p>\n<p><strong>Platina y mecanismo de enfoque<\/strong> <\/p>\n<p>La platina es fija y tiene un mecanismo para mover los recipientes de laboratorio. Los recipientes de laboratorio se pueden mover horizontalmente a lo largo de dos direcciones perpendiculares entre s\u00ed. Este movimiento es preciso y fluido, y hay integrados cuatro soportes de ventosa para sujetar recipientes diferentes tama\u00f1os. El enfoque del microscopio se ajusta mediante mandos de enfoque aproximado y enfoque preciso. El mecanismo de enfoque aproximado tiene un mando de bloqueo y un mando de ajuste de la tensi\u00f3n. Los mandos de enfoque est\u00e1n dispuestos coaxialmente a ambos lados del cuerpo del microscopio.<\/p>\n<p><strong>Accesorios<\/strong><\/p>\n<p>La gama de productos incluye accesorios adicionales para el microscopio MAGUS Lum V500: oculares, c\u00e1maras digitales y portaobjetos de calibraci\u00f3n.<\/p>\n<p><strong>Caracter\u00edsticas principales:<\/strong><\/p>\n<ul>\n<li>Microscop\u00eda de fluorescencia con luz reflejada, as\u00ed como microscop\u00eda de campo claro y contraste de fases con luz transmitida<\/li>\n<li>Posibilidad de observar muestras contenidas en recipientes de laboratorio cuya altura m\u00e1xima sea 55 mm, o 165 mm si se inclina el soporte<\/li>\n<li>L\u00e1mpara de mercurio de 100 W como fuente de luz reflejada, l\u00e1mpara hal\u00f3gena de 30 W como fuente de luz transmitida  sistema de iluminaci\u00f3n K\u00f6hler<\/li>\n<li>Cuatro filtros de fluorescencia: ultravioleta (UV), violeta (V), azul (B) y verde (G)<\/li>\n<li>Cabezal trinocular, con giro de 180\u00b0. Dos opciones para instalar una c\u00e1mara digital y un monitor: divisi\u00f3n del haz de luz seg\u00fan la proporci\u00f3n 80\/20 (cabezal trinocular) o seg\u00fan las proporciones 100\/0 y 0\/100 (en el cuerpo del microscopio)<\/li>\n<li>Platina con soportes para recipientes de laboratorio (placas de Petri) de diferentes di\u00e1metros<\/li>\n<li>Condensador de contraste de fases con una abertura para campo claro y tres aberturas para contraste de fases<\/li>\n<\/ul>\n<p><strong>El kit incluye:<\/strong><\/p>\n<ul>\n<li>Cuerpo del microscopio con fuente de luz transmitida y condensador, mecanismo de enfoque, platina y rev\u00f3lver giratorio<\/li>\n<li>Unidades de fluorescencia <\/li>\n<li>Compartimento de la l\u00e1mpara de mercurio<\/li>\n<li>Cabezal trinocular<\/li>\n<li>Objetivo plano acrom\u00e1tico corregido al infinito: PLL 10x\/0,25 fase WD 4,3 mm<\/li>\n<li>Objetivo plano acrom\u00e1tico corregido al infinito: PLL 20\u0445\/0,40 WD 8,0 mm<\/li>\n<li>Objetivo plano acrom\u00e1tico corregido al infinito: PLL 40\u0445\/0,60 WD 3,5 mm<\/li>\n<li>Objetivo plano acrom\u00e1tico corregido al infinito: PLL 10x\/0,25 PHP2 WD 4,3 mm<\/li>\n<li>Objetivo plano acrom\u00e1tico corregido al infinito: PLL 20x\/0,40 PHP2 WD 8,0 mm<\/li>\n<li>Objetivo plano acrom\u00e1tico corregido al infinito: PLL 40x\/0,60 PHP2 WD 3,5 mm<\/li>\n<li>Ocular de 10x\/22 mm con larga distancia de acomodaci\u00f3n ocular (2 unidades)<\/li>\n<li>Pantalla protectora para rayos UV<\/li>\n<li>Adaptador de montura C con poder de aumento 1x<\/li>\n<li>Llave hexagonal<\/li>\n<li>Fuente de alimentaci\u00f3n de la l\u00e1mpara de mercurio<\/li>\n<li>Cable de alimentaci\u00f3n<\/li>\n<li>Cable de alimentaci\u00f3n del iluminador de luz reflejada<\/li>\n<li>Cubierta protectora<\/li>\n<li>Manual del usuario y tarjeta de garant\u00eda<\/li>\n<\/ul>\n<p><strong>Disponible bajo petici\u00f3n:<\/strong><\/p>\n<ul>\n<li>Ocular de 10x\/22 mm con escala de medici\u00f3n<\/li>\n<li>Ocular de 12,5x\/14 mm (2 unidades)<\/li>\n<li>Ocular de 15x\/15 mm (2 unidades)<\/li>\n<li>Ocular de 20x\/12 mm (2 unidades)<\/li>\n<li>Ocular de 25x\/ 9 mm (2 unidades)<\/li>\n<li>C\u00e1mara digital<\/li>\n<li>Portaobjetos de calibraci\u00f3n<\/li>\n<\/ul>\n<table>\n<tbody>\n<tr>\n<td>Marca<\/td>\n<td>MAGUS<\/td>\n<\/tr>\n<tr>\n<td>Garant\u00eda<\/td>\n<td>5 \u043b\u0435\u0442<\/td>\n<\/tr>\n<tr>\n<td>EAN<\/td>\n<td>5905555018201<\/td>\n<\/tr>\n<tr>\n<td>Tama\u00f1o de paquete (LxAn.xAl.)<\/td>\n<td>38x61x82 cm<\/td>\n<\/tr>\n<tr>\n<td>Peso del env\u00edo<\/td>\n<td>26 kg<\/td>\n<\/tr>\n<tr>\n<td>Tipo<\/td>\n<td>biol\u00f3gico, luz\/\u00f3ptico<\/td>\n<\/tr>\n<tr>\n<td>Cabezal<\/td>\n<td>trinocular<\/td>\n<\/tr>\n<tr>\n<td>Boquilla<\/td>\n<td>Siedentopf, giratorio 180\u00b0<\/td>\n<\/tr>\n<tr>\n<td>Ampliaci\u00f3n, x<\/td>\n<td>100\u2013400 configuraci\u00f3n b\u00e1sica (*opcional: 40\u2013500\/600\/800\/1000)<\/td>\n<\/tr>\n<tr>\n<td>Di\u00e1metro del tubo del ocular, mm<\/td>\n<td>30<\/td>\n<\/tr>\n<tr>\n<td>Oculares<\/td>\n<td>10\u0445\/22 mm, distancia de acomodaci\u00f3n ocular: 10 mm (*opcional: 10x\/22 mm con escala, 12,5x\/14  15x\/15  20x\/12  25x\/9)<\/td>\n<\/tr>\n<tr>\n<td>Objetivos<\/td>\n<td>objetivos plano acrom\u00e1ticos corregidos al infinito(\u221e): PLL 10x\/0,25\/4,3  PLL 20x\/0,40\/8,0  PLL 40x\/0,60\/3,5  fase: PLL 10x\/0,25\/4,3 PHP2  PLL 20x\/0,40\/8,0 PHP2  PLL 40x\/0,60\/3,5 PHP2  distancia parafocal: 45 mm<\/td>\n<\/tr>\n<tr>\n<td>Rev\u00f3lver<\/td>\n<td>para 6 objetivos<\/td>\n<\/tr>\n<tr>\n<td>Distancia de trabajo, mm<\/td>\n<td>4,3 (10\u0445)  8,0 (20x)  3,5 (40x)<\/td>\n<\/tr>\n<tr>\n<td>Distancia interpupilar, mm<\/td>\n<td>48 \u2014 75<\/td>\n<\/tr>\n<tr>\n<td>Platina, mm<\/td>\n<td>227&#215;208<\/td>\n<\/tr>\n<tr>\n<td>Rango de desplazamiento de la platina, mm<\/td>\n<td>77\/134,5<\/td>\n<\/tr>\n<tr>\n<td>Platina<\/td>\n<td>platina fija, con placa de vidrio \u00d8118 mm y micr\u00f3metro mec\u00e1nico  soportes para placas de Petri: 86&#215;129,5, \u00d890 mm  34&#215;77,5 mm, \u00d868,5 mm  57&#215;82 mm, \u00d860 mm  29&#215;77,5 mm, \u00d835 mm<\/td>\n<\/tr>\n<tr>\n<td>Condensador<\/td>\n<td>NA 0,6  distancia de trabajo: 55 mm  torreta de contraste de fases  con tornillos de bloqueo<\/td>\n<\/tr>\n<tr>\n<td>Diafragma<\/td>\n<td>diafragma de apertura ajustable, diafragma de campo iris ajustable<\/td>\n<\/tr>\n<tr>\n<td>Enfoque<\/td>\n<td>coaxial, enfoque aproximado (con ajuste de la tensi\u00f3n y mando de bloqueo) y enfoque preciso (0,002 mm)<\/td>\n<\/tr>\n<tr>\n<td>Iluminaci\u00f3n<\/td>\n<td>hal\u00f3gena, fluorescente<\/td>\n<\/tr>\n<tr>\n<td>Ajuste del brillo<\/td>\n<td>yes<\/td>\n<\/tr>\n<tr>\n<td>Alimentaci\u00f3n<\/td>\n<td>alimentaci\u00f3n de red de CA, 85\u2013265 V, 50\/60 Hz<\/td>\n<\/tr>\n<tr>\n<td>Tipo de fuente de iluminaci\u00f3n<\/td>\n<td>fuente de luz reflejada: l\u00e1mpara de mercurio de 100 W  luz transmitida: bombilla hal\u00f3gena de 12 V, 30 W<\/td>\n<\/tr>\n<tr>\n<td>Filtros de luz<\/td>\n<td>s\u00ed<\/td>\n<\/tr>\n<tr>\n<td>Intervalo de temperatura de funcionamiento, \u00b0C<\/td>\n<td>5 \u2014 35<\/td>\n<\/tr>\n<tr>\n<td>Caracter\u00edsticas especiales<\/td>\n<td>condensador de contraste de fase (tipo torreta) con una ranura libre y placas de fase anulares para objetivos de 10x, 20x y 40x  microscopio auxiliar de centrado<\/td>\n<\/tr>\n<tr>\n<td>Nivel de usuario<\/td>\n<td>usuarios experimentados, profesionales<\/td>\n<\/tr>\n<tr>\n<td>Montaje y nivel de dificultad de instalaci\u00f3n<\/td>\n<td>complicado<\/td>\n<\/tr>\n<tr>\n<td>M\u00f3dulo fluorescente<\/td>\n<td>filtros: ultravioleta (UV), violeta (V), azul (B), verde (G)<\/td>\n<\/tr>\n<tr>\n<td>Filtro de fluorescencia: tipo de filtro, longitud de onda de excitaci\u00f3n\/espejo dicroico\/longitud de onda de emisi\u00f3n <\/td>\n<td>ultravioleta (UV), 320\u2013380 nm\/425 nm\/435 nm   violeta (V), 380\u2013415 nm\/455 nm\/475 nm   azul (B), 450\u2013490 nm\/505 nm\/515 nm   verde (G), 495\u2013555 nm\/585 nm\/595 nm<\/td>\n<\/tr>\n<tr>\n<td>Aplicaci\u00f3n<\/td>\n<td>laboratorio\/m\u00e9dico<\/td>\n<\/tr>\n<tr>\n<td>Ubicaci\u00f3n de la iluminaci\u00f3n<\/td>\n<td>doble<\/td>\n<\/tr>\n<tr>\n<td>M\u00e9todo de investigaci\u00f3n<\/td>\n<td>campo claro, microscopio de contraste de fase, fluorescencia<\/td>\n<\/tr>\n<tr>\n<td>Funda\/malet\u00edn\/bolsa incluida en el kit<\/td>\n<td>cubierta protectora<\/td>\n<\/tr>\n<\/tbody>\n<\/table>\n","protected":false},"excerpt":{"rendered":"<p>El microscopio invertido de fluorescencia MAGUS Lum V500 est\u00e1 dise\u00f1ado para observar muestras contenidas en recipientes de laboratorio de hasta 55 mm de alto y un grosor de hasta 1,2 mm en la base. Si se inclina el soporte de la fuente de luz, se pueden utilizar recipientes de laboratorio m\u00e1s grandes, de hasta 165 mm de alto. Puede observar muestras con luz reflejada (t\u00e9cnica de microscop\u00eda de fluorescencia) y luz transmitida (microscop\u00eda de campo claro y de contraste de fases). \u00c1mbitos principales de aplicaci\u00f3n del microscopio: medicina, farmacolog\u00eda, bioqu\u00edmica, epidemiolog\u00eda, etc.<\/p>\n","protected":false},"featured_media":82944,"template":"","meta":{"_exactmetrics_skip_tracking":false,"_exactmetrics_sitenote_active":false,"_exactmetrics_sitenote_note":"","_exactmetrics_sitenote_category":0},"product_brand":[],"product_cat":[606,612],"product_tag":[],"class_list":{"0":"post-84527","1":"product","2":"type-product","3":"status-publish","4":"has-post-thumbnail","6":"product_cat-fluorescencia","7":"product_cat-invertidos","8":"product_shipping_class-microscopio","10":"first","11":"instock","12":"taxable","13":"shipping-taxable","14":"purchasable","15":"product-type-simple"},"_links":{"self":[{"href":"https:\/\/microscopistas.com\/en\/wp-json\/wp\/v2\/product\/84527","targetHints":{"allow":["GET"]}}],"collection":[{"href":"https:\/\/microscopistas.com\/en\/wp-json\/wp\/v2\/product"}],"about":[{"href":"https:\/\/microscopistas.com\/en\/wp-json\/wp\/v2\/types\/product"}],"wp:featuredmedia":[{"embeddable":true,"href":"https:\/\/microscopistas.com\/en\/wp-json\/wp\/v2\/media\/82944"}],"wp:attachment":[{"href":"https:\/\/microscopistas.com\/en\/wp-json\/wp\/v2\/media?parent=84527"}],"wp:term":[{"taxonomy":"product_brand","embeddable":true,"href":"https:\/\/microscopistas.com\/en\/wp-json\/wp\/v2\/product_brand?post=84527"},{"taxonomy":"product_cat","embeddable":true,"href":"https:\/\/microscopistas.com\/en\/wp-json\/wp\/v2\/product_cat?post=84527"},{"taxonomy":"product_tag","embeddable":true,"href":"https:\/\/microscopistas.com\/en\/wp-json\/wp\/v2\/product_tag?post=84527"}],"curies":[{"name":"wp","href":"https:\/\/api.w.org\/{rel}","templated":true}]}}