{"id":84525,"date":"2024-07-29T18:28:42","date_gmt":"2024-07-29T16:28:42","guid":{"rendered":"http:\/\/microscopistas.com\/?post_type=product&#038;p=84525"},"modified":"2024-07-29T19:18:47","modified_gmt":"2024-07-29T17:18:47","slug":"microscopio-biologico-invertido-magus-bio-v300","status":"publish","type":"product","link":"https:\/\/microscopistas.com\/en\/producto\/microscopio-biologico-invertido-magus-bio-v300\/","title":{"rendered":"Microscopio biol\u00f3gico invertido MAGUS Bio V300"},"content":{"rendered":"<p>El microscopio biol\u00f3gico MAGUS Bio V300 con dise\u00f1o invertido permite estudiar muestras contenidas en envases de laboratorio de hasta 70 mm de altura y con un grosor en la base de hasta 1,2 mm. Los objetos de estudio pueden ser colonias de c\u00e9lulas, cultivos de tejidos, fluidos biol\u00f3gicos, etc. Las muestras no requieren tinci\u00f3n previa. Las observaciones se realizan con luz transmitida. T\u00e9cnicas de microscop\u00eda utilizadas: campo claro y contraste de fases. El microscopio es adecuado para trabajos cotidianos y de investigaci\u00f3n y para fines educativos.<\/p>\n<p><strong>\u00d3ptica<\/strong><\/p>\n<p>El microscopio est\u00e1 equipado con un cabezal trinocular cl\u00e1sico el tubo trinocular se utiliza para instalar una c\u00e1mara digital. La c\u00e1mara no est\u00e1 incluida en el kit. La divisi\u00f3n del haz de luz se realiza seg\u00fan la proporci\u00f3n 50\/50.<br \/>\nEn el rev\u00f3lver giratorio se pueden instalar cuatro objetivos (incluidos en el kit) u objetivos adicionales. Todos los objetivos est\u00e1n dise\u00f1ados para ser utilizados con envases de laboratorio y tienen una larga distancia de trabajo. Se incluyen 3 objetivos plano acrom\u00e1ticos para la t\u00e9cnica de campo claro y 1 objetivo plano acrom\u00e1tico para la t\u00e9cnica de contraste de fases.<\/p>\n<p><strong>Iluminaci\u00f3n<\/strong><\/p>\n<p>La fuente de luz transmitida es un LED de 9 W. La alta potencia del LED hace que la iluminaci\u00f3n de la zona de trabajo sea lo suficientemente brillante como para trabajar con cualquiera de los objetivos y con cualquier t\u00e9cnica de microscop\u00eda. El ajuste del brillo no cambia la temperatura del color. La vida \u00fatil del LED es de 50.000 horas aproximadamente.<br \/>\nEl condensador tiene una ranura para una placa de contraste de fases (incluida en el kit). Los anillos de contraste de fases se pueden centrar. La instalaci\u00f3n de la placa ahorra tiempo al cambiar desde una t\u00e9cnica de microscop\u00eda a otra.<\/p>\n<p><strong>Platina y mecanismo de enfoque<\/strong><\/p>\n<p>Platina mec\u00e1nica fija. Est\u00e1 equipada con soportes para placas de Petri (se incluyen tres soportes de tama\u00f1os diferentes). Las placas de Petri se pueden desplazar a lo largo de los ejes horizontal y vertical mediante un micr\u00f3metro mec\u00e1nico. El mecanismo coaxial de enfoque aproximado y preciso proporciona un enfoque r\u00e1pido y preciso. El enfoque aproximado tiene un mecanismo de bloqueo y un mando de ajuste de la tensi\u00f3n.<\/p>\n<p><strong>Accesorios<\/strong><\/p>\n<p>La gama de accesorios opcionales incluye objetivos de fase, oculares, c\u00e1maras digitales y portaobjetos de calibraci\u00f3n.<\/p>\n<p><strong>Caracter\u00edsticas principales:<\/strong><\/p>\n<ul>\n<li>Uso de las t\u00e9cnicas de microscop\u00eda de campo claro y contraste de fases con luz transmitida estudio de muestras contenidas en envases de laboratorio<\/li>\n<li>La c\u00e1mara digital se instala en tubo trinocular<\/li>\n<li>Fuente de luz transmitida LED de 9 W con brillo ajustable y una larga vida \u00fatil<\/li>\n<li>Platina fija con desplazamiento de la muestra a lo largo de dos ejes, el kit incluye 3 soportes para placas de Petri de diferentes tama\u00f1os<\/li>\n<li>Accesorios opcionales para mejorar el rendimiento del microscopio<\/li>\n<\/ul>\n<p><strong>El kit incluye:<\/strong><\/p>\n<ul>\n<li>Soporte con fuente de alimentaci\u00f3n integrada, fuente de luz transmitida, mecanismo de enfoque, platina, condensador con ranura para control deslizante de contraste de fase y rev\u00f3lver giratorio<\/li>\n<li>Cabezal trinocular<\/li>\n<li>Objetivo plano acrom\u00e1tico corregido al infinito: PL 10x\/0,25 WD 4,27 mm<\/li>\n<li>Objetivo plano acrom\u00e1tico corregido al infinito: PL L20\u0445\/0,40 WD 8,0 mm<\/li>\n<li>Objetivo plano acrom\u00e1tico corregido al infinito: PL L40\u0445\/0,60 WD: 3,5 mm<\/li>\n<li>Objetivo plano acrom\u00e1tico corregido al infinito: objetivo de fase PHP2 10x\/0,25 WD 4,27 mm<\/li>\n<li>Ocular de 10x\/22 mm con larga distancia de acomodaci\u00f3n ocular (2 unidades)<\/li>\n<li>Ojera (2 unidades)<\/li>\n<li>Telescopio de centrado<\/li>\n<li>Placa con anillos de fase que se pueden centrar<\/li>\n<li>Micr\u00f3metro mec\u00e1nico para desplazar la muestra observada<\/li>\n<li>Soporte de ventosa (3 unidades)<\/li>\n<li>Adaptador de c\u00e1mara con montura CFiltro de color<\/li>\n<li>Cable de alimentaci\u00f3n CA<\/li>\n<li>Cubierta protectora<\/li>\n<li>Manual del usuario y tarjeta de garant\u00eda<\/li>\n<\/ul>\n<p><strong>Disponible bajo petici\u00f3n:<\/strong><\/p>\n<ul>\n<li>Ocular de 10x\/22 mm con escala de medici\u00f3n<\/li>\n<li>Ocular de 12,5x\/14 mm (2 unidades)<\/li>\n<li>Ocular de 15x\/15 mm (2 unidades)<\/li>\n<li>Ocular de 20x\/12 mm (2 unidades)<\/li>\n<li>Ocular de 25x\/9 mm (2 unidades)<\/li>\n<li>Objetivo plano acrom\u00e1tico corregido al infinito: PL 4x\/0,10 WD 21 mm<\/li>\n<li>Objetivo plano acrom\u00e1tico corregido al infinito: objetivo de fase PHP2 20x\/0,40 WD 8,0 mm<\/li>\n<li>Objetivo plano acrom\u00e1tico corregido al infinito: objetivo de fase PHP2 40x\/0,60 WD 3,5 mm<\/li>\n<li>C\u00e1mara digital<\/li>\n<li>Portaobjetos de calibraci\u00f3n<\/li>\n<li>Monitor LCD<\/li>\n<\/ul>\n<table>\n<tbody>\n<tr>\n<td>Marca<\/td>\n<td>MAGUS<\/td>\n<\/tr>\n<tr>\n<td>Garant\u00eda<\/td>\n<td>5 \u043b\u0435\u0442<\/td>\n<\/tr>\n<tr>\n<td>EAN<\/td>\n<td>5905555018089<\/td>\n<\/tr>\n<tr>\n<td>Tama\u00f1o de paquete (LxAn.xAl.)<\/td>\n<td>64x42x67 cm<\/td>\n<\/tr>\n<tr>\n<td>Peso del env\u00edo<\/td>\n<td>18 kg<\/td>\n<\/tr>\n<tr>\n<td>Tipo<\/td>\n<td>biol\u00f3gico, luz\/\u00f3ptico<\/td>\n<\/tr>\n<tr>\n<td>Cabezal<\/td>\n<td>trinocular<\/td>\n<\/tr>\n<tr>\n<td>Boquilla<\/td>\n<td>Siedentopf<\/td>\n<\/tr>\n<tr>\n<td>\u00c1ngulo de inclinaci\u00f3n de cabezal<\/td>\n<td>45\u00b0<\/td>\n<\/tr>\n<tr>\n<td>Ampliaci\u00f3n, x<\/td>\n<td>100\u2013400 configuraci\u00f3n b\u00e1sica (*opcional: 40\u2013500\/600\/800\/1000)<\/td>\n<\/tr>\n<tr>\n<td>Rango de ampliaci\u00f3n<\/td>\n<td>200x a 800x<\/td>\n<\/tr>\n<tr>\n<td>Di\u00e1metro del tubo del ocular, mm<\/td>\n<td>30<\/td>\n<\/tr>\n<tr>\n<td>Oculares<\/td>\n<td>10\u0445\/22 mm, distancia de acomodaci\u00f3n ocular: 10 mm (*opcional: 10x\/22 mm con escala, 12,5x\/14 15x\/15 20x\/12 25x\/9)<\/td>\n<\/tr>\n<tr>\n<td>Objetivos<\/td>\n<td>plano acrom\u00e1ticos corregidos al infinito: PL 10x\/0,25 PL 20x\/0,40 PL 40x\/0,60 objetivo de fase PHP2 10x\/0,25 distancia parafocal: 45 mm (*opcional: PL 4x\/0,10 objetivo de fase PHP2 20x\/0,40 objetivo de fase PHP2 40x\/0,60)<\/td>\n<\/tr>\n<tr>\n<td>Rev\u00f3lver<\/td>\n<td>para 4 objetivos<\/td>\n<\/tr>\n<tr>\n<td>Distancia de trabajo, mm<\/td>\n<td>4,27 (10x) 8,0 (20\u0445) 3,5 (40x)<\/td>\n<\/tr>\n<tr>\n<td>Distancia interpupilar, mm<\/td>\n<td>48 \u2014 75<\/td>\n<\/tr>\n<tr>\n<td>Rango de desplazamiento de la platina, mm<\/td>\n<td>77\/112<\/td>\n<\/tr>\n<tr>\n<td>Platina<\/td>\n<td>fija, con micr\u00f3metro mec\u00e1nico para desplazar la muestra soportes para placas de Petri: 29&#215;77 mm, \u00d890 mm 34&#215;77,5 mm, \u00d868,5 mm 57&#215;82 mm, \u00d860 mm<\/td>\n<\/tr>\n<tr>\n<td>Condensador<\/td>\n<td>NA 0,6 distancia de trabajo: 70 mm con diafragma de apertura ajustable y ranura para placas de contraste de fases<\/td>\n<\/tr>\n<tr>\n<td>Diafragma<\/td>\n<td>apertura ajustable<\/td>\n<\/tr>\n<tr>\n<td>Enfoque<\/td>\n<td>coaxial, enfoque aproximado (con ajuste de la tensi\u00f3n y mando de bloqueo) y enfoque preciso (0,002 mm)<\/td>\n<\/tr>\n<tr>\n<td>Iluminaci\u00f3n<\/td>\n<td>LED<\/td>\n<\/tr>\n<tr>\n<td>Ajuste del brillo<\/td>\n<td>yes<\/td>\n<\/tr>\n<tr>\n<td>Alimentaci\u00f3n<\/td>\n<td>220\u00b122 V, 50 Hz, alimentaci\u00f3n de red de CA<\/td>\n<\/tr>\n<tr>\n<td>Tipo de fuente de iluminaci\u00f3n<\/td>\n<td>9 W<\/td>\n<\/tr>\n<tr>\n<td>Filtros de luz<\/td>\n<td>s\u00ed<\/td>\n<\/tr>\n<tr>\n<td>Intervalo de temperatura de funcionamiento, \u00b0C<\/td>\n<td>5 \u2014 35<\/td>\n<\/tr>\n<tr>\n<td>Caracter\u00edsticas especiales<\/td>\n<td>placa para objetivo de 10x provista de un anillo de fase que se puede centrar<\/td>\n<\/tr>\n<tr>\n<td>Nivel de usuario<\/td>\n<td>usuarios experimentados, profesionales<\/td>\n<\/tr>\n<tr>\n<td>Montaje y nivel de dificultad de instalaci\u00f3n<\/td>\n<td>complicado<\/td>\n<\/tr>\n<tr>\n<td>Aplicaci\u00f3n<\/td>\n<td>laboratorio\/m\u00e9dico<\/td>\n<\/tr>\n<tr>\n<td>Ubicaci\u00f3n de la iluminaci\u00f3n<\/td>\n<td>inferior<\/td>\n<\/tr>\n<tr>\n<td>M\u00e9todo de investigaci\u00f3n<\/td>\n<td>campo claro, microscopio de contraste de fase<\/td>\n<\/tr>\n<tr>\n<td>Funda\/malet\u00edn\/bolsa incluida en el kit<\/td>\n<td>cubierta protectora<\/td>\n<\/tr>\n<\/tbody>\n<\/table>\n","protected":false},"excerpt":{"rendered":"<p>El microscopio biol\u00f3gico MAGUS Bio V300 con dise\u00f1o invertido permite estudiar muestras contenidas en envases de laboratorio de hasta 70 mm de altura y con un grosor en la base de hasta 1,2 mm. Los objetos de estudio pueden ser colonias de c\u00e9lulas, cultivos de tejidos, fluidos biol\u00f3gicos, etc. Las muestras no requieren tinci\u00f3n previa. Las observaciones se realizan con luz transmitida. T\u00e9cnicas de microscop\u00eda utilizadas: campo claro y contraste de fases. El microscopio es adecuado para trabajos cotidianos y de investigaci\u00f3n y para fines educativos.<\/p>\n","protected":false},"featured_media":82939,"template":"","meta":{"_exactmetrics_skip_tracking":false,"_exactmetrics_sitenote_active":false,"_exactmetrics_sitenote_note":"","_exactmetrics_sitenote_category":0},"product_brand":[],"product_cat":[595,612],"product_tag":[],"class_list":{"0":"post-84525","1":"product","2":"type-product","3":"status-publish","4":"has-post-thumbnail","6":"product_cat-contraste-de-fases","7":"product_cat-invertidos","8":"product_shipping_class-microscopio","10":"first","11":"instock","12":"taxable","13":"shipping-taxable","14":"purchasable","15":"product-type-simple"},"_links":{"self":[{"href":"https:\/\/microscopistas.com\/en\/wp-json\/wp\/v2\/product\/84525","targetHints":{"allow":["GET"]}}],"collection":[{"href":"https:\/\/microscopistas.com\/en\/wp-json\/wp\/v2\/product"}],"about":[{"href":"https:\/\/microscopistas.com\/en\/wp-json\/wp\/v2\/types\/product"}],"wp:featuredmedia":[{"embeddable":true,"href":"https:\/\/microscopistas.com\/en\/wp-json\/wp\/v2\/media\/82939"}],"wp:attachment":[{"href":"https:\/\/microscopistas.com\/en\/wp-json\/wp\/v2\/media?parent=84525"}],"wp:term":[{"taxonomy":"product_brand","embeddable":true,"href":"https:\/\/microscopistas.com\/en\/wp-json\/wp\/v2\/product_brand?post=84525"},{"taxonomy":"product_cat","embeddable":true,"href":"https:\/\/microscopistas.com\/en\/wp-json\/wp\/v2\/product_cat?post=84525"},{"taxonomy":"product_tag","embeddable":true,"href":"https:\/\/microscopistas.com\/en\/wp-json\/wp\/v2\/product_tag?post=84525"}],"curies":[{"name":"wp","href":"https:\/\/api.w.org\/{rel}","templated":true}]}}