{"id":84523,"date":"2024-07-29T18:28:42","date_gmt":"2024-07-29T16:28:42","guid":{"rendered":"http:\/\/microscopistas.com\/?post_type=product&#038;p=84523"},"modified":"2024-07-29T19:04:08","modified_gmt":"2024-07-29T17:04:08","slug":"microscopio-de-fluorescencia-magus-lum-400","status":"publish","type":"product","link":"https:\/\/microscopistas.com\/en\/producto\/microscopio-de-fluorescencia-magus-lum-400\/","title":{"rendered":"Microscopio de fluorescencia MAGUS Lum 400"},"content":{"rendered":"<p>El microscopio de fluorescencia MAGUS Lum 400 est\u00e1 dise\u00f1ado para fines de diagn\u00f3stico e investigaci\u00f3n mediante el empleo de los m\u00e9todos de microscop\u00eda de fluorescencia (luz reflejada) y de campo claro (luz transmitida). Se pueden utilizar las t\u00e9cnicas de campo oscuro, contraste de fases y polarizaci\u00f3n mediante equipo opcional. \u00c1mbitos de aplicaci\u00f3n del microscopio de fluorescencia: An\u00e1lisis de ADN, estudio de agentes pat\u00f3genos, vigilancia sanitaria y epidemiol\u00f3gica, examen forense, etc.<\/p>\n<p><strong>\u00d3ptica<\/strong><\/p>\n<p>Este es un microscopio trinocular: El cabezal binocular est\u00e1 inclinado 30\u00b0 y la c\u00e1mara digital (no incluida en el kit) se instala en el tubo trinocular. Gracias a que los tubos oculares pueden girar 360\u00b0, es f\u00e1cil ajustarlos de acuerdo con la estatura del usuario.<\/p>\n<p>Se pueden instalar cinco objetivos en el revolver giratorio. El kit incluye cuatro objetivos plano acrom\u00e1ticos corregidos al infinito. Uno de ellos, un objetivo de fluorita con un aumento de 40x, est\u00e1 dise\u00f1ado para las observaciones de fluorescencia. Los objetivos de 4x, 10x y 100x se utilizan para la t\u00e9cnica de microscop\u00eda de campo claro. Se puede instalar un objetivo adicional en la posici\u00f3n libre del rev\u00f3lver giratorio para lograr un aumento adicional dentro del rango de aumento del microscopio.<\/p>\n<p>El rev\u00f3lver giratorio con los objetivos instalados est\u00e1 orientado hacia el interior: el usuario puede ver los objetivos que hay insertados en el camino \u00f3ptico.<\/p>\n<p><strong>Iluminaci\u00f3n<\/strong><\/p>\n<p>La fuente de luz reflejada es una l\u00e1mpara de mercurio de 100 W. La l\u00e1mpara est\u00e1 situada dentro la cabina de la l\u00e1mpara, lo que proporciona una disipaci\u00f3n eficiente del calor: La l\u00e1mpara no se sobrecalienta incluso durante largas horas de funcionamiento. La l\u00e1mpara se puede centrar a lo largo de tres ejes para proporcionar una iluminaci\u00f3n \u00f3ptima del \u00e1rea de trabajo. Si necesita reemplazarla, ser\u00e1 bastante f\u00e1cil extraer la bombilla y sustituirla. La l\u00e1mpara de mercurio es adecuada para el uso de colorantes fluorescentes pues emite luz con longitudes de onda determinadas. El iluminador de luz reflejada contiene cuatro filtros de excitaci\u00f3n: ultravioleta (UV), violeta (V), azul (B) y verde (G).<\/p>\n<p>Fuente de luz transmitida: Bombilla hal\u00f3gena de 30 W. La bombilla es lo suficientemente brillante como para trabajar con cualquier objetivo de cualquier aumento. Gracias a la temperatura de color de la iluminaci\u00f3n, las observaciones prolongadas no producen fatiga ocular. El sistema de iluminaci\u00f3n tambi\u00e9n incluye un condensador. El condensador tiene una ranura para insertar una placa de contraste de fases o de campo oscuro.<\/p>\n<p>Con luz transmitida y reflejada, puede configurar el m\u00e9todo de iluminaci\u00f3n K\u00f6hler. Con este tipo de iluminaci\u00f3n, la imagen no muestra zonas oscuras en los bordes, es clara y est\u00e1 libre de artefactos. <\/p>\n<p><strong>Platina y mecanismo de enfoque<\/strong> <\/p>\n<p>El microscopio est\u00e1 equipado con una platina de dise\u00f1o ergon\u00f3mico que no tiene cremallera de posicionamiento. Cuando se observa con luz reflejada, se coloca una placa negra en la platina para eliminar la luz par\u00e1sita. Si es necesario, el soporte para muestras se puede extraer aflojando dos tornillos. Los mandos de enfoque son coaxiales y est\u00e1n situados a cada lado del microscopio. El enfoque aproximado tiene un mando de bloqueo y un mando de ajuste de la tensi\u00f3n, y el enfoque fino se utiliza para ajustar el enfoque.<\/p>\n<p><strong>Accesorios<\/strong><\/p>\n<p>El microscopio MAGUS Lum 400 se puede equipar con accesorios adicionales: c\u00e1mara digital, dispositivo de contraste de fases, dispositivo de polarizaci\u00f3n, condensador de campo oscuro, oculares y objetivos, placas de campo oscuro y de contraste de fases. Para medir objetos, la configuraci\u00f3n se puede complementar con un portaobjetos de calibraci\u00f3n.<\/p>\n<p><strong>Caracter\u00edsticas principales:<\/strong><\/p>\n<ul>\n<li>T\u00e9cnicas de microscop\u00eda: fluorescencia con luz reflejada, campo claro con luz transmitida<\/li>\n<li>Otros m\u00e9todos de observaci\u00f3n mediante el uso de accesorios opcionales: contraste de fases, polarizaci\u00f3n simple, campo oscuro<\/li>\n<li>Cabezal trinocular con tubo trinocular para instalar una c\u00e1mara digital  tubos oculares con giro de 360\u00b0<\/li>\n<li>Objetivos plano acrom\u00e1ticos corregidos al infinito, incluido un objetivo de fluorita<\/li>\n<li>Fuente de luz reflejada: l\u00e1mpara de mercurio de 100 W, fuente de luz transmitida: l\u00e1mpara hal\u00f3gena de 30 W<\/li>\n<li>M\u00e9todo de iluminaci\u00f3n K\u00f6hler con luz transmitida y reflejada<\/li>\n<li>Filtros de fluorescencia: ultravioleta (UV), violeta (V), azul (B), verde (G)<\/li>\n<li>Platina ergon\u00f3mica con soporte para muestras extra\u00edble y sin cremallera de posicionamiento<\/li>\n<\/ul>\n<p><strong>El kit incluye:<\/strong><\/p>\n<ul>\n<li>Soporte con fuente de luz transmitida, mecanismo de enfoque, platina, soporte de condensador y rev\u00f3lver giratorio<\/li>\n<li>Condensador Abbe<\/li>\n<li>Iluminador de luz reflejada <\/li>\n<li>Compartimento de la l\u00e1mpara de mercurio<\/li>\n<li>Cabezal trinocular<\/li>\n<li>Objetivo plano acrom\u00e1tico corregido al infinito: PL 4x\/0,10 WD 19,8 mm<\/li>\n<li>Objetivo plano acrom\u00e1tico corregido al infinito: PL 10x\/0,25 WD 5,0 mm<\/li>\n<li>Objetivo plano acrom\u00e1tico corregido al infinito, fluorita: PL FL 40x\/0,85 (con mecanismo de resorte) WD 0,42 mm<\/li>\n<li>Objetivo plano acrom\u00e1tico corregido al infinito: PL 100x\/1,25 (con mecanismo de resorte, aceite) WD 0,36 mm<\/li>\n<li>Ocular de 10x\/22 mm con larga distancia de acomodaci\u00f3n ocular (2 unidades)<\/li>\n<li>Ojera de ocular (2 unidades)<\/li>\n<li>Pantalla protectora para rayos UV<\/li>\n<li>Portafiltros<\/li>\n<li>Placa protectora negra para instalaci\u00f3n debajo de la platina<\/li>\n<li>Adaptador de c\u00e1mara con montura C<\/li>\n<li>Filtro de color (4 unidades)<\/li>\n<li>Botella de aceite de inmersi\u00f3n<\/li>\n<li>Fuente de alimentaci\u00f3n de la l\u00e1mpara de mercurio<\/li>\n<li>Cable de alimentaci\u00f3n CA (2 unidades) Cable de alimentaci\u00f3n de la l\u00e1mpara de mercurio<\/li>\n<li>Cubierta protectora<\/li>\n<li>Manual del usuario y tarjeta de garant\u00eda<\/li>\n<\/ul>\n<p><strong>Disponible bajo petici\u00f3n:<\/strong><\/p>\n<ul>\n<li>Ocular de 10x\/22 mm con escala de medici\u00f3n<\/li>\n<li>Ocular de 12,5x\/14 mm (2 unidades)<\/li>\n<li>Ocular de 15x\/15 mm (2 unidades)<\/li>\n<li>Ocular de 20x\/12 mm (2 unidades)<\/li>\n<li>Ocular de 25x\/9 mm (2 unidades)<\/li>\n<li>Objetivo plano acrom\u00e1tico corregido al infinito, fluorita: PL FL 10x\/0,35 WD 2,37 mm<\/li>\n<li>Objetivo plano acrom\u00e1tico corregido al infinito: PL 20\u0445\/0,40 WD 8,8 mm<\/li>\n<li>Objetivo plano acrom\u00e1tico corregido al infinito: PL 60x\/0,80 \u221e\/0,17 WD 0,46 mm<\/li>\n<li>Dispositivo de contraste de fases<\/li>\n<li>Condensador de campo oscuro NA 0,9<\/li>\n<li>Condensador de campo oscuro de aceite NA 1,36\u20131,25<\/li>\n<li>Control deslizante de campo oscuro<\/li>\n<li>Dispositivo de polarizaci\u00f3n<\/li>\n<li>C\u00e1mara digital<\/li>\n<li>Portaobjetos de calibraci\u00f3n<\/li>\n<li>Monitor LCD<\/li>\n<\/ul>\n<table>\n<tbody>\n<tr>\n<td>Marca<\/td>\n<td>MAGUS<\/td>\n<\/tr>\n<tr>\n<td>Garant\u00eda<\/td>\n<td>5 \u043b\u0435\u0442<\/td>\n<\/tr>\n<tr>\n<td>EAN<\/td>\n<td>5905555018140<\/td>\n<\/tr>\n<tr>\n<td>Tama\u00f1o de paquete (LxAn.xAl.)<\/td>\n<td>45x30x96 cm<\/td>\n<\/tr>\n<tr>\n<td>Peso del env\u00edo<\/td>\n<td>16.5 kg<\/td>\n<\/tr>\n<tr>\n<td>Tipo<\/td>\n<td>biol\u00f3gico, luz\/\u00f3ptico<\/td>\n<\/tr>\n<tr>\n<td>Cabezal<\/td>\n<td>trinocular<\/td>\n<\/tr>\n<tr>\n<td>Boquilla<\/td>\n<td>cabezal Gemel (Siedentopf, rotaci\u00f3n de 360\u00b0)<\/td>\n<\/tr>\n<tr>\n<td>\u00c1ngulo de inclinaci\u00f3n de cabezal<\/td>\n<td>30\u00b0<\/td>\n<\/tr>\n<tr>\n<td>Ampliaci\u00f3n, x<\/td>\n<td>configuraci\u00f3n b\u00e1sica: 40\u20131000 (*opcional: 40\u20131250\/1500\/2000\/2500)<\/td>\n<\/tr>\n<tr>\n<td>Rango de ampliaci\u00f3n<\/td>\n<td>800x a 1280x<\/td>\n<\/tr>\n<tr>\n<td>Di\u00e1metro del tubo del ocular, mm<\/td>\n<td>30<\/td>\n<\/tr>\n<tr>\n<td>Oculares<\/td>\n<td>10\u0445\/22 mm, distancia de acomodaci\u00f3n ocular: 10 mm (*opcional: 10x\/22 mm con escala, 12,5x\/14  15x\/15  20x\/12  25x\/9)<\/td>\n<\/tr>\n<tr>\n<td>Objetivos<\/td>\n<td>objetivos plano acrom\u00e1ticos corregidos al infinito y objetivos de fluorita: PL 4x\/0,10, PL 10x\/0,25, PL FL 40x\/0,85, PL 100x\/1,25 (aceite)  distancia parafocal: 45 mm (*opcional: PL FL 10x\/0,35, PL 20\u0445\/0,40, PL 60x\/0,80 \u221e\/0,17)<\/td>\n<\/tr>\n<tr>\n<td>Rev\u00f3lver<\/td>\n<td>para 5 objetivos<\/td>\n<\/tr>\n<tr>\n<td>Distancia de trabajo, mm<\/td>\n<td>19,8 (4x)  5,0 (10x)  0,42 (FL 40x)  0,36 (100x)  2,37 (FL 10\u0445)  )  8,8 (20\u0445)  0,46 (60\u0445)<\/td>\n<\/tr>\n<tr>\n<td>Distancia interpupilar, mm<\/td>\n<td>48 \u2014 75<\/td>\n<\/tr>\n<tr>\n<td>Platina, mm<\/td>\n<td>180&#215;150<\/td>\n<\/tr>\n<tr>\n<td>Rango de desplazamiento de la platina, mm<\/td>\n<td>75\/50<\/td>\n<\/tr>\n<tr>\n<td>Platina<\/td>\n<td>micr\u00f3metro mec\u00e1nico de dos ejes, sin cremallera de posicionamiento<\/td>\n<\/tr>\n<tr>\n<td>Condensador<\/td>\n<td>condensador Abbe, N.A. 1,25, centro ajustable, ajustable en altura, diafragma de apertura ajustable, ranura para una placa de campo oscuro y una placa contraste de fases, montura de cola de milano<\/td>\n<\/tr>\n<tr>\n<td>Diafragma<\/td>\n<td>diafragma de apertura ajustable, diafragma de campo iris ajustable<\/td>\n<\/tr>\n<tr>\n<td>Enfoque<\/td>\n<td>coaxial, enfoque aproximado (21 mm, 39,8 mm\/c\u00edrculo, con mando de bloqueo y mando de ajuste de tensi\u00f3n) y enfoque preciso (0,002 mm)<\/td>\n<\/tr>\n<tr>\n<td>Iluminaci\u00f3n<\/td>\n<td>hal\u00f3gena, fluorescente<\/td>\n<\/tr>\n<tr>\n<td>Ajuste del brillo<\/td>\n<td>yes<\/td>\n<\/tr>\n<tr>\n<td>Alimentaci\u00f3n<\/td>\n<td>alimentaci\u00f3n de red de CA, 85\u2013265 V, 50\/60 Hz<\/td>\n<\/tr>\n<tr>\n<td>Tipo de fuente de iluminaci\u00f3n<\/td>\n<td>fuente de luz reflejada: l\u00e1mpara de mercurio de 100 W  luz transmitida: bombilla hal\u00f3gena de 12 V, 30 W<\/td>\n<\/tr>\n<tr>\n<td>Filtros de luz<\/td>\n<td>s\u00ed<\/td>\n<\/tr>\n<tr>\n<td>Intervalo de temperatura de funcionamiento, \u00b0C<\/td>\n<td>5 \u2014 35<\/td>\n<\/tr>\n<tr>\n<td>Posibilidad de conectar accesorios<\/td>\n<td>dispositivo de contraste de fases (condensador y objetivos), condensador de campo oscuro (en seco o en aceite), dispositivos de polarizaci\u00f3n (polarizador y analizador), \u0441ontrol deslizante de campo oscuro<\/td>\n<\/tr>\n<tr>\n<td>Nivel de usuario<\/td>\n<td>usuarios experimentados, profesionales<\/td>\n<\/tr>\n<tr>\n<td>Montaje y nivel de dificultad de instalaci\u00f3n<\/td>\n<td>complicado<\/td>\n<\/tr>\n<tr>\n<td>M\u00f3dulo fluorescente<\/td>\n<td>filtros: ultravioleta (UV), violeta (V), azul (B), verde (G)<\/td>\n<\/tr>\n<tr>\n<td>Filtro de fluorescencia: tipo de filtro, longitud de onda de excitaci\u00f3n\/espejo dicroico\/longitud de onda de emisi\u00f3n <\/td>\n<td>ultravioleta (UV), 320\u2013380 nm\/425 nm\/435 nm   violeta (V), 380\u2013415 nm\/455 nm\/475 nm   azul (B), 450\u2013490 nm\/505 nm\/515 nm   verde (G), 495\u2013555 nm\/585 nm\/595 nm<\/td>\n<\/tr>\n<tr>\n<td>Aplicaci\u00f3n<\/td>\n<td>laboratorio\/m\u00e9dico<\/td>\n<\/tr>\n<tr>\n<td>Ubicaci\u00f3n de la iluminaci\u00f3n<\/td>\n<td>doble<\/td>\n<\/tr>\n<tr>\n<td>M\u00e9todo de investigaci\u00f3n<\/td>\n<td>campo claro, fluorescencia<\/td>\n<\/tr>\n<tr>\n<td>Funda\/malet\u00edn\/bolsa incluida en el kit<\/td>\n<td>cubierta protectora<\/td>\n<\/tr>\n<\/tbody>\n<\/table>\n","protected":false},"excerpt":{"rendered":"<p>El microscopio de fluorescencia MAGUS Lum 400 est\u00e1 dise\u00f1ado para fines de diagn\u00f3stico e investigaci\u00f3n mediante el empleo de los m\u00e9todos de microscop\u00eda de fluorescencia (luz reflejada) y de campo claro (luz transmitida). Se pueden utilizar las t\u00e9cnicas de campo oscuro, contraste de fases y polarizaci\u00f3n mediante equipo opcional. \u00c1mbitos de aplicaci\u00f3n del microscopio de fluorescencia: An\u00e1lisis de ADN, estudio de agentes pat\u00f3genos, vigilancia sanitaria y epidemiol\u00f3gica, examen forense, etc.<\/p>\n","protected":false},"featured_media":82933,"template":"","meta":{"_exactmetrics_skip_tracking":false,"_exactmetrics_sitenote_active":false,"_exactmetrics_sitenote_note":"","_exactmetrics_sitenote_category":0},"product_brand":[],"product_cat":[606],"product_tag":[],"class_list":{"0":"post-84523","1":"product","2":"type-product","3":"status-publish","4":"has-post-thumbnail","6":"product_cat-fluorescencia","7":"product_shipping_class-microscopio","9":"first","10":"instock","11":"taxable","12":"shipping-taxable","13":"purchasable","14":"product-type-simple"},"_links":{"self":[{"href":"https:\/\/microscopistas.com\/en\/wp-json\/wp\/v2\/product\/84523","targetHints":{"allow":["GET"]}}],"collection":[{"href":"https:\/\/microscopistas.com\/en\/wp-json\/wp\/v2\/product"}],"about":[{"href":"https:\/\/microscopistas.com\/en\/wp-json\/wp\/v2\/types\/product"}],"wp:featuredmedia":[{"embeddable":true,"href":"https:\/\/microscopistas.com\/en\/wp-json\/wp\/v2\/media\/82933"}],"wp:attachment":[{"href":"https:\/\/microscopistas.com\/en\/wp-json\/wp\/v2\/media?parent=84523"}],"wp:term":[{"taxonomy":"product_brand","embeddable":true,"href":"https:\/\/microscopistas.com\/en\/wp-json\/wp\/v2\/product_brand?post=84523"},{"taxonomy":"product_cat","embeddable":true,"href":"https:\/\/microscopistas.com\/en\/wp-json\/wp\/v2\/product_cat?post=84523"},{"taxonomy":"product_tag","embeddable":true,"href":"https:\/\/microscopistas.com\/en\/wp-json\/wp\/v2\/product_tag?post=84523"}],"curies":[{"name":"wp","href":"https:\/\/api.w.org\/{rel}","templated":true}]}}