{"id":84521,"date":"2024-07-29T18:28:41","date_gmt":"2024-07-29T16:28:41","guid":{"rendered":"http:\/\/microscopistas.com\/?post_type=product&#038;p=84521"},"modified":"2024-07-29T19:05:39","modified_gmt":"2024-07-29T17:05:39","slug":"microscopio-metalurgico-invertido-magus-metal-v700","status":"publish","type":"product","link":"https:\/\/microscopistas.com\/en\/producto\/microscopio-metalurgico-invertido-magus-metal-v700\/","title":{"rendered":"Microscopio metal\u00fargico invertido MAGUS Metal V700"},"content":{"rendered":"<p>El microscopio metal\u00fargico invertido MAGUS Metal V700 es adecuado para estudiar la microestructura de metales, aleaciones y semiconductores con luz reflejada. La platina puede contener muestras de hasta 2 kg (tan solo es necesario que superficie inferior de la muestra sea plana). Las dem\u00e1s partes de la muestra no requieren preparaci\u00f3n y pueden tener cualquier forma. El microscopio est\u00e1 dise\u00f1ado para observaciones de campo claro y luz polarizada, tiene un conector lateral para c\u00e1mara y un tubo trinocular  es adecuado para una amplia gama de aplicaciones de laboratorio y producci\u00f3n.<\/p>\n<p><strong>\u00d3ptica<\/strong><\/p>\n<p>El microscopio est\u00e1 equipado con un cabezal trinocular de dise\u00f1o especial: se puede ajustar la posici\u00f3n de los oculares y el cabezal puede girar 180\u00b0. La c\u00e1mara digital se instala en un conector lateral del cuerpo del microscopio y el monitor se instala en el tubo ocular vertical del cabezal. Divisi\u00f3n del haz de luz, con una relaci\u00f3n de intensidades luminosas de 100:0 y 0:100 en el cuerpo del microscopio, y de 50:50 y 100:0  en el cabezal trinocular. <\/p>\n<p>El rev\u00f3lver giratorio se encuentra debajo de la muestra examinada y tiene posiciones para 5 objetivos (todos ellos est\u00e1n incluidos en la configuraci\u00f3n b\u00e1sica del aparato). Todos los objetivos son plano acrom\u00e1ticos corregidos al infinito y con largas distancias de trabajo. Se puede instalar un objetivo adicional en lugar de cualquiera de los objetivos suministrados. En la configuraci\u00f3n b\u00e1sica, el aumento del microscopio oscila entre 50x y 1000x.<\/p>\n<p><strong>Iluminaci\u00f3n<\/strong><\/p>\n<p>El iluminador de luz reflejada utiliza una bombilla hal\u00f3gena de 30 W cuyo brillo es ajustable. La cabina de la l\u00e1mpara funciona con una fuente de alimentaci\u00f3n de CA. La iluminaci\u00f3n es lo suficientemente brillante como para realizar observaciones mediante las t\u00e9cnicas de microscop\u00eda de campo claro o polarizaci\u00f3n con cualquiera de los objetivos incluidos. Existe la posibilidad de configurar el m\u00e9todo de iluminaci\u00f3n K\u00f6hler y la fuente de luz se puede centrar a lo largo de tres ejes. Se pueden utilizar filtros de color para cambiar la reproducci\u00f3n de los colores en la fotograf\u00eda de microscop\u00eda. El kit incluye dispositivos de polarizaci\u00f3n (un analizador y un polarizador), que son ambos extra\u00edbles.<\/p>\n<p><strong>Platina y mecanismo de enfoque<\/strong> <\/p>\n<p>En la platina se inserta una placa redonda provista de un orificio de 10 mm, 20 mm o 30 mm, y la muestra se fija en su sitio con un portamuestras. La platina es grande (242 x 200 mm) y se puede desplazar, junto con la muestra, a lo largo de dos ejes. Puede ajustar la nitidez de la imagen utilizando los mandos de enfoque aproximado y enfoque preciso. Existe un mando de bloqueo y un mando de ajuste de la tensi\u00f3n del enfoque aproximado.<\/p>\n<p><strong>Accesorios<\/strong><\/p>\n<p>Puede instalar accesorios adicionales para sacar el m\u00e1ximo provecho del microscopio MAGUS Metal V700. Los accesorios incluyen oculares, objetivos plano acrom\u00e1ticos con larga distancia de trabajo, portaobjetos de calibraci\u00f3n y c\u00e1maras digitales.<\/p>\n<p><strong>Caracter\u00edsticas principales:<\/strong><\/p>\n<ul>\n<li>Microscopio para el estudio de muestras grandes y pesadas mediante las t\u00e9cnicas de microscop\u00eda de campo claro y polarizaci\u00f3n  solo es necesario preparar un lado de la muestra<\/li>\n<li>Platina de gran tama\u00f1o, con placas giratorias redondas provistas de orificios de 10 mm, 20 mm y 30 mm<\/li>\n<li>El cabezal trinocular se puede girar 180\u00b0 durante la instalaci\u00f3n<\/li>\n<li>Opciones para instalar una c\u00e1mara digital y un monitor: en el cuerpo del microscopio y en el cabezal trinocular. Divisi\u00f3n del haz de luz, con una relaci\u00f3n de intensidades luminosas de 100:0 y 0:100 en el cuerpo del microscopio, y de 50:50 y 100:0 en el cabezal trinocular<\/li>\n<li>Observaciones con luz reflejada, fuente de luz: bombilla hal\u00f3gena de 30 W con brillo ajustable<\/li>\n<li>Configuraci\u00f3n del m\u00e9todo de iluminaci\u00f3n K\u00f6hler, analizador y polarizador extra\u00edbles, y una fuente de luz que se puede centrar<\/li>\n<li>Amplia gama de accesorios compatibles para ampliar las prestaciones del microscopio<\/li>\n<\/ul>\n<p><strong>El kit incluye:<\/strong><\/p>\n<ul>\n<li>Base del microscopio con conexi\u00f3n el\u00e9ctrica, mecanismo de enfoque, platina y rev\u00f3lver giratorio<\/li>\n<li>Iluminador de luz reflejada con cabina para la l\u00e1mpara <\/li>\n<li>Cabezal trinocular<\/li>\n<li>Objetivo plano acrom\u00e1tico corregido al infinito: PL L5x\/0,12 WD 26,1 mm<\/li>\n<li>Objetivo plano acrom\u00e1tico corregido al infinito: PL L10\u0445\/0,25 WD 20,2 mm<\/li>\n<li>Objetivo plano acrom\u00e1tico corregido al infinito: PL L20\u0445\/0,40 WD 8,80 mm<\/li>\n<li>Objetivo plano acrom\u00e1tico corregido al infinito: PL L50\u0445\/0,70 WD 3,68 mm<\/li>\n<li>Objetivo plano acrom\u00e1tico corregido al infinito: PL L100x\/0,85 (uso en seco) WD 0,40 mm<\/li>\n<li>Ocular 10x\/22 mm con larga distancia de acomodaci\u00f3n ocular (2 unidades)<\/li>\n<li>Adaptador de montura C con poder de aumento 1x<\/li>\n<li>Llave hexagonal<\/li>\n<li>Cable de alimentaci\u00f3n CA<\/li>\n<li>Cubierta protectora<\/li>\n<li>Manual del usuario y tarjeta de garant\u00eda<\/li>\n<\/ul>\n<p><strong>Disponible bajo petici\u00f3n:<\/strong><\/p>\n<ul>\n<li>Ocular de 10x\/22 mm con escala de medici\u00f3n<\/li>\n<li>Ocular de 12,5x\/14 mm (2 unidades)<\/li>\n<li>Ocular de 15x\/15 mm (2 unidades)<\/li>\n<li>Ocular de 20x\/12 mm (2 unidades)<\/li>\n<li>Ocular de 25x\/9 mm (2 unidades)<\/li>\n<li>Objetivo plano acrom\u00e1tico corregido al infinito: PL L40\u0445\/0,60 WD: 3,98 mm<\/li>\n<li>Objetivo plano acrom\u00e1tico corregido al infinito: PL L60x\/0,70 WD: 2,08 mm<\/li>\n<li>Objetivo plano acrom\u00e1tico corregido al infinito: PL L80x\/0,80 WD: 1,25 mm<\/li>\n<li>C\u00e1mara digital<\/li>\n<li>Portaobjetos de calibraci\u00f3n<\/li>\n<\/ul>\n<table>\n<tbody>\n<tr>\n<td>Marca<\/td>\n<td>MAGUS<\/td>\n<\/tr>\n<tr>\n<td>Garant\u00eda<\/td>\n<td>5 \u043b\u0435\u0442<\/td>\n<\/tr>\n<tr>\n<td>EAN<\/td>\n<td>5905555018447<\/td>\n<\/tr>\n<tr>\n<td>Tama\u00f1o de paquete (LxAn.xAl.)<\/td>\n<td>49x34x68 cm<\/td>\n<\/tr>\n<tr>\n<td>Peso del env\u00edo<\/td>\n<td>16.5 kg<\/td>\n<\/tr>\n<tr>\n<td>Tipo<\/td>\n<td>luz\/\u00f3ptico, metal\u00fargico <\/td>\n<\/tr>\n<tr>\n<td>Cabezal<\/td>\n<td>trinocular<\/td>\n<\/tr>\n<tr>\n<td>Boquilla<\/td>\n<td>Siedentopf, giratorio 180\u00b0<\/td>\n<\/tr>\n<tr>\n<td>\u00c1ngulo de inclinaci\u00f3n de cabezal<\/td>\n<td>45\u00b0<\/td>\n<\/tr>\n<tr>\n<td>Ampliaci\u00f3n, x<\/td>\n<td>b\u00e1sico: 50\u20131000 (*opcional: 50\u20131250\/1500\/2000\/2500)<\/td>\n<\/tr>\n<tr>\n<td>Rango de ampliaci\u00f3n<\/td>\n<td>800x a 1280x<\/td>\n<\/tr>\n<tr>\n<td>Di\u00e1metro del tubo del ocular, mm<\/td>\n<td>30<\/td>\n<\/tr>\n<tr>\n<td>Oculares<\/td>\n<td>10\u0445\/22 mm, distancia de acomodaci\u00f3n ocular: 10 mm (*opcional: 10x\/22 mm con escala, 12,5x\/14  15x\/15  20x\/12  25x\/9)<\/td>\n<\/tr>\n<tr>\n<td>Objetivos<\/td>\n<td>plano acrom\u00e1ticos corregidos al infinito: PL L5x\/0,12, PL L10x\/0,25, PL L20x\/0,40, PL L50x\/0,70, PL L100x\/0,85 (uso en seco)  distancia parafocal de 45 mm (*opci\u00f3n: PL L40x\/0,60, PL L60x\/0,70  PL L80x\/0,80)<\/td>\n<\/tr>\n<tr>\n<td>Rev\u00f3lver<\/td>\n<td>para 5 objetivos<\/td>\n<\/tr>\n<tr>\n<td>Distancia de trabajo, mm<\/td>\n<td>26,1 (5x)  20,2 (10x)  3,98 (40x)  2,08 (60x)  8,80 (20x)  3,68 (50x)  1,25 (80x)  0,40 (100x)<\/td>\n<\/tr>\n<tr>\n<td>Distancia interpupilar, mm<\/td>\n<td>48 \u2014 75<\/td>\n<\/tr>\n<tr>\n<td>Platina, mm<\/td>\n<td>242&#215;200<\/td>\n<\/tr>\n<tr>\n<td>Rango de desplazamiento de la platina, mm<\/td>\n<td>30\/30<\/td>\n<\/tr>\n<tr>\n<td>Platina<\/td>\n<td>mec\u00e1nico de dos ejes, placa giratoria redonda de \u00d8130\u202fmm con orificios de \u00d810\u202fmm, \u00d820\u202fmm y \u00d830\u202fmm<\/td>\n<\/tr>\n<tr>\n<td>Diafragma<\/td>\n<td>diafragmas de apertura y de campo integrados<\/td>\n<\/tr>\n<tr>\n<td>Enfoque<\/td>\n<td>coaxial, enfoque aproximado (con ajuste de la tensi\u00f3n y mando de bloqueo) y enfoque preciso (0,002 mm)<\/td>\n<\/tr>\n<tr>\n<td>Iluminaci\u00f3n<\/td>\n<td>hal\u00f3gena<\/td>\n<\/tr>\n<tr>\n<td>Ajuste del brillo<\/td>\n<td>yes<\/td>\n<\/tr>\n<tr>\n<td>Alimentaci\u00f3n<\/td>\n<td>220\u00b122 V, 50 Hz, alimentaci\u00f3n de red de CA<\/td>\n<\/tr>\n<tr>\n<td>Tipo de fuente de iluminaci\u00f3n<\/td>\n<td>12 V\/30 W<\/td>\n<\/tr>\n<tr>\n<td>Filtros de luz<\/td>\n<td>verde, azul, amarillo, mate<\/td>\n<\/tr>\n<tr>\n<td>Intervalo de temperatura de funcionamiento, \u00b0C<\/td>\n<td>5 \u2014 35<\/td>\n<\/tr>\n<tr>\n<td>Adicional<\/td>\n<td>analizador y polarizador extra\u00edbles<\/td>\n<\/tr>\n<tr>\n<td>Nivel de usuario<\/td>\n<td>usuarios experimentados, profesionales<\/td>\n<\/tr>\n<tr>\n<td>Montaje y nivel de dificultad de instalaci\u00f3n<\/td>\n<td>complicado<\/td>\n<\/tr>\n<tr>\n<td>Aplicaci\u00f3n<\/td>\n<td>metal\u00fargico <\/td>\n<\/tr>\n<tr>\n<td>Ubicaci\u00f3n de la iluminaci\u00f3n<\/td>\n<td>inferior<\/td>\n<\/tr>\n<tr>\n<td>M\u00e9todo de investigaci\u00f3n<\/td>\n<td>campo claro, polarizaci\u00f3n<\/td>\n<\/tr>\n<tr>\n<td>Funda\/malet\u00edn\/bolsa incluida en el kit<\/td>\n<td>cubierta protectora<\/td>\n<\/tr>\n<\/tbody>\n<\/table>\n","protected":false},"excerpt":{"rendered":"<p>El microscopio metal\u00fargico invertido MAGUS Metal V700 es adecuado para estudiar la microestructura de metales, aleaciones y semiconductores con luz reflejada. La platina puede contener muestras de hasta 2 kg (tan solo es necesario que superficie inferior de la muestra sea plana). Las dem\u00e1s partes de la muestra no requieren preparaci\u00f3n y pueden tener cualquier forma. El microscopio est\u00e1 dise\u00f1ado para observaciones de campo claro y luz polarizada, tiene un conector lateral para c\u00e1mara y un tubo trinocular  es adecuado para una amplia gama de aplicaciones de laboratorio y producci\u00f3n.<\/p>\n","protected":false},"featured_media":82927,"template":"","meta":{"_exactmetrics_skip_tracking":false,"_exactmetrics_sitenote_active":false,"_exactmetrics_sitenote_note":"","_exactmetrics_sitenote_category":0},"product_brand":[],"product_cat":[612,611],"product_tag":[],"class_list":{"0":"post-84521","1":"product","2":"type-product","3":"status-publish","4":"has-post-thumbnail","6":"product_cat-invertidos","7":"product_cat-metalograficos","8":"product_shipping_class-microscopio","10":"first","11":"instock","12":"taxable","13":"shipping-taxable","14":"purchasable","15":"product-type-simple"},"_links":{"self":[{"href":"https:\/\/microscopistas.com\/en\/wp-json\/wp\/v2\/product\/84521","targetHints":{"allow":["GET"]}}],"collection":[{"href":"https:\/\/microscopistas.com\/en\/wp-json\/wp\/v2\/product"}],"about":[{"href":"https:\/\/microscopistas.com\/en\/wp-json\/wp\/v2\/types\/product"}],"wp:featuredmedia":[{"embeddable":true,"href":"https:\/\/microscopistas.com\/en\/wp-json\/wp\/v2\/media\/82927"}],"wp:attachment":[{"href":"https:\/\/microscopistas.com\/en\/wp-json\/wp\/v2\/media?parent=84521"}],"wp:term":[{"taxonomy":"product_brand","embeddable":true,"href":"https:\/\/microscopistas.com\/en\/wp-json\/wp\/v2\/product_brand?post=84521"},{"taxonomy":"product_cat","embeddable":true,"href":"https:\/\/microscopistas.com\/en\/wp-json\/wp\/v2\/product_cat?post=84521"},{"taxonomy":"product_tag","embeddable":true,"href":"https:\/\/microscopistas.com\/en\/wp-json\/wp\/v2\/product_tag?post=84521"}],"curies":[{"name":"wp","href":"https:\/\/api.w.org\/{rel}","templated":true}]}}