{"id":84520,"date":"2024-07-29T18:28:41","date_gmt":"2024-07-29T16:28:41","guid":{"rendered":"http:\/\/microscopistas.com\/?post_type=product&#038;p=84520"},"modified":"2024-07-29T19:05:23","modified_gmt":"2024-07-29T17:05:23","slug":"microscopio-metalurgico-magus-metal-650-bd","status":"publish","type":"product","link":"https:\/\/microscopistas.com\/en\/producto\/microscopio-metalurgico-magus-metal-650-bd\/","title":{"rendered":"Microscopio metal\u00fargico MAGUS Metal 650 BD"},"content":{"rendered":"<p>El microscopio metal\u00fargico MAGUS Metal 650 BD es adecuado para observar las superficies de m\u00e1scaras de fotograf\u00eda, circuitos integrados, placas de circuito impreso y otros objetos largos y anchos. Est\u00e1 equipado con una platina grande que puede contener f\u00e1cilmente muestras grandes y un enfoque preciso con un valor de incremento de 0,7 \u00b5m para observaciones de alta precisi\u00f3n realizadas con gran aumento. T\u00e9cnicas de microscop\u00eda de campo claro, campo oscuro y luz polarizada. El microscopio es adecuado para laboratorios de control de calidad, centros de investigaci\u00f3n y departamentos universitarios.<\/p>\n<p><strong>\u00d3ptica<\/strong><\/p>\n<p>El cabezal trinocular tiene un tubo vertical para instalar una c\u00e1mara digital. Un mando de selecci\u00f3n permite dirigir el haz de luz hacia la c\u00e1mara para tomar fotos y grabar v\u00eddeos que se pueden mostrar en una pantalla externa. La c\u00e1mara no est\u00e1 incluida en la configuraci\u00f3n b\u00e1sica del producto. En el ocular izquierdo se encuentra un anillo de ajuste de dioptr\u00edas para ajustar la imagen.<\/p>\n<p>Los objetivos plano acrom\u00e1ticos con la designaci\u00f3n BD est\u00e1n dise\u00f1ados espec\u00edficamente para las t\u00e9cnicas de microscop\u00eda de campo claro y campo oscuro. Los objetivos tienen una larga distancia de trabajo. El kit incluye cinco objetivos, uno en cada posici\u00f3n del rev\u00f3lver giratorio. Cualquier objetivo instalado se puede reemplazar r\u00e1pidamente por otro opcional, si es necesario. \u00d3ptica corregida al infinito con un poder de aumento de 50x a 800x. El rev\u00f3lver giratorio con los objetivos instalados est\u00e1 orientado hacia el interior: el usuario puede ver los objetivos que hay insertados en el camino \u00f3ptico.<\/p>\n<p><strong>Iluminaci\u00f3n<\/strong><\/p>\n<p>El sistema de iluminaci\u00f3n por luz reflejada est\u00e1 dise\u00f1ado para que todas las observaciones sean lo m\u00e1s detalladas posible con independencia del objetivo y las t\u00e9cnicas de microscop\u00eda utilizadas. La fuente de luz es una bombilla hal\u00f3gena de 50 W que produce una iluminaci\u00f3n brillante, uniforme y c\u00e1lida. Para ajustar la iluminaci\u00f3n se puede utilizar el m\u00e9todo de iluminaci\u00f3n K\u00f6hler, se incluyen filtros para la representaci\u00f3n de los colores y un dispositivo de polarizaci\u00f3n (analizador integrado y polarizador extra\u00edble). La fuente de luz y los diafragmas de apertura y de campo se pueden centrar. El sistema de iluminaci\u00f3n tambi\u00e9n incluye un dispositivo de campo oscuro.<\/p>\n<p><strong>Platina y mecanismo de enfoque<\/strong> <\/p>\n<p>Una caracter\u00edstica especial del microscopio es su gran platina de 280 x 270 mm, con un rango de desplazamiento de 204 mm a lo largo de los ejes X e Y. El enfoque se ajusta girando los mandos de enfoque aproximado y preciso. Los mandos de enfoque son fluidos y seguros, y gracias al valor de incremento del enfoque preciso, el trabajo con objetivos de gran aumento es preciso. El mecanismo de enfoque aproximado tiene un mando de bloqueo y un mando de ajuste de la tensi\u00f3n. Los mandos de enfoque est\u00e1n situados en la base del microscopio, por lo que el usuario puede adoptar una posici\u00f3n relajada y c\u00f3moda mientras utiliza el microscopio. Puede reposar las manos sobre la mesa en lugar de sostenerlas en el aire.<\/p>\n<p><strong>Accesorios<\/strong><\/p>\n<p>Para sacar el m\u00e1ximo provecho al microscopio MAGUS Metal 650 BD, puede adquirir accesorios adicionales: oculares, objetivos con larga distancia de trabajo para las t\u00e9cnicas campo claro y campo oscuro, portaobjetos de calibraci\u00f3n, c\u00e1maras digitales.<\/p>\n<p><strong>Caracter\u00edsticas principales:<\/strong><\/p>\n<ul>\n<li>Valor de incremento del enfoque preciso de 0,7 \u00b5m  el enfoque aproximado tiene un mando de bloqueo y un mando de ajuste de la tensi\u00f3n<\/li>\n<li>Platina grande para una f\u00e1cil observaci\u00f3n de objetos largos y anchos  amplio rango de desplazamiento de la platina a lo largo de dos ejes<\/li>\n<li>\u00d3ptica plana acrom\u00e1tica, cabezal trinocular con divisor del haz de luz de dos posiciones (100:0 y 0:100), tubo vertical para instalar una c\u00e1mara <\/li>\n<li>La fuente de luz y los diafragmas de campo y de apertura se pueden centrar, configuraci\u00f3n del m\u00e9todo de iluminaci\u00f3n K\u00f6hler, dispositivo de polarizaci\u00f3n, juego de filtros de color, t\u00e9cnicas de microscop\u00eda de campo oscuro <\/li>\n<li>Iluminador con bombilla hal\u00f3gena de 50 W y fuente de alimentaci\u00f3n de 220\u202fV  brillo ajustable<\/li>\n<li>Accesorios opcionales<\/li>\n<\/ul>\n<p><strong>El kit incluye:<\/strong><\/p>\n<ul>\n<li>Base del microscopio con conexi\u00f3n el\u00e9ctrica, iluminador de luz reflejada, mecanismo de enfoque, platina y rev\u00f3lver giratorio<\/li>\n<li>Cabezal trinocular<\/li>\n<li>Objetivo plano acrom\u00e1tico corregido al infinito: PL L5x\/0,12 BD WD 9,7 mm<\/li>\n<li>Objetivo plano acrom\u00e1tico corregido al infinito: PL L10x\/0,25 BD WD 9,3 mm<\/li>\n<li>Objetivo plano acrom\u00e1tico corregido al infinito: PL L20x\/0,40 BD WD 7,2 mm<\/li>\n<li>Objetivo plano acrom\u00e1tico corregido al infinito: PL L50\u0445\/0,70 BD WD 2,5 mm<\/li>\n<li>Objetivo plano acrom\u00e1tico corregido al infinito: PL L80x\/0,80 BD WD 0,8 mm<\/li>\n<li>Ocular 10x\/22 mm con larga distancia de acomodaci\u00f3n ocular (2 unidades)<\/li>\n<li>Adaptador de montura C con poder de aumento 1x<\/li>\n<li>Llave hexagonal<\/li>\n<li>Cable de alimentaci\u00f3n CA<\/li>\n<li>Cubierta protectora<\/li>\n<li>Manual del usuario y tarjeta de garant\u00eda<\/li>\n<\/ul>\n<p><strong>Disponible bajo petici\u00f3n:<\/strong><\/p>\n<ul>\n<li>Ocular de 10x\/22 mm con escala de medici\u00f3n<\/li>\n<li>Ocular de 12,5x\/14 mm (2 unidades)<\/li>\n<li>Ocular de 15x\/15 mm (2 unidades)<\/li>\n<li>Ocular de 20x\/12\u202fmm (2 unidades)<\/li>\n<li>Ocular de 25x\/9 mm (2 unidades)<\/li>\n<li>Objetivo plano acrom\u00e1tico corregido al infinito: PL L40x\/0,60 BD WD 3,0 mm<\/li>\n<li>Objetivo plano acrom\u00e1tico corregido al infinito: PL L60x\/0,70 BD WD 1,9 mm<\/li>\n<li>Objetivo plano acrom\u00e1tico corregido al infinito: PL L100\u0445\/0,85 (uso en seco) BD WD 0,4 mm<\/li>\n<li>C\u00e1mara digital<\/li>\n<li>Portaobjetos de calibraci\u00f3n<\/li>\n<\/ul>\n<table>\n<tbody>\n<tr>\n<td>Marca<\/td>\n<td>MAGUS<\/td>\n<\/tr>\n<tr>\n<td>Garant\u00eda<\/td>\n<td>5 \u043b\u0435\u0442<\/td>\n<\/tr>\n<tr>\n<td>EAN<\/td>\n<td>5905555018416<\/td>\n<\/tr>\n<tr>\n<td>Tama\u00f1o de paquete (LxAn.xAl.)<\/td>\n<td>58x49x60 cm<\/td>\n<\/tr>\n<tr>\n<td>Peso del env\u00edo<\/td>\n<td>21 kg<\/td>\n<\/tr>\n<tr>\n<td>Tipo<\/td>\n<td>luz\/\u00f3ptico, metal\u00fargico <\/td>\n<\/tr>\n<tr>\n<td>Cabezal<\/td>\n<td>trinocular<\/td>\n<\/tr>\n<tr>\n<td>Boquilla<\/td>\n<td>Siedentopf<\/td>\n<\/tr>\n<tr>\n<td>\u00c1ngulo de inclinaci\u00f3n de cabezal<\/td>\n<td>30\u00b0<\/td>\n<\/tr>\n<tr>\n<td>Ampliaci\u00f3n, x<\/td>\n<td>b\u00e1sico: 50\u2013800 (*opcional: 50\u20131000\/1250\/1500\/2000\/2500)<\/td>\n<\/tr>\n<tr>\n<td>Rango de ampliaci\u00f3n<\/td>\n<td>800x a 1280x<\/td>\n<\/tr>\n<tr>\n<td>Di\u00e1metro del tubo del ocular, mm<\/td>\n<td>30<\/td>\n<\/tr>\n<tr>\n<td>Oculares<\/td>\n<td>10\u0445\/22 mm, distancia de acomodaci\u00f3n ocular: 10 mm (*opcional: 10x\/22 mm con escala, 12,5x\/14  15x\/15  20x\/12  25x\/9)<\/td>\n<\/tr>\n<tr>\n<td>Objetivos<\/td>\n<td>plano acrom\u00e1ticos corregidos al infinito: PL L5x\/0,12 BD, PL L10x\/0,25 BD, PL L20x\/0,40 BD, PL L50x\/0,70 BD, PL L80x\/0,80 BD  distancia parafocal 45 mm (*opcional: PL L40x\/0,60 BD, PL L60x\/0,70 BD, PL L100x\/0,85 BD (uso en seco))<\/td>\n<\/tr>\n<tr>\n<td>Rev\u00f3lver<\/td>\n<td>para 5 objetivos<\/td>\n<\/tr>\n<tr>\n<td>Distancia de trabajo, mm<\/td>\n<td>9,7 (5x)  9,3 (10x)  7,2 (20x)  2,5 (50x)  3,0 (40x)  1,9 (60x)  0,80 (80x)  0,40 (100x)<\/td>\n<\/tr>\n<tr>\n<td>Distancia interpupilar, mm<\/td>\n<td>48 \u2014 75<\/td>\n<\/tr>\n<tr>\n<td>Platina, mm<\/td>\n<td>280&#215;270<\/td>\n<\/tr>\n<tr>\n<td>Rango de desplazamiento de la platina, mm<\/td>\n<td>204\/204<\/td>\n<\/tr>\n<tr>\n<td>Platina<\/td>\n<td>mec\u00e1nico de dos ejes<\/td>\n<\/tr>\n<tr>\n<td>Ajuste di\u00f3ptrico<\/td>\n<td>\u00b15 (en el tubo izquierdo)<\/td>\n<\/tr>\n<tr>\n<td>Diafragma<\/td>\n<td>diafragmas de apertura y de campo integrados<\/td>\n<\/tr>\n<tr>\n<td>Enfoque<\/td>\n<td>coaxial, enfoque aproximado (30 mm, 13,1 mm\/c\u00edrculo, con mando de bloqueo y mando de ajuste de tensi\u00f3n) y enfoque preciso (0,0007 mm)<\/td>\n<\/tr>\n<tr>\n<td>Iluminaci\u00f3n<\/td>\n<td>hal\u00f3gena<\/td>\n<\/tr>\n<tr>\n<td>Ajuste del brillo<\/td>\n<td>yes<\/td>\n<\/tr>\n<tr>\n<td>Alimentaci\u00f3n<\/td>\n<td>220\u00b122 V, 50 Hz, alimentaci\u00f3n de red de CA<\/td>\n<\/tr>\n<tr>\n<td>Tipo de fuente de iluminaci\u00f3n<\/td>\n<td>12 V\/50 W<\/td>\n<\/tr>\n<tr>\n<td>Filtros de luz<\/td>\n<td>verde, azul, amarillo, mate<\/td>\n<\/tr>\n<tr>\n<td>Intervalo de temperatura de funcionamiento, \u00b0C<\/td>\n<td>5 \u2014 35<\/td>\n<\/tr>\n<tr>\n<td>Adicional<\/td>\n<td>analizador integrado y polarizador extra\u00edble, dispositivo de campo oscuro<\/td>\n<\/tr>\n<tr>\n<td>Nivel de usuario<\/td>\n<td>usuarios experimentados, profesionales<\/td>\n<\/tr>\n<tr>\n<td>Montaje y nivel de dificultad de instalaci\u00f3n<\/td>\n<td>complicado<\/td>\n<\/tr>\n<tr>\n<td>Aplicaci\u00f3n<\/td>\n<td>metal\u00fargico <\/td>\n<\/tr>\n<tr>\n<td>Ubicaci\u00f3n de la iluminaci\u00f3n<\/td>\n<td>superior<\/td>\n<\/tr>\n<tr>\n<td>M\u00e9todo de investigaci\u00f3n<\/td>\n<td>campo claro, campo oscuro, polarizaci\u00f3n<\/td>\n<\/tr>\n<tr>\n<td>Funda\/malet\u00edn\/bolsa incluida en el kit<\/td>\n<td>cubierta protectora<\/td>\n<\/tr>\n<\/tbody>\n<\/table>\n","protected":false},"excerpt":{"rendered":"<p>El microscopio metal\u00fargico MAGUS Metal 650 BD es adecuado para observar las superficies de m\u00e1scaras de fotograf\u00eda, circuitos integrados, placas de circuito impreso y otros objetos largos y anchos. Est\u00e1 equipado con una platina grande que puede contener f\u00e1cilmente muestras grandes y un enfoque preciso con un valor de incremento de 0,7 \u00b5m para observaciones de alta precisi\u00f3n realizadas con gran aumento. T\u00e9cnicas de microscop\u00eda de campo claro, campo oscuro y luz polarizada. El microscopio es adecuado para laboratorios de control de calidad, centros de investigaci\u00f3n y departamentos universitarios.<\/p>\n","protected":false},"featured_media":82925,"template":"","meta":{"_exactmetrics_skip_tracking":false,"_exactmetrics_sitenote_active":false,"_exactmetrics_sitenote_note":"","_exactmetrics_sitenote_category":0},"product_brand":[],"product_cat":[611],"product_tag":[],"class_list":{"0":"post-84520","1":"product","2":"type-product","3":"status-publish","4":"has-post-thumbnail","6":"product_cat-metalograficos","7":"product_shipping_class-microscopio","9":"first","10":"instock","11":"taxable","12":"shipping-taxable","13":"purchasable","14":"product-type-simple"},"_links":{"self":[{"href":"https:\/\/microscopistas.com\/en\/wp-json\/wp\/v2\/product\/84520","targetHints":{"allow":["GET"]}}],"collection":[{"href":"https:\/\/microscopistas.com\/en\/wp-json\/wp\/v2\/product"}],"about":[{"href":"https:\/\/microscopistas.com\/en\/wp-json\/wp\/v2\/types\/product"}],"wp:featuredmedia":[{"embeddable":true,"href":"https:\/\/microscopistas.com\/en\/wp-json\/wp\/v2\/media\/82925"}],"wp:attachment":[{"href":"https:\/\/microscopistas.com\/en\/wp-json\/wp\/v2\/media?parent=84520"}],"wp:term":[{"taxonomy":"product_brand","embeddable":true,"href":"https:\/\/microscopistas.com\/en\/wp-json\/wp\/v2\/product_brand?post=84520"},{"taxonomy":"product_cat","embeddable":true,"href":"https:\/\/microscopistas.com\/en\/wp-json\/wp\/v2\/product_cat?post=84520"},{"taxonomy":"product_tag","embeddable":true,"href":"https:\/\/microscopistas.com\/en\/wp-json\/wp\/v2\/product_tag?post=84520"}],"curies":[{"name":"wp","href":"https:\/\/api.w.org\/{rel}","templated":true}]}}