{"id":84518,"date":"2024-07-29T18:28:40","date_gmt":"2024-07-29T16:28:40","guid":{"rendered":"http:\/\/microscopistas.com\/?post_type=product&#038;p=84518"},"modified":"2024-07-29T19:06:39","modified_gmt":"2024-07-29T17:06:39","slug":"microscopio-metalurgico-magus-metal-630-bd","status":"publish","type":"product","link":"https:\/\/microscopistas.com\/en\/producto\/microscopio-metalurgico-magus-metal-630-bd\/","title":{"rendered":"Microscopio metal\u00fargico MAGUS Metal 630 BD"},"content":{"rendered":"<p>Microscopio metal\u00fargico MAGUS Metal 630 BD para las t\u00e9cnicas de microscop\u00eda de campo claro, campo oscuro y polarizaci\u00f3n. La potente iluminaci\u00f3n hal\u00f3gena produce una imagen de calidad con cualquier lente objetivo y m\u00e9todo de microscop\u00eda. El microscopio est\u00e1 dise\u00f1ado para realizar controles de calidad y estudiar la microestructura de metales, materiales semiconductores y objetos opacos. Se utiliza para trabajos de investigaci\u00f3n en centros de producci\u00f3n, laboratorios de investigaci\u00f3n y departamentos universitarios. <\/p>\n<p><strong>\u00d3ptica<\/strong><\/p>\n<p>El cabezal trinocular tiene un tubo vertical en el que se instala una c\u00e1mara digital (no incluida). El haz de luz se puede dirigir hacia los oculares o hacia la c\u00e1mara utilizando un mando de selecci\u00f3n del haz de luz. Los tubos oculares est\u00e1n inclinados 30\u00b0 para facilitar la observaci\u00f3n. El anillo de ajuste de las dioptr\u00edas est\u00e1 ubicado en el tubo izquierdo.<\/p>\n<p>Una vez instalados los objetivos incluidos en el kit, queda una posici\u00f3n libre para instalar un objetivo opcional. Todos los objetivos de la configuraci\u00f3n b\u00e1sica son plano acrom\u00e1ticos, con una larga distancia de trabajo y son adecuados para la microscop\u00eda de campo claro y campo oscuro.<\/p>\n<p><strong>Iluminaci\u00f3n<\/strong><\/p>\n<p>Para las observaciones de campo oscuro, el microscopio est\u00e1 equipado con una bombilla hal\u00f3gena de mayor potencia (50\u202fW). Adem\u00e1s, el sistema de iluminaci\u00f3n por luz reflejada incluye: un juego de filtros, diafragmas de apertura y de campo, un dispositivo de campo oscuro, un analizador integrado y un polarizador extra\u00edble. El diafragma de apertura y la fuente de luz se pueden centrar. Se puede configurar el m\u00e9todo de iluminaci\u00f3n K\u00f6hler.<\/p>\n<p><strong>Platina y mecanismo de enfoque<\/strong> <\/p>\n<p>El microscopio tiene un dise\u00f1o \u00fanico respecto al cuerpo y el mecanismo de enfoque que permite que la muestra examinada pueda ser de cualquier tama\u00f1o y altura. Otra caracter\u00edstica es su peque\u00f1o tama\u00f1o: el microscopio cabe f\u00e1cilmente en superficies de 40 cm. Los mandos de enfoque aproximado y preciso son coaxiales y est\u00e1n situados a ambos lados del cuerpo del microscopio. Tambi\u00e9n se puede ajustar la tensi\u00f3n del enfoque aproximado.<\/p>\n<p><strong>Accesorios<\/strong><\/p>\n<p>Se pueden adquirir por separado accesorios adicionales para el microscopio MAGUS Metal 630 BD. Estos accesorios incluyen oculares compatibles, objetivos de larga distancia de trabajo para campo claro y campo oscuro, portaobjetos de calibraci\u00f3n y c\u00e1maras digitales.<\/p>\n<p><strong>Caracter\u00edsticas principales:<\/strong><\/p>\n<ul>\n<li>Adecuado para estudiar muestras opacas de cualquier tama\u00f1o y altura<\/li>\n<li>Cabezal trinocular con tubo vertical para instalar una c\u00e1mara digital, y divisor del haz de luz con dos posiciones (100\/0 y 0\/100)<\/li>\n<li>Observaciones con luz reflejada utilizando t\u00e9cnicas de microscop\u00eda de campo claro, campo oscuro y polarizaci\u00f3n<\/li>\n<li>La potencia de la fuente de luz hal\u00f3gena se ha incrementado a 50\u202fW (adecuada para la t\u00e9cnica de campo oscuro)<\/li>\n<li>Diafragmas de campo y de apertura para el m\u00e9todo de iluminaci\u00f3n K\u00f6hler, juego de filtros de color, centrado de ambas diafragmas y fuente de luz<\/li>\n<li>Dise\u00f1o de cuerpo compacto para instalar el microscopio en espacios peque\u00f1os<\/li>\n<li>Amplia gama de accesorios opcionales<\/li>\n<\/ul>\n<p><strong>El kit incluye:<\/strong><\/p>\n<ul>\n<li>Cuerpo con mecanismo de enfoque, platina y rev\u00f3lver giratorio<\/li>\n<li>Iluminador de luz reflejada con cabina para la l\u00e1mpara <\/li>\n<li>Cabezal trinocular<\/li>\n<li>Objetivo plano acrom\u00e1tico corregido al infinito: PL L5x\/0,12 BD WD 9,7 mm<\/li>\n<li>Objetivo plano acrom\u00e1tico corregido al infinito: PL L10x\/0,25 BD WD 9,3 mm<\/li>\n<li>Objetivo plano acrom\u00e1tico corregido al infinito: PL L20x\/0,40 BD WD 7,2 mm<\/li>\n<li>Objetivo plano acrom\u00e1tico corregido al infinito: PL L50\u0445\/0,70 BD WD 2,5 mm<\/li>\n<li>Ocular 10x\/22 mm con larga distancia de acomodaci\u00f3n ocular (2 unidades)<\/li>\n<li>Adaptador de montura C con poder de aumento 1x<\/li>\n<li>Llave hexagonal<\/li>\n<li>Base con conexi\u00f3n el\u00e9ctrica <\/li>\n<li>Cable de alimentaci\u00f3n<\/li>\n<li>Cable de alimentaci\u00f3n del iluminador de luz reflejada<\/li>\n<li>Cubierta protectora<\/li>\n<li>Manual del usuario y tarjeta de garant\u00eda<\/li>\n<\/ul>\n<p><strong>Disponible bajo petici\u00f3n:<\/strong><\/p>\n<ul>\n<li>Ocular de 10x\/22 mm con escala de medici\u00f3n<\/li>\n<li>Ocular de 12,5x\/14 mm (2 unidades)<\/li>\n<li>Ocular de 15x\/15 mm (2 unidades)<\/li>\n<li>Ocular de 20x\/12 mm (2 unidades)<\/li>\n<li>Ocular de 25x\/9 mm (2 unidades)<\/li>\n<li>Objetivo plano acrom\u00e1tico corregido al infinito: PL L40x\/0,60 BD WD 3,0 mm<\/li>\n<li>Objetivo plano acrom\u00e1tico corregido al infinito: PL L60x\/0,70 BD WD: 1,9 mm<\/li>\n<li>Objetivo plano acrom\u00e1tico corregido al infinito: PL L80x\/0,80 BD WD: 0,8 mm<\/li>\n<li>Objetivo plano acrom\u00e1tico corregido al infinito: PL L100\u0445\/0,85 (uso en seco) BD WD: 0,4 mm<\/li>\n<li>C\u00e1mara digital<\/li>\n<li>Portaobjetos de calibraci\u00f3n<\/li>\n<\/ul>\n<table>\n<tbody>\n<tr>\n<td>Marca<\/td>\n<td>MAGUS<\/td>\n<\/tr>\n<tr>\n<td>Garant\u00eda<\/td>\n<td>5 \u043b\u0435\u0442<\/td>\n<\/tr>\n<tr>\n<td>EAN<\/td>\n<td>5905555018355<\/td>\n<\/tr>\n<tr>\n<td>Tama\u00f1o de paquete (LxAn.xAl.)<\/td>\n<td>39x37x73 cm<\/td>\n<\/tr>\n<tr>\n<td>Peso del env\u00edo<\/td>\n<td>19.5 kg<\/td>\n<\/tr>\n<tr>\n<td>Tipo<\/td>\n<td>luz\/\u00f3ptico, metal\u00fargico <\/td>\n<\/tr>\n<tr>\n<td>Cabezal<\/td>\n<td>trinocular<\/td>\n<\/tr>\n<tr>\n<td>Boquilla<\/td>\n<td>Siedentopf<\/td>\n<\/tr>\n<tr>\n<td>\u00c1ngulo de inclinaci\u00f3n de cabezal<\/td>\n<td>30\u00b0<\/td>\n<\/tr>\n<tr>\n<td>Ampliaci\u00f3n, x<\/td>\n<td>b\u00e1sico: 50\u2013500 (*opcional: 50\u20131000\/1250\/1500\/2000\/2500)<\/td>\n<\/tr>\n<tr>\n<td>Rango de ampliaci\u00f3n<\/td>\n<td>200x a 800x<\/td>\n<\/tr>\n<tr>\n<td>Di\u00e1metro del tubo del ocular, mm<\/td>\n<td>30<\/td>\n<\/tr>\n<tr>\n<td>Oculares<\/td>\n<td>10\u0445\/22 mm, distancia de acomodaci\u00f3n ocular: 10 mm (*opcional: 10x\/22 mm con escala, 12,5x\/14  15x\/15  20x\/12  25x\/9)<\/td>\n<\/tr>\n<tr>\n<td>Objetivos<\/td>\n<td>plano acrom\u00e1ticos corregidos al infinito: PL L5x\/0,12 BD, PL L10x\/0,25 BD, PL L20x\/0,40 BD, PL L50x\/0,70 BD  distancia parafocal 45 mm (*opcional: PL L40x\/0,60 BD, PL L60x\u202f\/ 0,70 BD, PL L80x\/0,80 BD, PL L100x\/0,85 BD (uso en seco))<\/td>\n<\/tr>\n<tr>\n<td>Rev\u00f3lver<\/td>\n<td>para 5 objetivos<\/td>\n<\/tr>\n<tr>\n<td>Distancia de trabajo, mm<\/td>\n<td>9,7 (5x)  9,3 (10x)  7,2 (20x)  2,5 (50x)  3,0 (40x)  1,9 (60x)  0,80 (80x)  0,40 (100x)<\/td>\n<\/tr>\n<tr>\n<td>Distancia interpupilar, mm<\/td>\n<td>48 \u2014 75<\/td>\n<\/tr>\n<tr>\n<td>Platina, mm<\/td>\n<td>185&#215;140<\/td>\n<\/tr>\n<tr>\n<td>Rango de desplazamiento de la platina, mm<\/td>\n<td>35\/30<\/td>\n<\/tr>\n<tr>\n<td>Platina<\/td>\n<td>platina mec\u00e1nica de dos ejes  tama\u00f1o de la base del microscopio: 300\u202fx\u202f240 mm<\/td>\n<\/tr>\n<tr>\n<td>Ajuste di\u00f3ptrico<\/td>\n<td>\u00b15 (en el tubo izquierdo)<\/td>\n<\/tr>\n<tr>\n<td>Diafragma<\/td>\n<td>diafragmas de apertura y de campo integrados<\/td>\n<\/tr>\n<tr>\n<td>Enfoque<\/td>\n<td>coaxial, enfoque aproximado (con ajuste de tensi\u00f3n) y ajuste preciso (0,002 mm)<\/td>\n<\/tr>\n<tr>\n<td>Iluminaci\u00f3n<\/td>\n<td>hal\u00f3gena<\/td>\n<\/tr>\n<tr>\n<td>Ajuste del brillo<\/td>\n<td>yes<\/td>\n<\/tr>\n<tr>\n<td>Alimentaci\u00f3n<\/td>\n<td>220\u00b122 V, 50 Hz, alimentaci\u00f3n de red de CA<\/td>\n<\/tr>\n<tr>\n<td>Tipo de fuente de iluminaci\u00f3n<\/td>\n<td>12 V\/50 W<\/td>\n<\/tr>\n<tr>\n<td>Filtros de luz<\/td>\n<td>verde, azul, amarillo, mate<\/td>\n<\/tr>\n<tr>\n<td>Intervalo de temperatura de funcionamiento, \u00b0C<\/td>\n<td>5 \u2014 35<\/td>\n<\/tr>\n<tr>\n<td>Adicional<\/td>\n<td>analizador integrado y polarizador extra\u00edble, dispositivo de campo oscuro<\/td>\n<\/tr>\n<tr>\n<td>Nivel de usuario<\/td>\n<td>usuarios experimentados, profesionales<\/td>\n<\/tr>\n<tr>\n<td>Montaje y nivel de dificultad de instalaci\u00f3n<\/td>\n<td>complicado<\/td>\n<\/tr>\n<tr>\n<td>Aplicaci\u00f3n<\/td>\n<td>metal\u00fargico <\/td>\n<\/tr>\n<tr>\n<td>Ubicaci\u00f3n de la iluminaci\u00f3n<\/td>\n<td>superior<\/td>\n<\/tr>\n<tr>\n<td>M\u00e9todo de investigaci\u00f3n<\/td>\n<td>campo claro, campo oscuro, polarizaci\u00f3n<\/td>\n<\/tr>\n<tr>\n<td>Funda\/malet\u00edn\/bolsa incluida en el kit<\/td>\n<td>cubierta protectora<\/td>\n<\/tr>\n<\/tbody>\n<\/table>\n","protected":false},"excerpt":{"rendered":"<p>Microscopio metal\u00fargico MAGUS Metal 630 BD para las t\u00e9cnicas de microscop\u00eda de campo claro, campo oscuro y polarizaci\u00f3n. La potente iluminaci\u00f3n hal\u00f3gena produce una imagen de calidad con cualquier lente objetivo y m\u00e9todo de microscop\u00eda. El microscopio est\u00e1 dise\u00f1ado para realizar controles de calidad y estudiar la microestructura de metales, materiales semiconductores y objetos opacos. Se utiliza para trabajos de investigaci\u00f3n en centros de producci\u00f3n, laboratorios de investigaci\u00f3n y departamentos universitarios. <\/p>\n","protected":false},"featured_media":82919,"template":"","meta":{"_exactmetrics_skip_tracking":false,"_exactmetrics_sitenote_active":false,"_exactmetrics_sitenote_note":"","_exactmetrics_sitenote_category":0},"product_brand":[],"product_cat":[611],"product_tag":[],"class_list":{"0":"post-84518","1":"product","2":"type-product","3":"status-publish","4":"has-post-thumbnail","6":"product_cat-metalograficos","7":"product_shipping_class-microscopio","9":"first","10":"instock","11":"taxable","12":"shipping-taxable","13":"purchasable","14":"product-type-simple"},"_links":{"self":[{"href":"https:\/\/microscopistas.com\/en\/wp-json\/wp\/v2\/product\/84518","targetHints":{"allow":["GET"]}}],"collection":[{"href":"https:\/\/microscopistas.com\/en\/wp-json\/wp\/v2\/product"}],"about":[{"href":"https:\/\/microscopistas.com\/en\/wp-json\/wp\/v2\/types\/product"}],"wp:featuredmedia":[{"embeddable":true,"href":"https:\/\/microscopistas.com\/en\/wp-json\/wp\/v2\/media\/82919"}],"wp:attachment":[{"href":"https:\/\/microscopistas.com\/en\/wp-json\/wp\/v2\/media?parent=84518"}],"wp:term":[{"taxonomy":"product_brand","embeddable":true,"href":"https:\/\/microscopistas.com\/en\/wp-json\/wp\/v2\/product_brand?post=84518"},{"taxonomy":"product_cat","embeddable":true,"href":"https:\/\/microscopistas.com\/en\/wp-json\/wp\/v2\/product_cat?post=84518"},{"taxonomy":"product_tag","embeddable":true,"href":"https:\/\/microscopistas.com\/en\/wp-json\/wp\/v2\/product_tag?post=84518"}],"curies":[{"name":"wp","href":"https:\/\/api.w.org\/{rel}","templated":true}]}}