{"id":84516,"date":"2024-07-29T18:28:37","date_gmt":"2024-07-29T16:28:37","guid":{"rendered":"http:\/\/microscopistas.com\/?post_type=product&#038;p=84516"},"modified":"2024-07-29T19:07:03","modified_gmt":"2024-07-29T17:07:03","slug":"microscopio-metalurgico-magus-metal-600-bd","status":"publish","type":"product","link":"https:\/\/microscopistas.com\/en\/producto\/microscopio-metalurgico-magus-metal-600-bd\/","title":{"rendered":"Microscopio metal\u00fargico MAGUS Metal 600 BD"},"content":{"rendered":"<p>El microscopio metal\u00fargico MAGUS Metal 600 BD est\u00e1 dise\u00f1ado para estudiar objetos con luz reflejada utilizando las t\u00e9cnicas de microscop\u00eda de campo claro, campo oscuro y polarizaci\u00f3n. Este microscopio se utiliza para examinar muestras de metales y semiconductores, as\u00ed como otras muestras planas y pulidas que tienen una alta reflectividad. Con luz transmitida, se pueden estudiar muestras transl\u00facidas, tales como pel\u00edculas finas y part\u00edculas atrapadas en filtros. El microscopio se puede utilizar en la industria metal\u00fargica y de ingenier\u00eda mec\u00e1nica, en laboratorios de ingenier\u00eda y control de calidad, as\u00ed como en universidades t\u00e9cnicas.<\/p>\n<p><strong>\u00d3ptica<\/strong><\/p>\n<p>El cabezal trinocular tiene un tubo trinocular en el que se instala una c\u00e1mara digital. El divisor del haz de luz desv\u00eda la luz hacia la c\u00e1mara  hay dos posiciones disponibles para el divisor del haz: 100:0 y 0:100. El haz de luz completo llega hasta los oculares o hasta el tubo trinocular. El anillo de ajuste de las dioptr\u00edas est\u00e1 en el ocular izquierdo.<\/p>\n<p>El poder de aumento del microscopio en la configuraci\u00f3n b\u00e1sica es de 50 a 400x. Se pueden instalar objetivos y oculares adicionales para aumentar el rango de aumento. El microscopio utiliza objetivos plano acrom\u00e1ticos con una larga distancia de trabajo para utilizar las t\u00e9cnicas de microscop\u00eda de campo claro y campo oscuro. El rev\u00f3lver giratorio dispone de cinco posiciones para instalar objetivos  el kit incluye cuatro objetivos y opcionalmente se puede instalar otro m\u00e1s. El rev\u00f3lver giratorio con los objetivos instalados est\u00e1 orientado hacia el interior: el usuario puede ver los objetivos que hay insertados en el camino \u00f3ptico.<\/p>\n<p><strong>Iluminaci\u00f3n<\/strong><\/p>\n<p>La iluminaci\u00f3n utiliza l\u00e1mparas hal\u00f3genas c\u00e1lidas que no causan fatiga ocular incluso cuando se trabaja durante largos per\u00edodos de tiempo. El iluminador de luz transmitida tiene una potencia de 30 W y el iluminador de luz reflejada es 50 W, lo que permite trabajar de forma adecuada con la t\u00e9cnica de microscop\u00eda de campo oscuro.<\/p>\n<p>El sistema de iluminaci\u00f3n por luz reflejada incluye: un dispositivo de campo oscuro, un dispositivo de polarizaci\u00f3n, diafragmas de apertura y de campo ajustables en el centro para el m\u00e9todo de iluminaci\u00f3n K\u00f6hler y filtros de color. La fuente de luz tambi\u00e9n se puede centrar.<\/p>\n<p>El sistema de iluminaci\u00f3n por luz transmitida incluye: un condensador con lente abatible para objetivos de bajo aumento y un diafragma de apertura y de campo para el m\u00e9todo de iluminaci\u00f3n K\u00f6hler.<\/p>\n<p><strong>Platina y mecanismo de enfoque<\/strong> <\/p>\n<p>La muestra observada se puede desplazar moviendo la platina a lo largo de dos ejes. La altura de la muestra no debe exceder los 20 mm. Para trabajar con muestras trasl\u00facidas, la platina dispone de una placa de vidrio transparente.<\/p>\n<p>Los mandos de enfoque est\u00e1n dispuestos coaxialmente a ambos lados de la base del microscopio. Esto permite reposar las manos sobre la mesa mientras se trabaja, en lugar de mantenerlas en el aire. El mecanismo de enfoque aproximado tiene un mando de bloqueo en el lado derecho y un mando de ajuste de la tensi\u00f3n en el lado izquierdo.<\/p>\n<p><strong>Accesorios<\/strong><\/p>\n<p>La gama de accesorios compatibles con el microscopio MAGUS Metal 600 BD incluye objetivos con larga distancia de trabajo para utilizar con oculares de campo claro y campo oscuro, portaobjetos de calibraci\u00f3n y c\u00e1maras digitales.<\/p>\n<p><strong>Caracter\u00edsticas principales:<\/strong><\/p>\n<ul>\n<li>Observaciones con luz reflejada de objetos planos opacos y pulidos, de hasta 20 mm de grosor, mediante las t\u00e9cnicas de microscop\u00eda de campo claro, campo oscuro y polarizaci\u00f3n<\/li>\n<li>Observaciones con luz transmitida de muestras transl\u00facidas<\/li>\n<li>Tubo trinocular para instalar una c\u00e1mara digital, y divisor del haz de luz con dos posiciones (100:0 y 0:100)<\/li>\n<li>Objetivos plano acrom\u00e1ticos con una larga distancia de trabajo  las iniciales BD denotan que los objetivos son aptos para las t\u00e9cnicas de campo claro y campo oscuro  <\/li>\n<li>Iluminador de luz transmitida: bombilla hal\u00f3gena de 30 W  iluminador de luz reflejada: bombilla hal\u00f3gena de 50 W que garantiza un trabajo c\u00f3modo cuando se utiliza la microscop\u00eda de campo oscuro <\/li>\n<li>M\u00e9todo de Iluminaci\u00f3n K\u00f6hler (luz reflejada) con posibilidad de centrar la fuente de luz y los diafragmas de campo y de apertura  filtros de color<\/li>\n<li>M\u00e9todo de iluminaci\u00f3n K\u00f6hler (luz transmitida) con condensador Abbe ajustable en el centro y en altura, lente de condensador abatible para objetivos de bajo aumento<\/li>\n<li>Amplia gama de oculares y objetivos totalmente compatibles<\/li>\n<\/ul>\n<p><strong>El kit incluye:<\/strong><\/p>\n<ul>\n<li>Base con conexi\u00f3n el\u00e9ctrica, fuente de luz transmitida y condensador, mecanismo de enfoque, platina y rev\u00f3lver giratorio<\/li>\n<li>Iluminador de luz reflejada con cabina para la l\u00e1mpara <\/li>\n<li>Cabezal trinocular<\/li>\n<li>Objetivo plano acrom\u00e1tico corregido al infinito: PL L5x\/0,12 BD WD 9,7 mm<\/li>\n<li>Objetivo plano acrom\u00e1tico corregido al infinito: PL L10x\/0,25 BD WD 9,3 mm<\/li>\n<li>Objetivo plano acrom\u00e1tico corregido al infinito: PL L20x\/0,40 BD WD 7,2 mm<\/li>\n<li>Objetivo plano acrom\u00e1tico corregido al infinito: PL L40x\/0,60 BD WD 3,0 mm<\/li>\n<li>Ocular 10x\/22 mm con larga distancia de acomodaci\u00f3n ocular (2 unidades)<\/li>\n<li>Placa de platina transparente <\/li>\n<li>Adaptador de montura C con poder de aumento 1x<\/li>\n<li>Llave hexagonal<\/li>\n<li>Cable de alimentaci\u00f3n CA<\/li>\n<li>Cable de alimentaci\u00f3n del iluminador de luz reflejada<\/li>\n<li>Cubierta protectora<\/li>\n<li>Manual del usuario y tarjeta de garant\u00eda<\/li>\n<\/ul>\n<p><strong>Disponible bajo petici\u00f3n:<\/strong><\/p>\n<ul>\n<li>Ocular de 10x\/22 mm con escala de medici\u00f3n<\/li>\n<li>Ocular de 12,5x\/14 mm (2 unidades)<\/li>\n<li>Ocular de 15x\/15 mm (2 unidades)<\/li>\n<li>Ocular de 20x\/12 mm (2 unidades)<\/li>\n<li>Ocular de 25x\/9 mm (2 unidades)<\/li>\n<li>Objetivo plano acrom\u00e1tico corregido al infinito: PL L50\u0445\/0,70 BD WD 2,5 mm<\/li>\n<li>Objetivo plano acrom\u00e1tico corregido al infinito: PL L60x \/\u202f0,70 BD WD: 1,9 mm<\/li>\n<li>Objetivo plano acrom\u00e1tico corregido al infinito: PL L80x\/0,80 BD WD: 0,8 mm<\/li>\n<li>Objetivo plano acrom\u00e1tico corregido al infinito: PL L100\u0445\/0,85 (uso en seco) BD WD: 0,4 mm<\/li>\n<li>C\u00e1mara digital<\/li>\n<li>Portaobjetos de calibraci\u00f3n<\/li>\n<\/ul>\n<table>\n<tbody>\n<tr>\n<td>Marca<\/td>\n<td>MAGUS<\/td>\n<\/tr>\n<tr>\n<td>Garant\u00eda<\/td>\n<td>5 \u043b\u0435\u0442<\/td>\n<\/tr>\n<tr>\n<td>EAN<\/td>\n<td>5905555018294<\/td>\n<\/tr>\n<tr>\n<td>Tama\u00f1o de paquete (LxAn.xAl.)<\/td>\n<td>35x30x75 cm<\/td>\n<\/tr>\n<tr>\n<td>Peso del env\u00edo<\/td>\n<td>14.5 kg<\/td>\n<\/tr>\n<tr>\n<td>Tipo<\/td>\n<td>luz\/\u00f3ptico, metal\u00fargico <\/td>\n<\/tr>\n<tr>\n<td>Cabezal<\/td>\n<td>trinocular<\/td>\n<\/tr>\n<tr>\n<td>Boquilla<\/td>\n<td>Siedentopf<\/td>\n<\/tr>\n<tr>\n<td>\u00c1ngulo de inclinaci\u00f3n de cabezal<\/td>\n<td>30\u00b0<\/td>\n<\/tr>\n<tr>\n<td>Ampliaci\u00f3n, x<\/td>\n<td>b\u00e1sico: 50\u2013400 (*opcional: 50\u20131000\/1250\/1500\/2000\/2500)<\/td>\n<\/tr>\n<tr>\n<td>Rango de ampliaci\u00f3n<\/td>\n<td>200x a 800x<\/td>\n<\/tr>\n<tr>\n<td>Di\u00e1metro del tubo del ocular, mm<\/td>\n<td>30<\/td>\n<\/tr>\n<tr>\n<td>Oculares<\/td>\n<td>10\u0445\/22 mm, distancia de acomodaci\u00f3n ocular: 10 mm (*opcional: 10x\/22 mm con escala, 12,5x\/14  15x\/15  20x\/12  25x\/9)<\/td>\n<\/tr>\n<tr>\n<td>Objetivos<\/td>\n<td>plano acrom\u00e1ticos corregidos al infinito: PL L5x\/0,12 BD, PL L10x\/0,25 BD, PL L20x\/0,40 BD, PL L40x\/0,60 BD  distancia parafocal 45 mm (*opcional: PL L50x\/0,70 BD, PL L60x\u202f\/ 0,70 BD, PL L80x\/0,80 BD, PL L100x\/0,85 BD (uso en seco))<\/td>\n<\/tr>\n<tr>\n<td>Rev\u00f3lver<\/td>\n<td>para 5 objetivos<\/td>\n<\/tr>\n<tr>\n<td>Distancia de trabajo, mm<\/td>\n<td>9,7 (5x)  9,3 (10x)  7,2 (20x)  2,5 (50x)  3,0 (40x)  1,9 (60x)  0,80 (80x)  0,40 (100x)<\/td>\n<\/tr>\n<tr>\n<td>Distancia interpupilar, mm<\/td>\n<td>48 \u2014 75<\/td>\n<\/tr>\n<tr>\n<td>Platina, mm<\/td>\n<td>210&#215;140<\/td>\n<\/tr>\n<tr>\n<td>Rango de desplazamiento de la platina, mm<\/td>\n<td>75\/50<\/td>\n<\/tr>\n<tr>\n<td>Platina<\/td>\n<td>platina mec\u00e1nica de dos ejes, con placa de vidrio<\/td>\n<\/tr>\n<tr>\n<td>Ajuste di\u00f3ptrico<\/td>\n<td>\u00b15 (en el tubo izquierdo)<\/td>\n<\/tr>\n<tr>\n<td>Condensador<\/td>\n<td>luz transmitida: condensador Abbe ajustable en altura y en el centro, NA 1,25  diafragma de apertura ajustable y lente abatible, con tornillos de bloqueo<\/td>\n<\/tr>\n<tr>\n<td>Diafragma<\/td>\n<td>luz transmitida y reflejada: diafragmas de campo y apertura integrados<\/td>\n<\/tr>\n<tr>\n<td>Enfoque<\/td>\n<td>coaxial, enfoque aproximado (25 mm, con mando de bloqueo y mando de ajuste de la tensi\u00f3n) y enfoque preciso (0,002 mm)<\/td>\n<\/tr>\n<tr>\n<td>Iluminaci\u00f3n<\/td>\n<td>hal\u00f3gena<\/td>\n<\/tr>\n<tr>\n<td>Ajuste del brillo<\/td>\n<td>yes<\/td>\n<\/tr>\n<tr>\n<td>Alimentaci\u00f3n<\/td>\n<td>220\u00b122 V, 50 Hz, alimentaci\u00f3n de red de CA<\/td>\n<\/tr>\n<tr>\n<td>Tipo de fuente de iluminaci\u00f3n<\/td>\n<td>luz reflejada: 12 V\/50 W  luz transmitida: 12 V\/30 W<\/td>\n<\/tr>\n<tr>\n<td>Filtros de luz<\/td>\n<td>verde, azul, amarillo, mate<\/td>\n<\/tr>\n<tr>\n<td>Intervalo de temperatura de funcionamiento, \u00b0C<\/td>\n<td>5 \u2014 35<\/td>\n<\/tr>\n<tr>\n<td>Adicional<\/td>\n<td>analizador integrado y polarizador extra\u00edble, dispositivo de campo oscuro<\/td>\n<\/tr>\n<tr>\n<td>Nivel de usuario<\/td>\n<td>usuarios experimentados, profesionales<\/td>\n<\/tr>\n<tr>\n<td>Montaje y nivel de dificultad de instalaci\u00f3n<\/td>\n<td>complicado<\/td>\n<\/tr>\n<tr>\n<td>Aplicaci\u00f3n<\/td>\n<td>metal\u00fargico <\/td>\n<\/tr>\n<tr>\n<td>Ubicaci\u00f3n de la iluminaci\u00f3n<\/td>\n<td>doble<\/td>\n<\/tr>\n<tr>\n<td>M\u00e9todo de investigaci\u00f3n<\/td>\n<td>campo claro, campo oscuro, polarizaci\u00f3n<\/td>\n<\/tr>\n<tr>\n<td>Funda\/malet\u00edn\/bolsa incluida en el kit<\/td>\n<td>cubierta protectora<\/td>\n<\/tr>\n<tr>\n<td>Peso, kg<\/td>\n<td>11<\/td>\n<\/tr>\n<\/tbody>\n<\/table>\n","protected":false},"excerpt":{"rendered":"<p>El microscopio metal\u00fargico MAGUS Metal 600 BD est\u00e1 dise\u00f1ado para estudiar objetos con luz reflejada utilizando las t\u00e9cnicas de microscop\u00eda de campo claro, campo oscuro y polarizaci\u00f3n. Este microscopio se utiliza para examinar muestras de metales y semiconductores, as\u00ed como otras muestras planas y pulidas que tienen una alta reflectividad. Con luz transmitida, se pueden estudiar muestras transl\u00facidas, tales como pel\u00edculas finas y part\u00edculas atrapadas en filtros. El microscopio se puede utilizar en la industria metal\u00fargica y de ingenier\u00eda mec\u00e1nica, en laboratorios de ingenier\u00eda y control de calidad, as\u00ed como en universidades t\u00e9cnicas.<\/p>\n","protected":false},"featured_media":82914,"template":"","meta":{"_exactmetrics_skip_tracking":false,"_exactmetrics_sitenote_active":false,"_exactmetrics_sitenote_note":"","_exactmetrics_sitenote_category":0},"product_brand":[],"product_cat":[611],"product_tag":[],"class_list":{"0":"post-84516","1":"product","2":"type-product","3":"status-publish","4":"has-post-thumbnail","6":"product_cat-metalograficos","7":"product_shipping_class-microscopio","9":"first","10":"instock","11":"taxable","12":"shipping-taxable","13":"purchasable","14":"product-type-simple"},"_links":{"self":[{"href":"https:\/\/microscopistas.com\/en\/wp-json\/wp\/v2\/product\/84516","targetHints":{"allow":["GET"]}}],"collection":[{"href":"https:\/\/microscopistas.com\/en\/wp-json\/wp\/v2\/product"}],"about":[{"href":"https:\/\/microscopistas.com\/en\/wp-json\/wp\/v2\/types\/product"}],"wp:featuredmedia":[{"embeddable":true,"href":"https:\/\/microscopistas.com\/en\/wp-json\/wp\/v2\/media\/82914"}],"wp:attachment":[{"href":"https:\/\/microscopistas.com\/en\/wp-json\/wp\/v2\/media?parent=84516"}],"wp:term":[{"taxonomy":"product_brand","embeddable":true,"href":"https:\/\/microscopistas.com\/en\/wp-json\/wp\/v2\/product_brand?post=84516"},{"taxonomy":"product_cat","embeddable":true,"href":"https:\/\/microscopistas.com\/en\/wp-json\/wp\/v2\/product_cat?post=84516"},{"taxonomy":"product_tag","embeddable":true,"href":"https:\/\/microscopistas.com\/en\/wp-json\/wp\/v2\/product_tag?post=84516"}],"curies":[{"name":"wp","href":"https:\/\/api.w.org\/{rel}","templated":true}]}}