{"id":84513,"date":"2024-07-29T18:28:36","date_gmt":"2024-07-29T16:28:36","guid":{"rendered":"http:\/\/microscopistas.com\/?post_type=product&#038;p=84513"},"modified":"2024-07-29T19:07:56","modified_gmt":"2024-07-29T17:07:56","slug":"microscopio-biologico-magus-bio-230t","status":"publish","type":"product","link":"https:\/\/microscopistas.com\/en\/producto\/microscopio-biologico-magus-bio-230t\/","title":{"rendered":"Microscopio biol\u00f3gico MAGUS Bio 230T"},"content":{"rendered":"<p>El modelo MAGUS Bio 230T es un microscopio trinocular biol\u00f3gico para observaciones de laboratorio e investigaci\u00f3n en los sectores de la medicina, farmacia, medicina forense, biotecnolog\u00eda, etc. Es adecuado para la observaci\u00f3n de muestras biol\u00f3gicas planas transl\u00facidas y transparentes: secciones delgadas y frotis. Est\u00e1 equipado con objetivos acrom\u00e1ticos y una bombilla hal\u00f3gena, utiliza luz transmitida (campo claro) como t\u00e9cnica de microscop\u00eda para el estudio de las muestras. El dise\u00f1o del microscopio permite instalar accesorios adicionales para utilizar otras t\u00e9cnicas de microscop\u00eda: campo oscuro, contraste de fases, luz polarizada.<\/p>\n<p><strong>\u00d3ptica<\/strong><\/p>\n<p>El cabezal trinocular tiene un tubo vertical para instalar una c\u00e1mara digital. Puede utilizar una c\u00e1mara (no incluida) para hacer archivos digitales de sus estudios y enviar im\u00e1genes a una pantalla externa. Los tubos de observaci\u00f3n se pueden girar 360\u00b0 para ajustarlos a la estatura del usuario. El tubo izquierdo est\u00e1 equipado con un anillo de ajuste de las dioptr\u00edas.<\/p>\n<p>El rev\u00f3lver giratorio est\u00e1 orientado hacia el interior, lo que deja libre el espacio situado encima de la platina. Se pueden instalar cinco objetivos simult\u00e1neamente en el rev\u00f3lver (el kit incluye 4 objetivos y la quinta posici\u00f3n se deja para un objetivo adicional). En la configuraci\u00f3n b\u00e1sica, los objetivos corregidos al infinito proporcionan un aumento desde 40 a 1000x. Con oculares opcionales, el l\u00edmite superior se puede aumentar hasta 1500, 1600 o 2000x.<\/p>\n<p><strong>Iluminaci\u00f3n<\/strong><\/p>\n<p>La bombilla hal\u00f3gena produce una iluminaci\u00f3n de espectro c\u00e1lido que reduce la fatiga visual y es ideal para largas horas de trabajo con el microscopio. La bombilla es de 30 W y, por tanto, el brillo y contraste de la imagen transmitida es alto con cualquier tipo de objetivo o t\u00e9cnica de observaci\u00f3n que se utilice.<\/p>\n<p>El condensador Abbe es ajustable en altura y se puede centrar. La iluminaci\u00f3n se controla ajustando los diafragmas iris y de campo, y existe la opci\u00f3n de configurar la iluminaci\u00f3n K\u00f6hler para obtener una mejor claridad de la imagen. El condensador tiene una ranura para instalar una placa de contraste de fases o de campo oscuro, lo que permite cambiar entre diferentes t\u00e9cnicas de microscop\u00eda de manera m\u00e1s f\u00e1cil y r\u00e1pida.<\/p>\n<p><strong>Platina y mecanismo de enfoque<\/strong> <\/p>\n<p>No existe una cremallera de posicionamiento en la platina. Esta es una ventaja del dise\u00f1o del micr\u00f3metro mec\u00e1nico, pues facilita el manejo del microscopio. La muestra estudiada se puede mover de forma fluida a trav\u00e9s de la platina. El micr\u00f3metro mec\u00e1nico se puede quitar para realizar una exploraci\u00f3n manual.<\/p>\n<p>Existe ajuste aproximado y preciso del enfoque, el movimiento del mando de enfoque es fluido y f\u00e1cil, y no requiere un esfuerzo adicional. El mecanismo de enfoque aproximado tiene un mando de bloqueo y ajuste de tensi\u00f3n. Los mandos de enfoque son coaxiales. Su posicionamiento en la base del microscopio proporciona una comodidad m\u00e1xima durante las observaciones prolongadas y permite que el usuario descanse c\u00f3modamente las manos sobre la mesa.<\/p>\n<p><strong>Accesorios<\/strong><\/p>\n<p>Para maximizar las prestaciones del microscopio MAGUS Bio 230T, puede mejorarlo a\u00fan m\u00e1s con algunos accesorios. Estos accesorios incluyen oculares y objetivos, c\u00e1maras digitales y portaobjetos de calibraci\u00f3n, condensadores de campo oscuro, luz polarizada y dispositivos de contraste de fases.<\/p>\n<p><strong>Caracter\u00edsticas principales:<\/strong><\/p>\n<ul>\n<li>Cabezal trinocular con un tubo vertical para instalar una c\u00e1mara digital<\/li>\n<li>Rotaci\u00f3n de 360\u00b0 para adaptarse a la estatura del observador<\/li>\n<li>Objetivos acrom\u00e1ticos corregidos al infinito, rev\u00f3lver giratorio para 5 objetivos<\/li>\n<li>Anillo de ajuste de las dioptr\u00edas en el tubo izquierdo<\/li>\n<li>Bombilla hal\u00f3gena de 30 W alimentada por fuente de corriente alterna, condensador Abbe con una ranura para placas de campo oscuro y de contraste de fases, diafragma de campo<\/li>\n<li>Mandos coaxiales de enfoque aproximado y preciso, mando de bloqueo y mando de ajuste de la tensi\u00f3n del enfoque aproximado<\/li>\n<li>Accesorios opcionales para mejorar el rendimiento del microscopio<\/li>\n<\/ul>\n<p><strong>El kit incluye:<\/strong><\/p>\n<ul>\n<li>Base con conexi\u00f3n el\u00e9ctrica, fuente de luz transmitida, mecanismo de enfoque, platina, soporte de condensadory rev\u00f3lver giratorio<\/li>\n<li>Condensador Abbe<\/li>\n<li>Cabezal trinocular<\/li>\n<li>Objetivo acrom\u00e1tico corregido al infinito: 4x\/0,10<\/li>\n<li>Objetivo acrom\u00e1tico corregido al infinito: 10x\/0,25<\/li>\n<li>Objetivo acrom\u00e1tico corregido al infinito: 40x\/0,65 (con mecanismo de retracci\u00f3n)<\/li>\n<li>Objetivo acrom\u00e1tico corregido al infinito: 100x\/1,25 aceite (con mecanismo de retracci\u00f3n)<\/li>\n<li>Ocular de 10x\/18 mm con larga distancia de acomodaci\u00f3n ocular (2 unidades)<\/li>\n<li>Ojera (2 unidades)<\/li>\n<li>Filtro (4 unidades)<\/li>\n<li>Adaptador de c\u00e1mara con montura C<\/li>\n<li>Frasco del aceite de inmersi\u00f3n<\/li>\n<li>Cable de alimentaci\u00f3n CA<\/li>\n<li>Cubierta protectora<\/li>\n<li>Manual del usuario y tarjeta de garant\u00eda<\/li>\n<\/ul>\n<p><strong>Disponible bajo petici\u00f3n:<\/strong><\/p>\n<ul>\n<li>Ocular de 10x\/20 mm con escala de medici\u00f3n<\/li>\n<li>Ocular de 15x\/11 mm (2 unidades)<\/li>\n<li>Ocular de 16x\/11 mm (2 unidades)<\/li>\n<li>Ocular de 20x\/11 mm (2 unidades)<\/li>\n<li>Objetivo acrom\u00e1tico corregido al infinito: 20x\/0,40<\/li>\n<li>Objetivo plano acrom\u00e1tico corregido al infinito: 20\u0445\/0,40 <\/li>\n<li>Objetivo plano acrom\u00e1tico corregido al infinito: 60x\/0,80 (con mecanismo de retracci\u00f3n)<\/li>\n<li>Dispositivo de contraste de fases<\/li>\n<li>Deslizador de fases<\/li>\n<li>Condensador de campo oscuro NA 0,9<\/li>\n<li>Condensador de campo oscuro de aceite NA 1,36\u20131,25<\/li>\n<li>Control deslizante de campo oscuro<\/li>\n<li>Dispositivos de polarizaci\u00f3n<\/li>\n<li>C\u00e1mara digital<\/li>\n<li>Portaobjetos de calibraci\u00f3n<\/li>\n<li>Monitor LCD<\/li>\n<\/ul>\n<table>\n<tbody>\n<tr>\n<td>Marca<\/td>\n<td>MAGUS<\/td>\n<\/tr>\n<tr>\n<td>Garant\u00eda<\/td>\n<td>5 \u043b\u0435\u0442<\/td>\n<\/tr>\n<tr>\n<td>EAN<\/td>\n<td>5905555017938<\/td>\n<\/tr>\n<tr>\n<td>Tama\u00f1o de paquete (LxAn.xAl.)<\/td>\n<td>43x27x63 cm<\/td>\n<\/tr>\n<tr>\n<td>Peso del env\u00edo<\/td>\n<td>10.5 kg<\/td>\n<\/tr>\n<tr>\n<td>Tipo<\/td>\n<td>biol\u00f3gico, luz\/\u00f3ptico<\/td>\n<\/tr>\n<tr>\n<td>Cabezal<\/td>\n<td>trinocular<\/td>\n<\/tr>\n<tr>\n<td>Boquilla<\/td>\n<td>cabezal Gemel (Siedentopf, rotaci\u00f3n de 360\u00b0)<\/td>\n<\/tr>\n<tr>\n<td>\u00c1ngulo de inclinaci\u00f3n de cabezal<\/td>\n<td>30\u00b0<\/td>\n<\/tr>\n<tr>\n<td>Ampliaci\u00f3n, x<\/td>\n<td>40\u20131000 configuraci\u00f3n b\u00e1sica (*opcional: 40\u20131500\/1600\/2000)<\/td>\n<\/tr>\n<tr>\n<td>Rango de ampliaci\u00f3n<\/td>\n<td>800x a 1280x<\/td>\n<\/tr>\n<tr>\n<td>Di\u00e1metro del tubo del ocular, mm<\/td>\n<td>23.2<\/td>\n<\/tr>\n<tr>\n<td>Oculares<\/td>\n<td>10\u0445\/18 mm, distancia de acomodaci\u00f3n ocular: 10 mm (*opcional: 10\u0445\/20 mm con escala, 15x\/11 mm, 16x\/11 mm  20x\/11 mm)<\/td>\n<\/tr>\n<tr>\n<td>Objetivos<\/td>\n<td>acrom\u00e1ticos corregidos al infinito: 4x\/0,10  10x\/0,25  40xs\/0,65  100xs\/1,25 (aceite)  distancia parafocal 45 mm (*opcional: 20x\/0,40  60xs\/0,80)<\/td>\n<\/tr>\n<tr>\n<td>Rev\u00f3lver<\/td>\n<td>para 5 objetivos<\/td>\n<\/tr>\n<tr>\n<td>Distancia de trabajo, mm<\/td>\n<td>18,89 (4x)  5,95 (10x)  0,775 (40xs)  0,36 (100xs)  2,61\/8,80 (20x)  0,46 (60\u0445s)<\/td>\n<\/tr>\n<tr>\n<td>Distancia interpupilar, mm<\/td>\n<td>48 \u2014 75<\/td>\n<\/tr>\n<tr>\n<td>Platina, mm<\/td>\n<td>180&#215;150<\/td>\n<\/tr>\n<tr>\n<td>Rango de desplazamiento de la platina, mm<\/td>\n<td>75\/50<\/td>\n<\/tr>\n<tr>\n<td>Platina<\/td>\n<td>micr\u00f3metro mec\u00e1nico de dos ejes, sin cremallera de posicionamiento<\/td>\n<\/tr>\n<tr>\n<td>Ajuste di\u00f3ptrico<\/td>\n<td>\u00b15 (en el tubo izquierdo)<\/td>\n<\/tr>\n<tr>\n<td>Condensador<\/td>\n<td>condensador Abbe, N.A. 1,25, centro ajustable, ajustable en altura, diafragma de apertura ajustable, ranura para una placa de campo oscuro y una placa contraste de fases, montura de cola de milano<\/td>\n<\/tr>\n<tr>\n<td>Diafragma<\/td>\n<td>diafragma de apertura ajustable, diafragma de campo iris ajustable<\/td>\n<\/tr>\n<tr>\n<td>Enfoque<\/td>\n<td>coaxial, enfoque aproximado (21 mm, 39,8 mm\/c\u00edrculo, con mando de bloqueo y mando de ajuste de tensi\u00f3n) y enfoque preciso (0,002 mm)<\/td>\n<\/tr>\n<tr>\n<td>Iluminaci\u00f3n<\/td>\n<td>hal\u00f3gena<\/td>\n<\/tr>\n<tr>\n<td>Ajuste del brillo<\/td>\n<td>yes<\/td>\n<\/tr>\n<tr>\n<td>Alimentaci\u00f3n<\/td>\n<td>220\u00b122 V, 50 Hz, alimentaci\u00f3n de red de CA<\/td>\n<\/tr>\n<tr>\n<td>Tipo de fuente de iluminaci\u00f3n<\/td>\n<td>bombilla hal\u00f3gena 12 V\/30 W, G4 <\/td>\n<\/tr>\n<tr>\n<td>Filtros de luz<\/td>\n<td>s\u00ed<\/td>\n<\/tr>\n<tr>\n<td>Intervalo de temperatura de funcionamiento, \u00b0C<\/td>\n<td>5 \u2014 35<\/td>\n<\/tr>\n<tr>\n<td>Posibilidad de conectar accesorios<\/td>\n<td>dispositivo de contraste de fases (condensador y objetivos), condensador de campo oscuro (en seco o en aceite), dispositivos de polarizaci\u00f3n (polarizador y analizador)<\/td>\n<\/tr>\n<tr>\n<td>Nivel de usuario<\/td>\n<td>usuarios experimentados, profesionales<\/td>\n<\/tr>\n<tr>\n<td>Montaje y nivel de dificultad de instalaci\u00f3n<\/td>\n<td>complicado<\/td>\n<\/tr>\n<tr>\n<td>Aplicaci\u00f3n<\/td>\n<td>laboratorio\/m\u00e9dico<\/td>\n<\/tr>\n<tr>\n<td>Ubicaci\u00f3n de la iluminaci\u00f3n<\/td>\n<td>inferior<\/td>\n<\/tr>\n<tr>\n<td>M\u00e9todo de investigaci\u00f3n<\/td>\n<td>campo claro<\/td>\n<\/tr>\n<tr>\n<td>Funda\/malet\u00edn\/bolsa incluida en el kit<\/td>\n<td>cubierta protectora<\/td>\n<\/tr>\n<tr>\n<td>Peso, kg<\/td>\n<td>8<\/td>\n<\/tr>\n<tr>\n<td>Dimensiones, mm<\/td>\n<td>200x436x400<\/td>\n<\/tr>\n<\/tbody>\n<\/table>\n","protected":false},"excerpt":{"rendered":"<p>El modelo MAGUS Bio 230T es un microscopio trinocular biol\u00f3gico para observaciones de laboratorio e investigaci\u00f3n en los sectores de la medicina, farmacia, medicina forense, biotecnolog\u00eda, etc. Es adecuado para la observaci\u00f3n de muestras biol\u00f3gicas planas transl\u00facidas y transparentes: secciones delgadas y frotis. Est\u00e1 equipado con objetivos acrom\u00e1ticos y una bombilla hal\u00f3gena, utiliza luz transmitida (campo claro) como t\u00e9cnica de microscop\u00eda para el estudio de las muestras. El dise\u00f1o del microscopio permite instalar accesorios adicionales para utilizar otras t\u00e9cnicas de microscop\u00eda: campo oscuro, contraste de fases, luz polarizada.<\/p>\n","protected":false},"featured_media":82905,"template":"","meta":{"_exactmetrics_skip_tracking":false,"_exactmetrics_sitenote_active":false,"_exactmetrics_sitenote_note":"","_exactmetrics_sitenote_category":0},"product_brand":[],"product_cat":[597],"product_tag":[],"class_list":{"0":"post-84513","1":"product","2":"type-product","3":"status-publish","4":"has-post-thumbnail","6":"product_cat-campo-claro","7":"product_shipping_class-microscopio","9":"first","10":"instock","11":"taxable","12":"shipping-taxable","13":"purchasable","14":"product-type-simple"},"_links":{"self":[{"href":"https:\/\/microscopistas.com\/en\/wp-json\/wp\/v2\/product\/84513","targetHints":{"allow":["GET"]}}],"collection":[{"href":"https:\/\/microscopistas.com\/en\/wp-json\/wp\/v2\/product"}],"about":[{"href":"https:\/\/microscopistas.com\/en\/wp-json\/wp\/v2\/types\/product"}],"wp:featuredmedia":[{"embeddable":true,"href":"https:\/\/microscopistas.com\/en\/wp-json\/wp\/v2\/media\/82905"}],"wp:attachment":[{"href":"https:\/\/microscopistas.com\/en\/wp-json\/wp\/v2\/media?parent=84513"}],"wp:term":[{"taxonomy":"product_brand","embeddable":true,"href":"https:\/\/microscopistas.com\/en\/wp-json\/wp\/v2\/product_brand?post=84513"},{"taxonomy":"product_cat","embeddable":true,"href":"https:\/\/microscopistas.com\/en\/wp-json\/wp\/v2\/product_cat?post=84513"},{"taxonomy":"product_tag","embeddable":true,"href":"https:\/\/microscopistas.com\/en\/wp-json\/wp\/v2\/product_tag?post=84513"}],"curies":[{"name":"wp","href":"https:\/\/api.w.org\/{rel}","templated":true}]}}