{"id":84511,"date":"2024-07-29T18:28:36","date_gmt":"2024-07-29T16:28:36","guid":{"rendered":"http:\/\/microscopistas.com\/?post_type=product&#038;p=84511"},"modified":"2024-07-29T19:07:31","modified_gmt":"2024-07-29T17:07:31","slug":"microscopio-biologico-magus-bio-230b","status":"publish","type":"product","link":"https:\/\/microscopistas.com\/en\/producto\/microscopio-biologico-magus-bio-230b\/","title":{"rendered":"Microscopio biol\u00f3gico MAGUS Bio 230B"},"content":{"rendered":"<p>El microscopio MAGUS Bio 230B est\u00e1 dise\u00f1ado para la investigaci\u00f3n cient\u00edfica y de laboratorio con el fin de observar muestras biol\u00f3gicas tales como secciones delgadas o frotis. Utiliza luz transmitida (campo claro) como t\u00e9cnica de microscop\u00eda para el estudio de las muestras. Si es necesario, el microscopio se puede equipar con accesorios adicionales para utilizar las t\u00e9cnicas de campo oscuro, luz polarizada y contraste de fases. Este microscopio se puede utilizar en \u00e1mbitos de investigaci\u00f3n tales como la industria farmac\u00e9utica, la medicina, la biotecnolog\u00eda, la protecci\u00f3n del medio ambiente, la investigaci\u00f3n forense y la agricultura.<\/p>\n<p><strong>\u00d3ptica<\/strong> <\/p>\n<p>El microscopio tiene un cabezal binocular. Los tubos de observaci\u00f3n se pueden girar 360\u00b0, lo que permite al usuario ajustar la posici\u00f3n de acuerdo con su estatura. Hay un anillo de ajuste de las dioptr\u00edas en el tubo izquierdo. El rev\u00f3lver giratorio tiene 5 posiciones y est\u00e1 orientado hacia el interior: el usuario puede ver los objetivos insertados en la ruta \u00f3ptica y, por lo tanto, el espacio situado encima de la platina est\u00e1 libre. El kit incluye cuatro objetivos acrom\u00e1ticos y la quinta posici\u00f3n se puede utilizar para instalar un objetivo opcional.<\/p>\n<p>Los elementos \u00f3pticos est\u00e1n corregidos al infinito. El poder de aumento b\u00e1sico del microscopio oscila entre 40 y 1000x. Con oculares adicionales, el aumento se puede ampliar hasta 1500, 1600 y 2000x. Si es necesario, se puede instalar una c\u00e1mara digital (no incluida) en el tubo del ocular.<\/p>\n<p><strong>Iluminaci\u00f3n<\/strong><\/p>\n<p>La fuente de luz es una bombilla hal\u00f3gena situada en la base del microscopio. La iluminaci\u00f3n c\u00e1lida reduce la fatiga visual y es ideal para largas horas de trabajo con el microscopio. La l\u00e1mpara hal\u00f3gena de 30 W permite obtener im\u00e1genes brillantes y de alto contraste con cualquier tipo de objetivo y cualquier t\u00e9cnica de microscop\u00eda (incluidos el campo oscuro y el contraste de fases).<\/p>\n<p>El condensador Abbe se puede centrar y su posici\u00f3n es regulable en altura. Se puede instalar una placa de contraste de fases o de campo oscuro en una ranura especial, lo que permite al usuario cambiar f\u00e1cilmente entre t\u00e9cnicas de microscop\u00eda. El diafragma de campo permite configurar el sistema de iluminaci\u00f3n K\u00f6hler.<\/p>\n<p><strong>Platina y mecanismo de enfoque<\/strong> <\/p>\n<p>La platina no tiene una cremallera de posicionamiento, lo que facilita el trabajo con el microscopio. Un micr\u00f3metro mec\u00e1nico, que se puede quitar si es necesario, permite desplazar la muestra con fluidez a trav\u00e9s de la platina.<\/p>\n<p>Los mandos de enfoque aproximado y enfoque preciso son coaxiales (dispuestos en el mismo eje) y est\u00e1n situados a ambos lados en la parte inferior del microscopio. Esta posici\u00f3n de los mandos de enfoque le permite descansar las manos libremente sobre la mesa y sentarse c\u00f3modamente durante largos per\u00edodos de trabajo. El ajuste del enfoque es fluido y no requiere ning\u00fan esfuerzo adicional. El enfoque aproximado tiene un mando de bloqueo y un ajuste de tensi\u00f3n del enfoque.<\/p>\n<p><strong>Accesorios<\/strong><\/p>\n<p>Las prestaciones del microscopio se pueden ampliar con equipos adicionales, tales como objetivos, oculares, dispositivos de contraste de fases, condensadores de campo oscuro, dispositivos de polarizaci\u00f3n, c\u00e1maras digitales u otros accesorios. Estos accesorios est\u00e1n dise\u00f1ados para el modelo MAGUS Bio 230B y disponibles bajo pedido.<\/p>\n<p><strong>Caracter\u00edsticas principales:<\/strong><\/p>\n<ul>\n<li>Lentes acrom\u00e1ticas corregidas al infinito<\/li>\n<li>Cabezal binocular, los tubos de observaci\u00f3n se pueden girar 360\u00b0, ajuste de las dioptr\u00edas en el tubo izquierdo<\/li>\n<li>Rev\u00f3lver giratorio para 5 objetivos, platina sin cremallera de posicionamiento<\/li>\n<li>Mandos de enfoque aproximado y preciso, mando de ajuste de la tensi\u00f3n del enfoque aproximado, mando de bloqueo del enfoque aproximado<\/li>\n<li>Condensador con ranura para una placa de contraste de fases o de campo oscuro, diafragma de campo para iluminaci\u00f3n K\u00f6hler <\/li>\n<li>Bombilla hal\u00f3gena de 30 W (fuente de luz transmitida), brillo ajustable, alimentada por una fuente de corriente alterna<\/li>\n<li>Posibilidad de instalar accesorios adicionales para ampliar las prestaciones del microscopio<\/li>\n<\/ul>\n<p><strong>El kit incluye:<\/strong><\/p>\n<ul>\n<li>Base con conexi\u00f3n el\u00e9ctrica, fuente de luz transmitida, mecanismo de enfoque, platina, soporte de condensador y rev\u00f3lver giratorio<\/li>\n<li>Condensador Abbe<\/li>\n<li>Cabezal binocular <\/li>\n<li>Objetivo acrom\u00e1tico corregido al infinito: 4x\/0,10<\/li>\n<li>Objetivo acrom\u00e1tico corregido al infinito: 10x\/0,25<\/li>\n<li>Objetivo acrom\u00e1tico corregido al infinito: 40x\/0,65 (con mecanismo de retracci\u00f3n)<\/li>\n<li>Objetivo acrom\u00e1tico corregido al infinito: 100x\/1,25 aceite (con mecanismo de retracci\u00f3n)<\/li>\n<li>Ocular de 10x\/18 mm con larga distancia de acomodaci\u00f3n ocular (2 unidades)<\/li>\n<li>Ojera (2 unidades)<\/li>\n<li>Filtro (4 unidades)<\/li>\n<li>Frasco del aceite de inmersi\u00f3n<\/li>\n<li>Cable de alimentaci\u00f3n CA<\/li>\n<li>Cubierta protectora<\/li>\n<li>Manual del usuario y tarjeta de garant\u00eda<\/li>\n<\/ul>\n<p><strong>Disponible bajo petici\u00f3n:<\/strong><\/p>\n<ul>\n<li>Ocular de 10x\/20 mm con escala de medici\u00f3n<\/li>\n<li>Ocular de 15x\/11 mm (2 unidades)<\/li>\n<li>Ocular de 16x\/11 mm (2 unidades)<\/li>\n<li>Ocular de 20x\/11 mm (2 unidades)<\/li>\n<li>Objetivo acrom\u00e1tico corregido al infinito: 20x\/0,40<\/li>\n<li>Objetivo plano acrom\u00e1tico corregido al infinito: 20\u0445\/0,40 <\/li>\n<li>Objetivo plano acrom\u00e1tico corregido al infinito: 60x\/0,80 (con mecanismo de retracci\u00f3n)<\/li>\n<li>Dispositivo de contraste de fases<\/li>\n<li>Deslizador de fases<\/li>\n<li>Condensador de campo oscuro NA 0,9<\/li>\n<li>Condensador de campo oscuro de aceite NA 1,36\u20131,25<\/li>\n<li>Control deslizante de campo oscuro<\/li>\n<li>Dispositivos de polarizaci\u00f3n<\/li>\n<li>C\u00e1mara digital<\/li>\n<li>Portaobjetos de calibraci\u00f3n<\/li>\n<li>Adaptador de montura C<\/li>\n<li>Monitor LCD<\/li>\n<\/ul>\n<table>\n<tbody>\n<tr>\n<td>Marca<\/td>\n<td>MAGUS<\/td>\n<\/tr>\n<tr>\n<td>Garant\u00eda<\/td>\n<td>5 \u043b\u0435\u0442<\/td>\n<\/tr>\n<tr>\n<td>EAN<\/td>\n<td>5905555017921<\/td>\n<\/tr>\n<tr>\n<td>Tama\u00f1o de paquete (LxAn.xAl.)<\/td>\n<td>43x27x63 cm<\/td>\n<\/tr>\n<tr>\n<td>Peso del env\u00edo<\/td>\n<td>10 kg<\/td>\n<\/tr>\n<tr>\n<td>Tipo<\/td>\n<td>biol\u00f3gico, luz\/\u00f3ptico<\/td>\n<\/tr>\n<tr>\n<td>Cabezal<\/td>\n<td>binocular<\/td>\n<\/tr>\n<tr>\n<td>Boquilla<\/td>\n<td>cabezal Gemel (Siedentopf, rotaci\u00f3n de 360\u00b0)<\/td>\n<\/tr>\n<tr>\n<td>\u00c1ngulo de inclinaci\u00f3n de cabezal<\/td>\n<td>30\u00b0<\/td>\n<\/tr>\n<tr>\n<td>Ampliaci\u00f3n, x<\/td>\n<td>40\u20131000 configuraci\u00f3n b\u00e1sica (*opcional: 40\u20131500\/1600\/2000)<\/td>\n<\/tr>\n<tr>\n<td>Rango de ampliaci\u00f3n<\/td>\n<td>800x a 1280x<\/td>\n<\/tr>\n<tr>\n<td>Di\u00e1metro del tubo del ocular, mm<\/td>\n<td>23.2<\/td>\n<\/tr>\n<tr>\n<td>Oculares<\/td>\n<td>10\u0445\/18 mm, distancia de acomodaci\u00f3n ocular: 10 mm (*opcional: 10\u0445\/20 mm con escala, 15x\/11 mm, 16x\/11 mm  20x\/11 mm)<\/td>\n<\/tr>\n<tr>\n<td>Objetivos<\/td>\n<td>acrom\u00e1ticos corregidos al infinito: 4x\/0,10  10x\/0,25  40xs\/0,65  100xs\/1,25 (aceite)  distancia parafocal 45 mm (*opcional: 20x\/0,40  60xs\/0,80)<\/td>\n<\/tr>\n<tr>\n<td>Rev\u00f3lver<\/td>\n<td>para 5 objetivos<\/td>\n<\/tr>\n<tr>\n<td>Distancia de trabajo, mm<\/td>\n<td>18,89 (4x)  5,95 (10x)  0,775 (40xs)  0,36 (100xs)  2,61\/8,80 (20x)  0,46 (60\u0445s)<\/td>\n<\/tr>\n<tr>\n<td>Distancia interpupilar, mm<\/td>\n<td>48 \u2014 75<\/td>\n<\/tr>\n<tr>\n<td>Platina, mm<\/td>\n<td>180&#215;150<\/td>\n<\/tr>\n<tr>\n<td>Rango de desplazamiento de la platina, mm<\/td>\n<td>75\/50<\/td>\n<\/tr>\n<tr>\n<td>Platina<\/td>\n<td>micr\u00f3metro mec\u00e1nico de dos ejes, sin cremallera de posicionamiento<\/td>\n<\/tr>\n<tr>\n<td>Ajuste di\u00f3ptrico<\/td>\n<td>\u00b15 (en el tubo izquierdo)<\/td>\n<\/tr>\n<tr>\n<td>Condensador<\/td>\n<td>condensador Abbe, N.A. 1,25, centro ajustable, ajustable en altura, diafragma de apertura ajustable, ranura para una placa de campo oscuro y una placa contraste de fases, montura de cola de milano<\/td>\n<\/tr>\n<tr>\n<td>Diafragma<\/td>\n<td>diafragma de apertura ajustable, diafragma de campo iris ajustable<\/td>\n<\/tr>\n<tr>\n<td>Enfoque<\/td>\n<td>coaxial, enfoque aproximado (21 mm, 39,8 mm\/c\u00edrculo, con mando de bloqueo y mando de ajuste de tensi\u00f3n) y enfoque preciso (0,002 mm)<\/td>\n<\/tr>\n<tr>\n<td>Iluminaci\u00f3n<\/td>\n<td>hal\u00f3gena<\/td>\n<\/tr>\n<tr>\n<td>Ajuste del brillo<\/td>\n<td>yes<\/td>\n<\/tr>\n<tr>\n<td>Alimentaci\u00f3n<\/td>\n<td>220\u00b122 V, 50 Hz, alimentaci\u00f3n de red de CA<\/td>\n<\/tr>\n<tr>\n<td>Tipo de fuente de iluminaci\u00f3n<\/td>\n<td>bombilla hal\u00f3gena 12 V\/30 W, G4 <\/td>\n<\/tr>\n<tr>\n<td>Filtros de luz<\/td>\n<td>s\u00ed<\/td>\n<\/tr>\n<tr>\n<td>Posibilidad de conectar accesorios<\/td>\n<td>dispositivo de contraste de fases (condensador y objetivos), condensador de campo oscuro (en seco o en aceite), dispositivos de polarizaci\u00f3n (polarizador y analizador)<\/td>\n<\/tr>\n<tr>\n<td>Nivel de usuario<\/td>\n<td>usuarios experimentados, profesionales<\/td>\n<\/tr>\n<tr>\n<td>Montaje y nivel de dificultad de instalaci\u00f3n<\/td>\n<td>complicado<\/td>\n<\/tr>\n<tr>\n<td>Aplicaci\u00f3n<\/td>\n<td>laboratorio\/m\u00e9dico<\/td>\n<\/tr>\n<tr>\n<td>Ubicaci\u00f3n de la iluminaci\u00f3n<\/td>\n<td>inferior<\/td>\n<\/tr>\n<tr>\n<td>M\u00e9todo de investigaci\u00f3n<\/td>\n<td>campo claro<\/td>\n<\/tr>\n<tr>\n<td>Funda\/malet\u00edn\/bolsa incluida en el kit<\/td>\n<td>cubierta protectora<\/td>\n<\/tr>\n<tr>\n<td>Peso, kg<\/td>\n<td>8<\/td>\n<\/tr>\n<tr>\n<td>Dimensiones, mm<\/td>\n<td>200x436x400<\/td>\n<\/tr>\n<tr>\n<td>Rango de temperaturas de funcionamiento de la c\u00e1mara, \u00b0C<\/td>\n<td>5 \u2014 35<\/td>\n<\/tr>\n<\/tbody>\n<\/table>\n","protected":false},"excerpt":{"rendered":"<p>El microscopio MAGUS Bio 230B est\u00e1 dise\u00f1ado para la investigaci\u00f3n cient\u00edfica y de laboratorio con el fin de observar muestras biol\u00f3gicas tales como secciones delgadas o frotis. Utiliza luz transmitida (campo claro) como t\u00e9cnica de microscop\u00eda para el estudio de las muestras. Si es necesario, el microscopio se puede equipar con accesorios adicionales para utilizar las t\u00e9cnicas de campo oscuro, luz polarizada y contraste de fases. Este microscopio se puede utilizar en \u00e1mbitos de investigaci\u00f3n tales como la industria farmac\u00e9utica, la medicina, la biotecnolog\u00eda, la protecci\u00f3n del medio ambiente, la investigaci\u00f3n forense y la agricultura.<\/p>\n","protected":false},"featured_media":82900,"template":"","meta":{"_exactmetrics_skip_tracking":false,"_exactmetrics_sitenote_active":false,"_exactmetrics_sitenote_note":"","_exactmetrics_sitenote_category":0},"product_brand":[],"product_cat":[597],"product_tag":[],"class_list":{"0":"post-84511","1":"product","2":"type-product","3":"status-publish","4":"has-post-thumbnail","6":"product_cat-campo-claro","7":"product_shipping_class-microscopio","9":"first","10":"instock","11":"taxable","12":"shipping-taxable","13":"purchasable","14":"product-type-simple"},"_links":{"self":[{"href":"https:\/\/microscopistas.com\/en\/wp-json\/wp\/v2\/product\/84511","targetHints":{"allow":["GET"]}}],"collection":[{"href":"https:\/\/microscopistas.com\/en\/wp-json\/wp\/v2\/product"}],"about":[{"href":"https:\/\/microscopistas.com\/en\/wp-json\/wp\/v2\/types\/product"}],"wp:featuredmedia":[{"embeddable":true,"href":"https:\/\/microscopistas.com\/en\/wp-json\/wp\/v2\/media\/82900"}],"wp:attachment":[{"href":"https:\/\/microscopistas.com\/en\/wp-json\/wp\/v2\/media?parent=84511"}],"wp:term":[{"taxonomy":"product_brand","embeddable":true,"href":"https:\/\/microscopistas.com\/en\/wp-json\/wp\/v2\/product_brand?post=84511"},{"taxonomy":"product_cat","embeddable":true,"href":"https:\/\/microscopistas.com\/en\/wp-json\/wp\/v2\/product_cat?post=84511"},{"taxonomy":"product_tag","embeddable":true,"href":"https:\/\/microscopistas.com\/en\/wp-json\/wp\/v2\/product_tag?post=84511"}],"curies":[{"name":"wp","href":"https:\/\/api.w.org\/{rel}","templated":true}]}}