{"id":84509,"date":"2024-07-29T18:28:35","date_gmt":"2024-07-29T16:28:35","guid":{"rendered":"http:\/\/microscopistas.com\/?post_type=product&#038;p=84509"},"modified":"2024-07-29T19:09:08","modified_gmt":"2024-07-29T17:09:08","slug":"microscopio-biologico-magus-bio-250t","status":"publish","type":"product","link":"https:\/\/microscopistas.com\/en\/producto\/microscopio-biologico-magus-bio-250t\/","title":{"rendered":"Microscopio biol\u00f3gico MAGUS Bio 250T"},"content":{"rendered":"<p>El microscopio biol\u00f3gico MAGUS Bio 250T es un instrumento profesional para observar muestras biol\u00f3gicas con luz transmitida. La t\u00e9cnica de observaci\u00f3n principal es la t\u00e9cnica de campo claro, que no requiere accesorios. Tambi\u00e9n se pueden utilizar las t\u00e9cnicas de campo oscuro, polarizaci\u00f3n y de contraste de fases, pero requieren accesorios de microscopio adicionales. Este microscopio es excelente para realizar trabajos de laboratorio y de investigaci\u00f3n en los sectores de la medicina, la industria farmac\u00e9utica, la medicina forense, la agricultura y otros campos.<\/p>\n<p><strong>\u00d3ptica<\/strong><\/p>\n<p>Los objetivos plano acrom\u00e1ticos proporcionan una imagen clara, contrastada y bien detallada con una distorsi\u00f3n m\u00ednima. El poder aumento que se puede alcanzar con los objetivos y oculares incluidos oscila entre 40 y 1000x, y el l\u00edmite superior se puede aumentar con oculares adicionales. Los elementos \u00f3pticos est\u00e1n corregidos al infinito, por lo que se pueden instalar accesorios adicionales en el camino \u00f3ptico.<\/p>\n<p>El cabezal trinocular tiene un tubo vertical independiente para instalar una c\u00e1mara digital (no incluida). Est\u00e1 dispuesto verticalmente. El cabezal trinocular est\u00e1 equipado con tubos que pueden girar 360\u00b0 y es posible ajustar las dioptr\u00edas en el tubo izquierdo. El dise\u00f1o del cabezal trinocular le permite ajustar f\u00e1cilmente la distancia de acomodaci\u00f3n ocular de acuerdo con la estatura del observador.<\/p>\n<p>El rev\u00f3lver giratorio puede dar cabida a 5 objetivos y est\u00e1 orientado hacia el interior  el kit incluye 4 objetivos, por lo que una posici\u00f3n del revolver est\u00e1 libre. Un objetivo adicional proporcionar\u00e1 un aumento adicional dentro del rango de aumento.<\/p>\n<p><strong>Iluminaci\u00f3n<\/strong><\/p>\n<p>Una bombilla hal\u00f3gena de 30 W proporciona una iluminaci\u00f3n brillante que permite una buena visibilidad de las estructuras de la muestra bajo cualquier t\u00e9cnica de observaci\u00f3n y objetivo que se utilice. La iluminaci\u00f3n es c\u00e1lida, lo que es m\u00e1s c\u00f3modo para la vista durante largas jornadas de trabajo. El brillo de la iluminaci\u00f3n es ajustable. La iluminaci\u00f3n funciona con una fuente de corriente alterna. <\/p>\n<p>Es posible configurar el sistema de iluminaci\u00f3n K\u00f6hler gracias a un condensador Abbe, centrado y ajustable en altura, que est\u00e1 provisto de un diafragma de apertura y un diafragma de campo. El condensador dispone de una ranura donde se puede instalar una placa de campo oscuro o de contraste de fases. La placa le permite cambiar r\u00e1pidamente entre t\u00e9cnicas de investigaci\u00f3n para mejorar el rendimiento del aparato.<\/p>\n<p><strong>Platina y mecanismo de enfoque<\/strong> <\/p>\n<p>La platina carece de cremallera de posicionamiento, lo cual mejora la ergonom\u00eda. El micr\u00f3metro mec\u00e1nico permite mover la muestra observada de forma fluida y se puede retirar para realizar una exploraci\u00f3n manual.<\/p>\n<p>Los mandos de enfoque est\u00e1n situados a ambos lados del cuerpo del microscopio, cerca de la base, lo que le permite poner las manos sobre la mesa en lugar de mantenerlas en el aire cuando trabaja durante largos per\u00edodos de tiempo. Los mandos son coaxiales, es decir, est\u00e1n situados en el mismo eje. El mecanismo de enfoque aproximado tiene un mando de bloqueo y ajuste de tensi\u00f3n. El mecanismo de enfoque es fluido, por lo que no es necesario ejercer ning\u00fan esfuerzo para accionarlo.<\/p>\n<p><strong>Accesorios<\/strong><\/p>\n<p>La gama de accesorios opcionales incluye oculares, objetivos, dispositivos de polarizaci\u00f3n, condensadores de campo oscuro, dispositivos de contraste de fases, portaobjetos de calibraci\u00f3n y c\u00e1maras digitales. Estos accesorios est\u00e1 dise\u00f1ados espec\u00edficamente para el microscopio MAGUS Bio 250T, por lo que se adaptan de manera \u00f3ptima al microscopio y sacan el m\u00e1ximo provecho de sus prestaciones.<\/p>\n<p><strong>Caracter\u00edsticas principales:<\/strong><\/p>\n<ul>\n<li>Cabezal trinocular con un tubo vertical para instalar una c\u00e1mara digital<\/li>\n<li>Los tubos oculares con rotaci\u00f3n de 360\u00b0 permiten ajustar el microscopio de acuerdo con la estatura del usuario<\/li>\n<li>Ajuste de dioptr\u00edas en el tubo izquierdo, enfoque aproximado con mando de bloqueo y de ajuste de la tensi\u00f3n, enfoque preciso<\/li>\n<li>Observaciones con luz transmitida, fuente de luz: l\u00e1mpara hal\u00f3gena de brillo ajustable de 30 W<\/li>\n<li>El condensador Abbe con diafragma de apertura y diafragma de campo permite configurar el sistema de iluminaci\u00f3n K\u00f6hler<\/li>\n<li>Existe la posibilidad de instalar placas de contraste de fases y de campo oscuro (hay una ranura especial para ello en el condensador)<\/li>\n<li>Amplia gama de accesorios opcionales<\/li>\n<\/ul>\n<p><strong>El kit incluye:<\/strong><\/p>\n<ul>\n<li>Base con conexi\u00f3n el\u00e9ctrica, fuente de luz transmitida, mecanismo de enfoque, platina, soporte de condensadory rev\u00f3lver giratorio<\/li>\n<li>Condensador Abbe<\/li>\n<li>Cabezal trinocular<\/li>\n<li>Objetivo plano acrom\u00e1tico corregido al infinito: 4x\/0,10<\/li>\n<li>Objetivo plano acrom\u00e1tico corregido al infinito: 10x\/0,25<\/li>\n<li>Objetivo plano acrom\u00e1tico corregido al infinito: 40x\/0,65 (con mecanismo de retracci\u00f3n)<\/li>\n<li>Objetivo plano acrom\u00e1tico corregido al infinito: 100x\/1,25 aceite (con mecanismo de retracci\u00f3n)<\/li>\n<li>Ocular de 10x\/22 mm con distancia de acomodaci\u00f3n ocular (2 unidades)<\/li>\n<li>Ojera (2 unidades)<\/li>\n<li>Filtro (4 unidades)<\/li>\n<li>Adaptador de c\u00e1mara con montura C<\/li>\n<li>Frasco del aceite de inmersi\u00f3n<\/li>\n<li>Cable de alimentaci\u00f3n CA<\/li>\n<li>Cubierta protectora<\/li>\n<li>Manual del usuario y tarjeta de garant\u00eda<\/li>\n<\/ul>\n<p><strong>Disponible bajo petici\u00f3n:<\/strong><\/p>\n<ul>\n<li>Ocular de 10x\/22 mm con escala<\/li>\n<li>Ocular de 12,5x\/14 mm (2 unidades)<\/li>\n<li>Ocular de 15x\/15 mm (2 unidades)<\/li>\n<li>Ocular de 20x\/12 mm (2 unidades)<\/li>\n<li>Ocular de 25x\/9 mm (2 unidades)<\/li>\n<li>Objetivo plano acrom\u00e1tico corregido al infinito: 20x\/0,40<\/li>\n<li>Objetivo plano acrom\u00e1tico corregido al infinito: 60x\/0,80 (con mecanismo de retracci\u00f3n)<\/li>\n<li>Dispositivo de contraste de fases<\/li>\n<li>Deslizador de fases<\/li>\n<li>Condensador de campo oscuro NA 0,9<\/li>\n<li>Condensador de campo oscuro de aceite NA 1,36\u20131,25<\/li>\n<li>Control deslizante de campo oscuro<\/li>\n<li>Dispositivos de polarizaci\u00f3n<\/li>\n<li>C\u00e1mara digital<\/li>\n<li>Portaobjetos de calibraci\u00f3n<\/li>\n<li>Monitor LCD<\/li>\n<\/ul>\n<table>\n<tbody>\n<tr>\n<td>Marca<\/td>\n<td>MAGUS<\/td>\n<\/tr>\n<tr>\n<td>Garant\u00eda<\/td>\n<td>5 \u043b\u0435\u0442<\/td>\n<\/tr>\n<tr>\n<td>EAN<\/td>\n<td>5905555018010<\/td>\n<\/tr>\n<tr>\n<td>Tama\u00f1o de paquete (LxAn.xAl.)<\/td>\n<td>43x27x63 cm<\/td>\n<\/tr>\n<tr>\n<td>Peso del env\u00edo<\/td>\n<td>10.5 kg<\/td>\n<\/tr>\n<tr>\n<td>Tipo<\/td>\n<td>biol\u00f3gico, luz\/\u00f3ptico<\/td>\n<\/tr>\n<tr>\n<td>Cabezal<\/td>\n<td>trinocular<\/td>\n<\/tr>\n<tr>\n<td>Boquilla<\/td>\n<td>cabezal Gemel (Siedentopf, rotaci\u00f3n de 360\u00b0)<\/td>\n<\/tr>\n<tr>\n<td>\u00c1ngulo de inclinaci\u00f3n de cabezal<\/td>\n<td>30\u00b0<\/td>\n<\/tr>\n<tr>\n<td>Ampliaci\u00f3n, x<\/td>\n<td>40\u20131000 configuraci\u00f3n b\u00e1sica (*opcional: 40\u20131200\/1250\/1500\/1600\/2000\/2500)<\/td>\n<\/tr>\n<tr>\n<td>Rango de ampliaci\u00f3n<\/td>\n<td>800x a 1280x<\/td>\n<\/tr>\n<tr>\n<td>Di\u00e1metro del tubo del ocular, mm<\/td>\n<td>30<\/td>\n<\/tr>\n<tr>\n<td>Oculares<\/td>\n<td>10\u0445\/22 mm, distancia de acomodaci\u00f3n ocular: 10 mm (*opcional: 10x\/22 mm con escala, 12,5x\/14  15x\/15  20x\/12  25x\/9)<\/td>\n<\/tr>\n<tr>\n<td>Objetivos<\/td>\n<td>plano acrom\u00e1ticos corregidos al infinito: 4x\/0,10  10x\/0,25  40xs\/0,65  100xs\/1,25 (aceite)  distancia parafocal: 45 mm (*opcional: 20x\/0,40  60\u0445s\/0,80)<\/td>\n<\/tr>\n<tr>\n<td>Rev\u00f3lver<\/td>\n<td>para 5 objetivos<\/td>\n<\/tr>\n<tr>\n<td>Distancia de trabajo, mm<\/td>\n<td>21 (4x)  5 (10x)  0,66 (40xs)  0,36 (100xs)  8,8 (20x)  0,465 (60xs)<\/td>\n<\/tr>\n<tr>\n<td>Distancia interpupilar, mm<\/td>\n<td>48 \u2014 75<\/td>\n<\/tr>\n<tr>\n<td>Platina, mm<\/td>\n<td>180&#215;150<\/td>\n<\/tr>\n<tr>\n<td>Rango de desplazamiento de la platina, mm<\/td>\n<td>75\/50<\/td>\n<\/tr>\n<tr>\n<td>Platina<\/td>\n<td>micr\u00f3metro mec\u00e1nico de dos ejes, sin cremallera de posicionamiento<\/td>\n<\/tr>\n<tr>\n<td>Ajuste di\u00f3ptrico<\/td>\n<td>\u00b15 (en el tubo izquierdo)<\/td>\n<\/tr>\n<tr>\n<td>Condensador<\/td>\n<td>condensador Abbe, N.A. 1,25, centro ajustable, ajustable en altura, diafragma de apertura ajustable, ranura para una placa de campo oscuro y una placa contraste de fases, montura de cola de milano<\/td>\n<\/tr>\n<tr>\n<td>Diafragma<\/td>\n<td>diafragma de apertura ajustable, diafragma de campo iris ajustable<\/td>\n<\/tr>\n<tr>\n<td>Enfoque<\/td>\n<td>coaxial, enfoque aproximado (21 mm, 39,8 mm\/c\u00edrculo, con mando de bloqueo y mando de ajuste de tensi\u00f3n) y enfoque preciso (0,002 mm)<\/td>\n<\/tr>\n<tr>\n<td>Iluminaci\u00f3n<\/td>\n<td>hal\u00f3gena<\/td>\n<\/tr>\n<tr>\n<td>Ajuste del brillo<\/td>\n<td>yes<\/td>\n<\/tr>\n<tr>\n<td>Alimentaci\u00f3n<\/td>\n<td>220\u00b122 V, 50 Hz, alimentaci\u00f3n de red de CA<\/td>\n<\/tr>\n<tr>\n<td>Tipo de fuente de iluminaci\u00f3n<\/td>\n<td>bombilla hal\u00f3gena 12 V\/30 W, G4 <\/td>\n<\/tr>\n<tr>\n<td>Filtros de luz<\/td>\n<td>s\u00ed<\/td>\n<\/tr>\n<tr>\n<td>Intervalo de temperatura de funcionamiento, \u00b0C<\/td>\n<td>5 \u2014 35<\/td>\n<\/tr>\n<tr>\n<td>Posibilidad de conectar accesorios<\/td>\n<td>dispositivo de contraste de fases (condensador y objetivos), condensador de campo oscuro (en seco o en aceite), dispositivos de polarizaci\u00f3n (polarizador y analizador)<\/td>\n<\/tr>\n<tr>\n<td>Nivel de usuario<\/td>\n<td>usuarios experimentados, profesionales<\/td>\n<\/tr>\n<tr>\n<td>Montaje y nivel de dificultad de instalaci\u00f3n<\/td>\n<td>complicado<\/td>\n<\/tr>\n<tr>\n<td>Aplicaci\u00f3n<\/td>\n<td>laboratorio\/m\u00e9dico<\/td>\n<\/tr>\n<tr>\n<td>Ubicaci\u00f3n de la iluminaci\u00f3n<\/td>\n<td>inferior<\/td>\n<\/tr>\n<tr>\n<td>M\u00e9todo de investigaci\u00f3n<\/td>\n<td>campo claro<\/td>\n<\/tr>\n<tr>\n<td>Funda\/malet\u00edn\/bolsa incluida en el kit<\/td>\n<td>cubierta protectora<\/td>\n<\/tr>\n<tr>\n<td>Peso, kg<\/td>\n<td>8<\/td>\n<\/tr>\n<tr>\n<td>Dimensiones, mm<\/td>\n<td>200x436x400<\/td>\n<\/tr>\n<\/tbody>\n<\/table>\n","protected":false},"excerpt":{"rendered":"<p>El microscopio biol\u00f3gico MAGUS Bio 250T es un instrumento profesional para observar muestras biol\u00f3gicas con luz transmitida. La t\u00e9cnica de observaci\u00f3n principal es la t\u00e9cnica de campo claro, que no requiere accesorios. Tambi\u00e9n se pueden utilizar las t\u00e9cnicas de campo oscuro, polarizaci\u00f3n y de contraste de fases, pero requieren accesorios de microscopio adicionales. Este microscopio es excelente para realizar trabajos de laboratorio y de investigaci\u00f3n en los sectores de la medicina, la industria farmac\u00e9utica, la medicina forense, la agricultura y otros campos.<\/p>\n","protected":false},"featured_media":82895,"template":"","meta":{"_exactmetrics_skip_tracking":false,"_exactmetrics_sitenote_active":false,"_exactmetrics_sitenote_note":"","_exactmetrics_sitenote_category":0},"product_brand":[],"product_cat":[597],"product_tag":[],"class_list":{"0":"post-84509","1":"product","2":"type-product","3":"status-publish","4":"has-post-thumbnail","6":"product_cat-campo-claro","7":"product_shipping_class-microscopio","9":"first","10":"instock","11":"taxable","12":"shipping-taxable","13":"purchasable","14":"product-type-simple"},"_links":{"self":[{"href":"https:\/\/microscopistas.com\/en\/wp-json\/wp\/v2\/product\/84509","targetHints":{"allow":["GET"]}}],"collection":[{"href":"https:\/\/microscopistas.com\/en\/wp-json\/wp\/v2\/product"}],"about":[{"href":"https:\/\/microscopistas.com\/en\/wp-json\/wp\/v2\/types\/product"}],"wp:featuredmedia":[{"embeddable":true,"href":"https:\/\/microscopistas.com\/en\/wp-json\/wp\/v2\/media\/82895"}],"wp:attachment":[{"href":"https:\/\/microscopistas.com\/en\/wp-json\/wp\/v2\/media?parent=84509"}],"wp:term":[{"taxonomy":"product_brand","embeddable":true,"href":"https:\/\/microscopistas.com\/en\/wp-json\/wp\/v2\/product_brand?post=84509"},{"taxonomy":"product_cat","embeddable":true,"href":"https:\/\/microscopistas.com\/en\/wp-json\/wp\/v2\/product_cat?post=84509"},{"taxonomy":"product_tag","embeddable":true,"href":"https:\/\/microscopistas.com\/en\/wp-json\/wp\/v2\/product_tag?post=84509"}],"curies":[{"name":"wp","href":"https:\/\/api.w.org\/{rel}","templated":true}]}}