{"id":84508,"date":"2024-07-29T18:28:35","date_gmt":"2024-07-29T16:28:35","guid":{"rendered":"http:\/\/microscopistas.com\/?post_type=product&#038;p=84508"},"modified":"2024-07-29T19:08:53","modified_gmt":"2024-07-29T17:08:53","slug":"microscopio-biologico-magus-bio-250bl","status":"publish","type":"product","link":"https:\/\/microscopistas.com\/en\/producto\/microscopio-biologico-magus-bio-250bl\/","title":{"rendered":"Microscopio biol\u00f3gico MAGUS Bio 250BL"},"content":{"rendered":"<p>El microscopio MAGUS Bio 250BL se puede utilizar para trabajos de laboratorio, investigaciones cient\u00edficas y ense\u00f1anza a estudiantes. Est\u00e1 dise\u00f1ado para observar secciones delgadas y frotis de muestras biol\u00f3gicas con luz transmitida. El principal m\u00e9todo de observaci\u00f3n es la t\u00e9cnica de campo claro, pero tambi\u00e9n es posible utilizar las t\u00e9cnicas de campo oscuro, polarizaci\u00f3n y contraste de fases (con accesorios adicionales).<\/p>\n<p><strong>\u00d3ptica<\/strong><\/p>\n<p>El microscopio viene acompa\u00f1ado de 4 objetivos plano acrom\u00e1ticos corregidos al infinito. Producen im\u00e1genes bien detalladas con una distorsi\u00f3n m\u00ednima. Los objetivos se montan en el rev\u00f3lver, que est\u00e1 dise\u00f1ado para contener 5 objetivos a la vez, quedando libre una posici\u00f3n. Esto permite utilizar un objetivo adicional para lograr un poder de aumento adicional dentro del rango de aumento. El rev\u00f3lver giratorio est\u00e1 orientado hacia el interior.<\/p>\n<p>La posici\u00f3n del cabezal del microscopio es c\u00f3moda para trabajos prolongados. La altura de los oculares se puede ajustar girando los tubos oculares 360\u00b0. El tubo izquierdo tiene un anillo de ajuste de las dioptr\u00edas y tambi\u00e9n admite montar en \u00e9l una c\u00e1mara digital (no incluida).<\/p>\n<p>El rango de aumento del microscopio es de 40x a 1000x. El l\u00edmite superior del rango se puede aumentar agregando oculares adicionales.<\/p>\n<p><strong>Iluminaci\u00f3n<\/strong><\/p>\n<p>Las l\u00e1mparas LED permiten cambiar el nivel de brillo sin cambiar la temperatura del color. La bombilla LED tiene una vida \u00fatil de 50.000 horas y una potencia de 3 W. El sistema de iluminaci\u00f3n requiere una fuente de alimentaci\u00f3n de 220 V para funcionar.<\/p>\n<p>El sistema de iluminaci\u00f3n tambi\u00e9n incluye un condensador Abbe con un diafragma de apertura y una ranura para placas deslizantes. La ranura permite instalar un control deslizante de campo oscuro o un control deslizante de fases. De esta forma el usuario puede cambiar m\u00e1s r\u00e1pidamente entre diferentes t\u00e9cnicas de observaci\u00f3n. El microscopio tambi\u00e9n est\u00e1 equipado con un diafragma de campo. Esto permite utilizar el sistema de iluminaci\u00f3n K\u00f6hler.<\/p>\n<p><strong>Platina y mecanismo de enfoque<\/strong> <\/p>\n<p>La principal caracter\u00edstica mec\u00e1nica del microscopio es su portaobjetos, que carece de cremallera de posicionamiento. Es f\u00e1cil de operar y su mecanismo requiere menos espacio. La muestra observada se puede mover mediante un micr\u00f3metro mec\u00e1nico extra\u00edble.<\/p>\n<p>Los mandos de enfoque est\u00e1n situados en la parte inferior, donde son m\u00e1s c\u00f3modos de usar: no es necesario mantener las manos en el aire, lo que le permite adoptar una postura relajada mientras trabaja. El mecanismo de enfoque aproximado tiene un mando de bloqueo y ajuste de tensi\u00f3n. Existe un mando de enfoque preciso. Los mandos est\u00e1n dispuestos coaxialmente a ambos lados del cuerpo del microscopio.<\/p>\n<p><strong>Accesorios<\/strong><\/p>\n<p>Si la potencia del microscopio es insuficiente, se puede aumentar con accesorios adicionales. El microscopio MAGUS Bio 250BL est\u00e1 disponible con oculares y objetivos opcionales, dispositivos de polarizaci\u00f3n, de contraste de fases y de campo oscuro, as\u00ed como c\u00e1maras digitales y portaobjetos de calibraci\u00f3n.<\/p>\n<p><strong>Caracter\u00edsticas principales:<\/strong><\/p>\n<ul>\n<li>Microscopio binocular, c\u00e1mara digital instalada en un tubo con ajuste de dioptr\u00edas<\/li>\n<li>Los tubos oculares se pueden girar 360\u00b0 para que se ajusten a la estatura del observador<\/li>\n<li>Observaciones con luz transmitida, el iluminador es un LED de 3 vatios de larga duraci\u00f3n<\/li>\n<li>Se puede configurar el sistema de iluminaci\u00f3n K\u00f6hler gracias a un condensador Abbe, ajustable en altura y en el centro, que est\u00e1 provisto de un diafragma de campo y un diafragma de apertura<\/li>\n<li>Posibilidad de instalar placas de campo de oscuro y de contraste de fases en una ranura del condensador<\/li>\n<li>Accesorios opcionales para mejorar el rendimiento del microscopio<\/li>\n<\/ul>\n<p><strong>El kit incluye:<\/strong><\/p>\n<ul>\n<li>Base con conexi\u00f3n el\u00e9ctrica, fuente de luz transmitida, mecanismo de enfoque, platina, soporte de condensadory rev\u00f3lver giratorio<\/li>\n<li>Condensador Abbe<\/li>\n<li>Cabezal binocular<\/li>\n<li>Objetivo plano acrom\u00e1tico corregido al infinito: 4x\/0,10<\/li>\n<li>Objetivo plano acrom\u00e1tico corregido al infinito: 10x\/0,25<\/li>\n<li>Objetivo plano acrom\u00e1tico corregido al infinito: 40x\/0,65 (con mecanismo de retracci\u00f3n)<\/li>\n<li>Objetivo plano acrom\u00e1tico corregido al infinito: 100x\/1,25 aceite (con mecanismo de retracci\u00f3n)<\/li>\n<li>Ocular de 10x\/22 mm con distancia de acomodaci\u00f3n ocular (2 unidades)<\/li>\n<li>Ojera (2 unidades)<\/li>\n<li>Filtro (4 unidades)<\/li>\n<li>Frasco del aceite de inmersi\u00f3n<\/li>\n<li>Cable de alimentaci\u00f3n CA<\/li>\n<li>Cubierta protectora<\/li>\n<li>Manual del usuario y tarjeta de garant\u00eda<\/li>\n<\/ul>\n<p><strong>Disponible bajo petici\u00f3n:<\/strong><\/p>\n<ul>\n<li>Ocular de 10x\/22 mm con escala<\/li>\n<li>Ocular de 12,5x\/14 mm (2 unidades)<\/li>\n<li>Ocular de 15x\/15 mm (2 unidades)<\/li>\n<li>Ocular de 20x\/12 mm (2 unidades)<\/li>\n<li>Ocular de 25x\/9 mm (2 unidades)<\/li>\n<li>Objetivo plano acrom\u00e1tico corregido al infinito: 20x\/0,40<\/li>\n<li>Objetivo plano acrom\u00e1tico corregido al infinito: 60x\/0,80 (con mecanismo de retracci\u00f3n)<\/li>\n<li>Dispositivo de contraste de fases<\/li>\n<li>Deslizador de fases<\/li>\n<li>Condensador de campo oscuro NA 0,9<\/li>\n<li>Condensador de campo oscuro de aceite NA 1,36\u20131,25<\/li>\n<li>Control deslizante de campo oscuro<\/li>\n<li>Dispositivos de polarizaci\u00f3n<\/li>\n<li>C\u00e1mara digital<\/li>\n<li>Portaobjetos de calibraci\u00f3n<\/li>\n<li>Adaptador de montura C<\/li>\n<li>Anillo adaptador<\/li>\n<li>Monitor LCD<\/li>\n<\/ul>\n<table>\n<tbody>\n<tr>\n<td>Marca<\/td>\n<td>MAGUS<\/td>\n<\/tr>\n<tr>\n<td>Garant\u00eda<\/td>\n<td>5 \u043b\u0435\u0442<\/td>\n<\/tr>\n<tr>\n<td>EAN<\/td>\n<td>5905555018041<\/td>\n<\/tr>\n<tr>\n<td>Tama\u00f1o de paquete (LxAn.xAl.)<\/td>\n<td>43x27x63 cm<\/td>\n<\/tr>\n<tr>\n<td>Peso del env\u00edo<\/td>\n<td>10 kg<\/td>\n<\/tr>\n<tr>\n<td>Tipo<\/td>\n<td>biol\u00f3gico, luz\/\u00f3ptico<\/td>\n<\/tr>\n<tr>\n<td>Cabezal<\/td>\n<td>binocular<\/td>\n<\/tr>\n<tr>\n<td>Boquilla<\/td>\n<td>cabezal Gemel (Siedentopf, rotaci\u00f3n de 360\u00b0)<\/td>\n<\/tr>\n<tr>\n<td>\u00c1ngulo de inclinaci\u00f3n de cabezal<\/td>\n<td>30\u00b0<\/td>\n<\/tr>\n<tr>\n<td>Ampliaci\u00f3n, x<\/td>\n<td>40\u20131000 configuraci\u00f3n b\u00e1sica (*opcional: 40\u20131200\/1250\/1500\/1600\/2000\/2500)<\/td>\n<\/tr>\n<tr>\n<td>Rango de ampliaci\u00f3n<\/td>\n<td>800x a 1280x<\/td>\n<\/tr>\n<tr>\n<td>Di\u00e1metro del tubo del ocular, mm<\/td>\n<td>30<\/td>\n<\/tr>\n<tr>\n<td>Oculares<\/td>\n<td>10\u0445\/22 mm, distancia de acomodaci\u00f3n ocular: 10 mm (*opcional: 10x\/22 mm con escala, 12,5x\/14  15x\/15  20x\/12  25x\/9)<\/td>\n<\/tr>\n<tr>\n<td>Objetivos<\/td>\n<td>plano acrom\u00e1ticos corregidos al infinito: 4x\/0,10  10x\/0,25  40xs\/0,65  100xs\/1,25 (aceite)  distancia parafocal: 45 mm (*opcional: 20x\/0,40  60\u0445s\/0,80)<\/td>\n<\/tr>\n<tr>\n<td>Rev\u00f3lver<\/td>\n<td>para 5 objetivos<\/td>\n<\/tr>\n<tr>\n<td>Distancia de trabajo, mm<\/td>\n<td>21 (4x)  5 (10x)  0,66 (40xs)  0,36 (100xs)  8,8 (20x)  0,465 (60xs)<\/td>\n<\/tr>\n<tr>\n<td>Distancia interpupilar, mm<\/td>\n<td>48 \u2014 75<\/td>\n<\/tr>\n<tr>\n<td>Platina, mm<\/td>\n<td>180&#215;150<\/td>\n<\/tr>\n<tr>\n<td>Rango de desplazamiento de la platina, mm<\/td>\n<td>75\/50<\/td>\n<\/tr>\n<tr>\n<td>Platina<\/td>\n<td>micr\u00f3metro mec\u00e1nico de dos ejes, sin cremallera de posicionamiento<\/td>\n<\/tr>\n<tr>\n<td>Ajuste di\u00f3ptrico<\/td>\n<td>\u00b15 (en el tubo izquierdo)<\/td>\n<\/tr>\n<tr>\n<td>Condensador<\/td>\n<td>condensador Abbe, N.A. 1,25, centro ajustable, ajustable en altura, diafragma de apertura ajustable, ranura para una placa de campo oscuro y una placa contraste de fases, montura de cola de milano<\/td>\n<\/tr>\n<tr>\n<td>Diafragma<\/td>\n<td>diafragma de apertura ajustable, diafragma de campo iris ajustable<\/td>\n<\/tr>\n<tr>\n<td>Enfoque<\/td>\n<td>coaxial, enfoque aproximado (21 mm, 39,8 mm\/c\u00edrculo, con mando de bloqueo y mando de ajuste de tensi\u00f3n) y enfoque preciso (0,002 mm)<\/td>\n<\/tr>\n<tr>\n<td>Iluminaci\u00f3n<\/td>\n<td>LED<\/td>\n<\/tr>\n<tr>\n<td>Ajuste del brillo<\/td>\n<td>yes<\/td>\n<\/tr>\n<tr>\n<td>Alimentaci\u00f3n<\/td>\n<td>220\u00b122 V, 50 Hz, alimentaci\u00f3n de red de CA<\/td>\n<\/tr>\n<tr>\n<td>Tipo de fuente de iluminaci\u00f3n<\/td>\n<td>LED de 3 W<\/td>\n<\/tr>\n<tr>\n<td>Filtros de luz<\/td>\n<td>s\u00ed<\/td>\n<\/tr>\n<tr>\n<td>Intervalo de temperatura de funcionamiento, \u00b0C<\/td>\n<td>5 \u2014 35<\/td>\n<\/tr>\n<tr>\n<td>Posibilidad de conectar accesorios<\/td>\n<td>dispositivo de contraste de fases (condensador y objetivos), condensador de campo oscuro (en seco o en aceite), dispositivos de polarizaci\u00f3n (polarizador y analizador)<\/td>\n<\/tr>\n<tr>\n<td>Nivel de usuario<\/td>\n<td>usuarios experimentados, profesionales<\/td>\n<\/tr>\n<tr>\n<td>Montaje y nivel de dificultad de instalaci\u00f3n<\/td>\n<td>complicado<\/td>\n<\/tr>\n<tr>\n<td>Aplicaci\u00f3n<\/td>\n<td>laboratorio\/m\u00e9dico<\/td>\n<\/tr>\n<tr>\n<td>Ubicaci\u00f3n de la iluminaci\u00f3n<\/td>\n<td>inferior<\/td>\n<\/tr>\n<tr>\n<td>M\u00e9todo de investigaci\u00f3n<\/td>\n<td>campo claro<\/td>\n<\/tr>\n<tr>\n<td>Funda\/malet\u00edn\/bolsa incluida en el kit<\/td>\n<td>cubierta protectora<\/td>\n<\/tr>\n<tr>\n<td>Peso, kg<\/td>\n<td>8<\/td>\n<\/tr>\n<tr>\n<td>Dimensiones, mm<\/td>\n<td>200x436x400<\/td>\n<\/tr>\n<\/tbody>\n<\/table>\n","protected":false},"excerpt":{"rendered":"<p>El microscopio MAGUS Bio 250BL se puede utilizar para trabajos de laboratorio, investigaciones cient\u00edficas y ense\u00f1anza a estudiantes. Est\u00e1 dise\u00f1ado para observar secciones delgadas y frotis de muestras biol\u00f3gicas con luz transmitida. El principal m\u00e9todo de observaci\u00f3n es la t\u00e9cnica de campo claro, pero tambi\u00e9n es posible utilizar las t\u00e9cnicas de campo oscuro, polarizaci\u00f3n y contraste de fases (con accesorios adicionales).<\/p>\n","protected":false},"featured_media":82892,"template":"","meta":{"_exactmetrics_skip_tracking":false,"_exactmetrics_sitenote_active":false,"_exactmetrics_sitenote_note":"","_exactmetrics_sitenote_category":0},"product_brand":[],"product_cat":[597],"product_tag":[],"class_list":{"0":"post-84508","1":"product","2":"type-product","3":"status-publish","4":"has-post-thumbnail","6":"product_cat-campo-claro","7":"product_shipping_class-microscopio","9":"first","10":"instock","11":"taxable","12":"shipping-taxable","13":"purchasable","14":"product-type-simple"},"_links":{"self":[{"href":"https:\/\/microscopistas.com\/en\/wp-json\/wp\/v2\/product\/84508","targetHints":{"allow":["GET"]}}],"collection":[{"href":"https:\/\/microscopistas.com\/en\/wp-json\/wp\/v2\/product"}],"about":[{"href":"https:\/\/microscopistas.com\/en\/wp-json\/wp\/v2\/types\/product"}],"wp:featuredmedia":[{"embeddable":true,"href":"https:\/\/microscopistas.com\/en\/wp-json\/wp\/v2\/media\/82892"}],"wp:attachment":[{"href":"https:\/\/microscopistas.com\/en\/wp-json\/wp\/v2\/media?parent=84508"}],"wp:term":[{"taxonomy":"product_brand","embeddable":true,"href":"https:\/\/microscopistas.com\/en\/wp-json\/wp\/v2\/product_brand?post=84508"},{"taxonomy":"product_cat","embeddable":true,"href":"https:\/\/microscopistas.com\/en\/wp-json\/wp\/v2\/product_cat?post=84508"},{"taxonomy":"product_tag","embeddable":true,"href":"https:\/\/microscopistas.com\/en\/wp-json\/wp\/v2\/product_tag?post=84508"}],"curies":[{"name":"wp","href":"https:\/\/api.w.org\/{rel}","templated":true}]}}