{"id":84507,"date":"2024-07-29T18:28:35","date_gmt":"2024-07-29T16:28:35","guid":{"rendered":"http:\/\/microscopistas.com\/?post_type=product&#038;p=84507"},"modified":"2024-07-29T19:08:23","modified_gmt":"2024-07-29T17:08:23","slug":"microscopio-biologico-magus-bio-250b","status":"publish","type":"product","link":"https:\/\/microscopistas.com\/en\/producto\/microscopio-biologico-magus-bio-250b\/","title":{"rendered":"Microscopio biol\u00f3gico MAGUS Bio 250B"},"content":{"rendered":"<p>El microscopio biol\u00f3gico MAGUS Bio 250B es un instrumento \u00f3ptico utilizado para estudiar objetos delgados transparentes y transl\u00facidos. La microscop\u00eda de campo claro con luz transmitida es la principal t\u00e9cnica de microscop\u00eda utilizada en este instrumento. El microscopio se puede equipar con accesorios adicionales para utilizar t\u00e9cnicas de campo oscuro, de contraste de fases y polarizaci\u00f3n. La \u00f3ptica de alta calidad junto con opciones adicionales para ampliar sus prestaciones, unos elementos mec\u00e1nicos f\u00e1ciles de usar y un dise\u00f1o inteligente hacen de este microscopio una excelente opci\u00f3n para el trabajo de laboratorio, la investigaci\u00f3n y la ense\u00f1anza.<\/p>\n<p><strong>\u00d3ptica<\/strong><\/p>\n<p>El cabezal binocular permite instalar una c\u00e1mara digital en uno de los tubos oculares (c\u00e1mara no incluida). Los tubos se pueden girar 360\u00b0 para obtener una posici\u00f3n c\u00f3moda que se ajuste a la estatura del observador. El anillo de ajuste de las dioptr\u00edas est\u00e1 ubicado en el tubo izquierdo.<\/p>\n<p>El rev\u00f3lver giratorio permite instalar 5 objetivos. El microscopio viene acompa\u00f1ado de objetivos plano acrom\u00e1ticos corregidos al infinito que proporcionan im\u00e1genes claras y de alto contraste en todo el campo de visi\u00f3n. Hay una posici\u00f3n libre en el rev\u00f3lver giratorio para instalar un objetivo adicional. El rev\u00f3lver giratorio con objetivos est\u00e1 orientado hacia el interior: el usuario puede ver los objetivos insertados en el camino \u00f3ptico y el espacio situado sobre la platina est\u00e1 libre.<\/p>\n<p>En su configuraci\u00f3n b\u00e1sica, la \u00f3ptica del microscopio proporciona un aumento de 40 a 1000x. Si es necesario, se pueden utilizar oculares adicionales para aumentar el l\u00edmite superior del rango de aumento.<\/p>\n<p><strong>Iluminaci\u00f3n<\/strong><\/p>\n<p>Fuente de luz: Bombilla hal\u00f3gena de 30 W. Proporciona una iluminaci\u00f3n uniforme y brillante de la muestra bajo cualquier objetivo y m\u00e9todo de observaci\u00f3n utilizados, incluidas las t\u00e9cnicas de campo oscuro y de contraste de fases. La iluminaci\u00f3n es c\u00e1lida, lo cual es c\u00f3modo para los ojos, por lo que no se cansar\u00e1n incluso cuando se trabaje con el microscopio durante largos per\u00edodos de tiempo.<\/p>\n<p>El condensador Abbe tiene una ranura para insertar un control deslizante de campo oscuro o un control deslizante de fases. El dise\u00f1o del condensador permite cambiar entre t\u00e9cnicas de investigaci\u00f3n de forma m\u00e1s f\u00e1cil y r\u00e1pida. El condensador es ajustable en altura y se puede centrar. El diafragma de campo permite configurar el sistema de iluminaci\u00f3n K\u00f6hler.<\/p>\n<p><strong>Platina y mecanismo de enfoque<\/strong> <\/p>\n<p>La platina est\u00e1 equipada con un micr\u00f3metro mec\u00e1nico, el cual se puede retirar para realizar una exploraci\u00f3n manual. No existe cremallera de posicionamiento, lo cual asegura un funcionamiento ergon\u00f3mico de la platina.<\/p>\n<p>El ajuste del enfoque se realiza mediante los mandos coaxiales de enfoque aproximado y preciso, situados a ambos lados del cuerpo del microscopio. El mecanismo de enfoque es fluido y preciso y no se requiere esfuerzo para girar los mandos. El mecanismo de enfoque aproximado tiene un mando de bloqueo y un mando de ajuste de la tensi\u00f3n. Los mandos de enfoque est\u00e1n situados en la parte inferior. Por ello, el usuario puede apoyar las manos sobre la mesa en lugar de mantener los brazos en el aire. Esto aumenta la comodidad en las sesiones de trabajo largas.<\/p>\n<p><strong>Accesorios<\/strong><\/p>\n<p>Una amplia gama de accesorios permite configurar el MAGUS Bio 250B de la forma m\u00e1s adecuada para el usuario. Est\u00e1n disponibles oculares, lentes, dispositivos de campo oscuro, contraste de fases y polarizaci\u00f3n, portaobjetos de calibraci\u00f3n y c\u00e1maras digitales.<\/p>\n<p><strong>Caracter\u00edsticas principales:<\/strong><\/p>\n<ul>\n<li>Objetivos plano acrom\u00e1ticos corregidos al infinito<\/li>\n<li>Cabezal binocular con posibilidad de instalar una c\u00e1mara digital en uno de los tubos oculares, ajuste de dioptr\u00edas en el tubo izquierdo<\/li>\n<li>La altura del cabezal binocular se puede ajustar girando los tubos oculares 360\u00b0<\/li>\n<li>Mandos coaxiales de enfoque aproximado y preciso, mando de bloqueo y de ajuste de la tensi\u00f3n del enfoque aproximado<\/li>\n<li>Diafragma de campo para configurar el sistema de iluminaci\u00f3n K\u00f6hler<\/li>\n<li>Ranura disponible en el condensador para instalar un control deslizante de campo oscuro o un control deslizante de fases<\/li>\n<li>L\u00e1mpara hal\u00f3gena de 30 W para trabajar con luz transmitida<\/li>\n<li>Posibilidad de instalar accesorios adicionales<\/li>\n<\/ul>\n<p><strong>El kit incluye:<\/strong><\/p>\n<ul>\n<li>Base con conexi\u00f3n el\u00e9ctrica, fuente de luz transmitida, mecanismo de enfoque, platina, soporte de condensadory rev\u00f3lver giratorio<\/li>\n<li>Condensador Abbe<\/li>\n<li>Cabezal binocular<\/li>\n<li>Objetivo plano acrom\u00e1tico corregido al infinito: 4x\/0,10<\/li>\n<li>Objetivo plano acrom\u00e1tico corregido al infinito: 10x\/0,25<\/li>\n<li>Objetivo plano acrom\u00e1tico corregido al infinito: 40x\/0,65 (con mecanismo de retracci\u00f3n)<\/li>\n<li>Objetivo plano acrom\u00e1tico corregido al infinito: 100x\/1,25 aceite (con mecanismo de retracci\u00f3n)<\/li>\n<li>Ocular de 10x\/22 mm con distancia de acomodaci\u00f3n ocular (2 unidades)<\/li>\n<li>Ojera (2 unidades)<\/li>\n<li>Filtro (4 unidades)<\/li>\n<li>Frasco del aceite de inmersi\u00f3n<\/li>\n<li>Cable de alimentaci\u00f3n CA<\/li>\n<li>Cubierta protectora<\/li>\n<li>Manual del usuario y tarjeta de garant\u00eda<\/li>\n<\/ul>\n<p><strong>Disponible bajo petici\u00f3n:<\/strong><\/p>\n<ul>\n<li>Ocular de 10x\/22 mm con escala<\/li>\n<li>Ocular de 12,5x\/14 mm (2 unidades)<\/li>\n<li>Ocular de 15x\/15 mm (2 unidades)<\/li>\n<li>Ocular de 20x\/12 mm (2 unidades)<\/li>\n<li>Ocular de 25x\/9 mm (2 unidades)<\/li>\n<li>Objetivo plano acrom\u00e1tico corregido al infinito: 20x\/0,40<\/li>\n<li>Objetivo plano acrom\u00e1tico corregido al infinito: 60x\/0,80 (con mecanismo de retracci\u00f3n)<\/li>\n<li>Dispositivo de contraste de fases<\/li>\n<li>Deslizador de fases<\/li>\n<li>Condensador de campo oscuro NA 0,9<\/li>\n<li>Condensador de campo oscuro de aceite NA 1,36\u20131,25<\/li>\n<li>Control deslizante de campo oscuro<\/li>\n<li>Dispositivos de polarizaci\u00f3n<\/li>\n<li>C\u00e1mara digital<\/li>\n<li>Portaobjetos de calibraci\u00f3n<\/li>\n<li>Adaptador de montura C<\/li>\n<li>Anillo adaptador<\/li>\n<li>Monitor LCD<\/li>\n<\/ul>\n<table>\n<tbody>\n<tr>\n<td>Marca<\/td>\n<td>MAGUS<\/td>\n<\/tr>\n<tr>\n<td>Garant\u00eda<\/td>\n<td>5 \u043b\u0435\u0442<\/td>\n<\/tr>\n<tr>\n<td>EAN<\/td>\n<td>5905555018003<\/td>\n<\/tr>\n<tr>\n<td>Tama\u00f1o de paquete (LxAn.xAl.)<\/td>\n<td>43x27x63 cm<\/td>\n<\/tr>\n<tr>\n<td>Peso del env\u00edo<\/td>\n<td>10 kg<\/td>\n<\/tr>\n<tr>\n<td>Tipo<\/td>\n<td>biol\u00f3gico, luz\/\u00f3ptico<\/td>\n<\/tr>\n<tr>\n<td>Cabezal<\/td>\n<td>binocular<\/td>\n<\/tr>\n<tr>\n<td>Boquilla<\/td>\n<td>cabezal Gemel (Siedentopf, rotaci\u00f3n de 360\u00b0)<\/td>\n<\/tr>\n<tr>\n<td>\u00c1ngulo de inclinaci\u00f3n de cabezal<\/td>\n<td>30\u00b0<\/td>\n<\/tr>\n<tr>\n<td>Ampliaci\u00f3n, x<\/td>\n<td>40\u20131000 configuraci\u00f3n b\u00e1sica (*opcional: 40\u20131200\/1250\/1500\/1600\/2000\/2500)<\/td>\n<\/tr>\n<tr>\n<td>Rango de ampliaci\u00f3n<\/td>\n<td>800x a 1280x<\/td>\n<\/tr>\n<tr>\n<td>Di\u00e1metro del tubo del ocular, mm<\/td>\n<td>30<\/td>\n<\/tr>\n<tr>\n<td>Oculares<\/td>\n<td>10\u0445\/22 mm, distancia de acomodaci\u00f3n ocular: 10 mm (*opcional: 10x\/22 mm con escala, 12,5x\/14  15x\/15  20x\/12  25x\/9)<\/td>\n<\/tr>\n<tr>\n<td>Objetivos<\/td>\n<td>plano acrom\u00e1ticos corregidos al infinito: 4x\/0,10  10x\/0,25  40xs\/0,65  100xs\/1,25 (aceite)  distancia parafocal: 45 mm (*opcional: 20x\/0,40  60\u0445s\/0,80)<\/td>\n<\/tr>\n<tr>\n<td>Rev\u00f3lver<\/td>\n<td>para 5 objetivos<\/td>\n<\/tr>\n<tr>\n<td>Distancia de trabajo, mm<\/td>\n<td>21 (4x)  5 (10x)  0,66 (40xs)  0,36 (100xs)  8,8 (20x)  0,465 (60xs)<\/td>\n<\/tr>\n<tr>\n<td>Distancia interpupilar, mm<\/td>\n<td>48 \u2014 75<\/td>\n<\/tr>\n<tr>\n<td>Platina, mm<\/td>\n<td>180&#215;150<\/td>\n<\/tr>\n<tr>\n<td>Rango de desplazamiento de la platina, mm<\/td>\n<td>75\/50<\/td>\n<\/tr>\n<tr>\n<td>Platina<\/td>\n<td>micr\u00f3metro mec\u00e1nico de dos ejes, sin cremallera de posicionamiento<\/td>\n<\/tr>\n<tr>\n<td>Ajuste di\u00f3ptrico<\/td>\n<td>\u00b15 (en el tubo izquierdo)<\/td>\n<\/tr>\n<tr>\n<td>Condensador<\/td>\n<td>condensador Abbe, N.A. 1,25, centro ajustable, ajustable en altura, diafragma de apertura ajustable, ranura para una placa de campo oscuro y una placa contraste de fases, montura de cola de milano<\/td>\n<\/tr>\n<tr>\n<td>Diafragma<\/td>\n<td>diafragma de apertura ajustable, diafragma de campo iris ajustable<\/td>\n<\/tr>\n<tr>\n<td>Enfoque<\/td>\n<td>coaxial, enfoque aproximado (21 mm, 39,8 mm\/c\u00edrculo, con mando de bloqueo y mando de ajuste de tensi\u00f3n) y enfoque preciso (0,002 mm)<\/td>\n<\/tr>\n<tr>\n<td>Iluminaci\u00f3n<\/td>\n<td>hal\u00f3gena<\/td>\n<\/tr>\n<tr>\n<td>Ajuste del brillo<\/td>\n<td>yes<\/td>\n<\/tr>\n<tr>\n<td>Alimentaci\u00f3n<\/td>\n<td>220\u00b122 V, 50 Hz, alimentaci\u00f3n de red de CA<\/td>\n<\/tr>\n<tr>\n<td>Tipo de fuente de iluminaci\u00f3n<\/td>\n<td>bombilla hal\u00f3gena 12 V\/30 W, G4 <\/td>\n<\/tr>\n<tr>\n<td>Filtros de luz<\/td>\n<td>s\u00ed<\/td>\n<\/tr>\n<tr>\n<td>Intervalo de temperatura de funcionamiento, \u00b0C<\/td>\n<td>5 \u2014 35<\/td>\n<\/tr>\n<tr>\n<td>Posibilidad de conectar accesorios<\/td>\n<td>dispositivo de contraste de fases (condensador y objetivos), condensador de campo oscuro (en seco o en aceite), dispositivos de polarizaci\u00f3n (polarizador y analizador)<\/td>\n<\/tr>\n<tr>\n<td>Nivel de usuario<\/td>\n<td>usuarios experimentados, profesionales<\/td>\n<\/tr>\n<tr>\n<td>Montaje y nivel de dificultad de instalaci\u00f3n<\/td>\n<td>complicado<\/td>\n<\/tr>\n<tr>\n<td>Aplicaci\u00f3n<\/td>\n<td>laboratorio\/m\u00e9dico<\/td>\n<\/tr>\n<tr>\n<td>Ubicaci\u00f3n de la iluminaci\u00f3n<\/td>\n<td>inferior<\/td>\n<\/tr>\n<tr>\n<td>M\u00e9todo de investigaci\u00f3n<\/td>\n<td>campo claro<\/td>\n<\/tr>\n<tr>\n<td>Funda\/malet\u00edn\/bolsa incluida en el kit<\/td>\n<td>cubierta protectora<\/td>\n<\/tr>\n<tr>\n<td>Peso, kg<\/td>\n<td>8<\/td>\n<\/tr>\n<tr>\n<td>Dimensiones, mm<\/td>\n<td>200x436x400<\/td>\n<\/tr>\n<\/tbody>\n<\/table>\n","protected":false},"excerpt":{"rendered":"<p>El microscopio biol\u00f3gico MAGUS Bio 250B es un instrumento \u00f3ptico utilizado para estudiar objetos delgados transparentes y transl\u00facidos. La microscop\u00eda de campo claro con luz transmitida es la principal t\u00e9cnica de microscop\u00eda utilizada en este instrumento. El microscopio se puede equipar con accesorios adicionales para utilizar t\u00e9cnicas de campo oscuro, de contraste de fases y polarizaci\u00f3n. La \u00f3ptica de alta calidad junto con opciones adicionales para ampliar sus prestaciones, unos elementos mec\u00e1nicos f\u00e1ciles de usar y un dise\u00f1o inteligente hacen de este microscopio una excelente opci\u00f3n para el trabajo de laboratorio, la investigaci\u00f3n y la ense\u00f1anza.<\/p>\n","protected":false},"featured_media":82889,"template":"","meta":{"_exactmetrics_skip_tracking":false,"_exactmetrics_sitenote_active":false,"_exactmetrics_sitenote_note":"","_exactmetrics_sitenote_category":0},"product_brand":[],"product_cat":[597],"product_tag":[],"class_list":{"0":"post-84507","1":"product","2":"type-product","3":"status-publish","4":"has-post-thumbnail","6":"product_cat-campo-claro","7":"product_shipping_class-microscopio","9":"first","10":"instock","11":"taxable","12":"shipping-taxable","13":"purchasable","14":"product-type-simple"},"_links":{"self":[{"href":"https:\/\/microscopistas.com\/en\/wp-json\/wp\/v2\/product\/84507","targetHints":{"allow":["GET"]}}],"collection":[{"href":"https:\/\/microscopistas.com\/en\/wp-json\/wp\/v2\/product"}],"about":[{"href":"https:\/\/microscopistas.com\/en\/wp-json\/wp\/v2\/types\/product"}],"wp:featuredmedia":[{"embeddable":true,"href":"https:\/\/microscopistas.com\/en\/wp-json\/wp\/v2\/media\/82889"}],"wp:attachment":[{"href":"https:\/\/microscopistas.com\/en\/wp-json\/wp\/v2\/media?parent=84507"}],"wp:term":[{"taxonomy":"product_brand","embeddable":true,"href":"https:\/\/microscopistas.com\/en\/wp-json\/wp\/v2\/product_brand?post=84507"},{"taxonomy":"product_cat","embeddable":true,"href":"https:\/\/microscopistas.com\/en\/wp-json\/wp\/v2\/product_cat?post=84507"},{"taxonomy":"product_tag","embeddable":true,"href":"https:\/\/microscopistas.com\/en\/wp-json\/wp\/v2\/product_tag?post=84507"}],"curies":[{"name":"wp","href":"https:\/\/api.w.org\/{rel}","templated":true}]}}