{"id":831,"date":"2021-02-05T18:07:58","date_gmt":"2021-02-05T17:07:58","guid":{"rendered":"http:\/\/microscopistas.com\/?post_type=product&#038;p=831"},"modified":"2021-03-25T13:01:55","modified_gmt":"2021-03-25T12:01:55","slug":"fuente-alimentacion-axioskop-50","status":"publish","type":"product","link":"https:\/\/microscopistas.com\/en\/producto\/fuente-alimentacion-axioskop-50\/","title":{"rendered":"Fuente alimentaci\u00f3n microscopio Zeiss Axioskop 50"},"content":{"rendered":"<div>Fuente de alimentaci\u00f3n para Zeiss Axioskop 50<\/div>\n<div>P\/N 451485-9001<\/div>\n<div>Con envoltorio pl\u00e1stico, interruptor de encendido y potenci\u00f3metro de regulaci\u00f3n de brillo.<\/div>\n<div>Funcionando correctamente.<\/div>\n<div>Muy f\u00e1cil montaje. Para cualquier duda, consultar.<\/div>\n","protected":false},"excerpt":{"rendered":"<p>Fuente de alimentaci\u00f3n para Zeiss Axioskop 50<\/p>\n<p>Axioskop 50 power supply.<\/p>\n","protected":false},"featured_media":832,"template":"","meta":{"_exactmetrics_skip_tracking":false,"_exactmetrics_sitenote_active":false,"_exactmetrics_sitenote_note":"","_exactmetrics_sitenote_category":0},"product_brand":[],"product_cat":[18],"product_tag":[89,93,95,94],"class_list":{"0":"post-831","1":"product","2":"type-product","3":"status-publish","4":"has-post-thumbnail","6":"product_cat-zeiss","7":"product_tag-axioskop","8":"product_tag-axioskop-power-supply","9":"product_tag-fuente-alimentacion-axioskop","10":"product_tag-zeis-axioscop","11":"product_shipping_class-pieza-mediana","13":"first","14":"outofstock","15":"sold-individually","16":"taxable","17":"shipping-taxable","18":"purchasable","19":"product-type-simple"},"_links":{"self":[{"href":"https:\/\/microscopistas.com\/en\/wp-json\/wp\/v2\/product\/831","targetHints":{"allow":["GET"]}}],"collection":[{"href":"https:\/\/microscopistas.com\/en\/wp-json\/wp\/v2\/product"}],"about":[{"href":"https:\/\/microscopistas.com\/en\/wp-json\/wp\/v2\/types\/product"}],"wp:featuredmedia":[{"embeddable":true,"href":"https:\/\/microscopistas.com\/en\/wp-json\/wp\/v2\/media\/832"}],"wp:attachment":[{"href":"https:\/\/microscopistas.com\/en\/wp-json\/wp\/v2\/media?parent=831"}],"wp:term":[{"taxonomy":"product_brand","embeddable":true,"href":"https:\/\/microscopistas.com\/en\/wp-json\/wp\/v2\/product_brand?post=831"},{"taxonomy":"product_cat","embeddable":true,"href":"https:\/\/microscopistas.com\/en\/wp-json\/wp\/v2\/product_cat?post=831"},{"taxonomy":"product_tag","embeddable":true,"href":"https:\/\/microscopistas.com\/en\/wp-json\/wp\/v2\/product_tag?post=831"}],"curies":[{"name":"wp","href":"https:\/\/api.w.org\/{rel}","templated":true}]}}