{"id":825,"date":"2021-02-05T18:00:44","date_gmt":"2021-02-05T17:00:44","guid":{"rendered":"http:\/\/microscopistas.com\/?post_type=product&#038;p=825"},"modified":"2021-06-06T11:58:00","modified_gmt":"2021-06-06T09:58:00","slug":"cabezal-trinocular-zeiss-452910","status":"publish","type":"product","link":"https:\/\/microscopistas.com\/en\/producto\/cabezal-trinocular-zeiss-452910\/","title":{"rendered":"Cabezal trinocular Zeiss 452910"},"content":{"rendered":"<p>Cabezal trinocular para microscopio Zeiss Axioskop.<\/p>\n<div>Parte n\u00famero 45 29 10 (01)<\/div>\n<div>Con salida para solo observaci\u00f3n, s\u00f3lo c\u00e1mara u observaci\u00f3n\/c\u00e1mara 30\/70<\/div>\n<div>En buen estado.<\/div>\n","protected":false},"excerpt":{"rendered":"<p>Cabezal trinocular para microscopio Zeiss Axioscop.<\/p>\n<p>Usado. Buen estado.<\/p>\n","protected":false},"featured_media":826,"template":"","meta":{"_exactmetrics_skip_tracking":false,"_exactmetrics_sitenote_active":false,"_exactmetrics_sitenote_note":"","_exactmetrics_sitenote_category":0},"product_brand":[],"product_cat":[18],"product_tag":[91,92],"class_list":{"0":"post-825","1":"product","2":"type-product","3":"status-publish","4":"has-post-thumbnail","6":"product_cat-zeiss","7":"product_tag-axioskop-cabezal","8":"product_tag-axioskop-head","9":"product_shipping_class-pieza-mediana","11":"first","12":"outofstock","13":"sold-individually","14":"taxable","15":"shipping-taxable","16":"product-type-simple"},"_links":{"self":[{"href":"https:\/\/microscopistas.com\/en\/wp-json\/wp\/v2\/product\/825","targetHints":{"allow":["GET"]}}],"collection":[{"href":"https:\/\/microscopistas.com\/en\/wp-json\/wp\/v2\/product"}],"about":[{"href":"https:\/\/microscopistas.com\/en\/wp-json\/wp\/v2\/types\/product"}],"wp:featuredmedia":[{"embeddable":true,"href":"https:\/\/microscopistas.com\/en\/wp-json\/wp\/v2\/media\/826"}],"wp:attachment":[{"href":"https:\/\/microscopistas.com\/en\/wp-json\/wp\/v2\/media?parent=825"}],"wp:term":[{"taxonomy":"product_brand","embeddable":true,"href":"https:\/\/microscopistas.com\/en\/wp-json\/wp\/v2\/product_brand?post=825"},{"taxonomy":"product_cat","embeddable":true,"href":"https:\/\/microscopistas.com\/en\/wp-json\/wp\/v2\/product_cat?post=825"},{"taxonomy":"product_tag","embeddable":true,"href":"https:\/\/microscopistas.com\/en\/wp-json\/wp\/v2\/product_tag?post=825"}],"curies":[{"name":"wp","href":"https:\/\/api.w.org\/{rel}","templated":true}]}}