{"id":675,"date":"2020-12-31T17:16:52","date_gmt":"2020-12-31T16:16:52","guid":{"rendered":"http:\/\/microscopistas.com\/?post_type=product&#038;p=675"},"modified":"2024-07-14T17:02:10","modified_gmt":"2024-07-14T15:02:10","slug":"zeiss-axioskop","status":"publish","type":"product","link":"https:\/\/microscopistas.com\/en\/producto\/zeiss-axioskop\/","title":{"rendered":"Zeiss Axioskop"},"content":{"rendered":"<div>Microscopio Zeiss Axioskop para luz trasmitida y reflejada.<\/div>\n<div><\/div>\n<div>Usado. Buen estado.<\/div>\n<div><\/div>\n<div>Esta compuesto por:<\/div>\n<div><\/div>\n<div>Cabezal Zeiss trinocular 45 29 14 (100% oculares o 100% fototubo)<\/div>\n<div>Oculares con graduaci\u00f3n de dioptr\u00edas Pl 10x\/20 para uso con gafas 44 40 32<\/div>\n<div>Objetivo Zeiss ACHROSTIGMAT 20x\/0,65 inf. RMS\u00a0 44 01 40<\/div>\n<div>Objetivo Zeiss ACHROSTIGMAT 100x\/1,25 inf. oil RMS 44 02 80<\/div>\n<div>Condensador abatible 0,9 NA Zeiss 44 52 30<\/div>\n<div>Platina X-Y Zeiss 45 35 22<\/div>\n<div>Iluminador con l\u00e1mpara de 50w conectado al microscopio<\/div>\n<div>Deslizador para iluminaci\u00f3n vertical\/fluorescencia de tres posiciones Zeiss 44 63 21<\/div>\n<div><\/div>\n<div><\/div>\n<div>Microscopio muy robusto con grandes posibilidades de ampliaci\u00f3n a casi todas las t\u00e9cnicas de contraste. Con gran n\u00famero de accesorios disponibles en ebay.<\/div>\n<div>El deslizador para la iluminaci\u00f3n vertical est\u00e1 equipado con prisma y filtros para iluminaci\u00f3n reflejada en campo claro.<\/div>\n<div>Iluminaci\u00f3n hal\u00f3gena de 50w conectada al microscopio. K\u00f6hler. Podr\u00eda ponerse l\u00e1mpara de 100w con una fuente de alimentaci\u00f3n exterior (no incluida).<\/div>\n<div>Diafragma centrable para luz reflejada.<\/div>\n<div>Deslizador y filtro azul para luz reflejada.<\/div>\n<div><\/div>\n<div>Se puede entregar con otras configuraciones de cabezal, objetivos, condensador, etc.<\/div>\n","protected":false},"excerpt":{"rendered":"<p>Microscopio Zeiss Axioskop para luz transmitida y reflejada. Usado. Buen estado.<\/p>\n","protected":false},"featured_media":677,"template":"","meta":{"_exactmetrics_skip_tracking":false,"_exactmetrics_sitenote_active":false,"_exactmetrics_sitenote_note":"","_exactmetrics_sitenote_category":0},"product_brand":[],"product_cat":[18,596],"product_tag":[36,38],"class_list":{"0":"post-675","1":"product","2":"type-product","3":"status-publish","4":"has-post-thumbnail","6":"product_cat-zeiss","7":"product_cat-microscopios-usados","8":"product_tag-microscopio","9":"product_tag-zeiss-axioskop","10":"product_shipping_class-microscopio","12":"first","13":"outofstock","14":"sold-individually","15":"taxable","16":"shipping-taxable","17":"purchasable","18":"product-type-simple"},"_links":{"self":[{"href":"https:\/\/microscopistas.com\/en\/wp-json\/wp\/v2\/product\/675","targetHints":{"allow":["GET"]}}],"collection":[{"href":"https:\/\/microscopistas.com\/en\/wp-json\/wp\/v2\/product"}],"about":[{"href":"https:\/\/microscopistas.com\/en\/wp-json\/wp\/v2\/types\/product"}],"wp:featuredmedia":[{"embeddable":true,"href":"https:\/\/microscopistas.com\/en\/wp-json\/wp\/v2\/media\/677"}],"wp:attachment":[{"href":"https:\/\/microscopistas.com\/en\/wp-json\/wp\/v2\/media?parent=675"}],"wp:term":[{"taxonomy":"product_brand","embeddable":true,"href":"https:\/\/microscopistas.com\/en\/wp-json\/wp\/v2\/product_brand?post=675"},{"taxonomy":"product_cat","embeddable":true,"href":"https:\/\/microscopistas.com\/en\/wp-json\/wp\/v2\/product_cat?post=675"},{"taxonomy":"product_tag","embeddable":true,"href":"https:\/\/microscopistas.com\/en\/wp-json\/wp\/v2\/product_tag?post=675"}],"curies":[{"name":"wp","href":"https:\/\/api.w.org\/{rel}","templated":true}]}}