{"id":2193,"date":"2022-11-14T19:25:21","date_gmt":"2022-11-14T18:25:21","guid":{"rendered":"http:\/\/microscopistas.com\/?post_type=product&#038;p=2193"},"modified":"2022-12-16T09:14:23","modified_gmt":"2022-12-16T08:14:23","slug":"microscopio-trinocular-metalografico-olympus-bx40-visor-dual","status":"publish","type":"product","link":"https:\/\/microscopistas.com\/en\/producto\/microscopio-trinocular-metalografico-olympus-bx40-visor-dual\/","title":{"rendered":"Microscopio Trinocular Metalogr\u00e1fico Olympus BX40 Visor Dual"},"content":{"rendered":"<p>Microscopio metalogr\u00e1fico o para materiales Olympus BX40 con visor dual para discusi\u00f3n o ense\u00f1anza. Con cabezal principal trinocular, oculares de 10x\/22. Cabezal secundario binocular con oculares 10x\/20. Iluminador Olympus U-RLA para campo claro y campo oscuro. Objetivos Olympus MPlan 10x, MPlan 50x, MPlan 100x. Tambi\u00e9n para luz transmitida. Condensador 1,25. Posibilidad de otras configuraciones. Consultar sin compromiso.<\/p>\n","protected":false},"excerpt":{"rendered":"<p>Microscopio metalogr\u00e1fico o para materiales Olympus BX40 con visor dual para discusi\u00f3n o ense\u00f1anza. Con cabezal principal trinocular, oculares de 10x\/22. Cabezal secundario binocular con oculares 10x\/20. Iluminador Olympus U-RLA para campo claro y campo oscuro. Objetivos Olympus MPlan 10x, MPlan 50x, MPlan 100x. Tambi\u00e9n para luz transmitida. Condensador 1,25. Posibilidad de otras configuraciones. Consultar sin compromiso.<\/p>\n","protected":false},"featured_media":2194,"template":"","meta":{"_exactmetrics_skip_tracking":false,"_exactmetrics_sitenote_active":false,"_exactmetrics_sitenote_note":"","_exactmetrics_sitenote_category":0},"product_brand":[],"product_cat":[29],"product_tag":[],"class_list":{"0":"post-2193","1":"product","2":"type-product","3":"status-publish","4":"has-post-thumbnail","6":"product_cat-olympus","7":"product_shipping_class-microscopio","9":"first","10":"outofstock","11":"sale","12":"taxable","13":"shipping-taxable","14":"purchasable","15":"product-type-simple"},"_links":{"self":[{"href":"https:\/\/microscopistas.com\/en\/wp-json\/wp\/v2\/product\/2193","targetHints":{"allow":["GET"]}}],"collection":[{"href":"https:\/\/microscopistas.com\/en\/wp-json\/wp\/v2\/product"}],"about":[{"href":"https:\/\/microscopistas.com\/en\/wp-json\/wp\/v2\/types\/product"}],"wp:featuredmedia":[{"embeddable":true,"href":"https:\/\/microscopistas.com\/en\/wp-json\/wp\/v2\/media\/2194"}],"wp:attachment":[{"href":"https:\/\/microscopistas.com\/en\/wp-json\/wp\/v2\/media?parent=2193"}],"wp:term":[{"taxonomy":"product_brand","embeddable":true,"href":"https:\/\/microscopistas.com\/en\/wp-json\/wp\/v2\/product_brand?post=2193"},{"taxonomy":"product_cat","embeddable":true,"href":"https:\/\/microscopistas.com\/en\/wp-json\/wp\/v2\/product_cat?post=2193"},{"taxonomy":"product_tag","embeddable":true,"href":"https:\/\/microscopistas.com\/en\/wp-json\/wp\/v2\/product_tag?post=2193"}],"curies":[{"name":"wp","href":"https:\/\/api.w.org\/{rel}","templated":true}]}}